{"id":1115,"date":"2018-12-29T09:56:19","date_gmt":"2018-12-29T07:56:19","guid":{"rendered":"https:\/\/www.flowersofsoul.com\/m\/?post_type=product&#038;p=1115"},"modified":"2024-09-16T16:39:34","modified_gmt":"2024-09-16T13:39:34","slug":"coronita-din-brad-cu-lumanare-din-ceara-de-soia-2","status":"publish","type":"product","link":"https:\/\/www.flowersofsoul.com\/m\/produs\/coronita-din-brad-cu-lumanare-din-ceara-de-soia-2\/","title":{"rendered":"Coroni\u021b\u0103 din brad natural cu lum\u00e2nare din cear\u0103 de soia &#8211; Anason \u0219i cui\u0219oare"},"content":{"rendered":"<p>Coroni\u021b\u0103 lucrat\u0103 manual, cu stelu\u021be din scoar\u021b\u0103 de mesteac\u0103n \u0219i lum\u00e2nare parfumat\u0103 din cear\u0103 de soia, 100% natural\u0103, turnat\u0103 manual.<br \/>\nCeara de soia nu este cancerigen\u0103 \u0219i nu eman\u0103 compu\u0219i toxici \u00een timpul arderii. Este un produs ecologic. Fitilul din fibre de in \u0219i bumbac este conceput special pentru ceara vegetal\u0103.<br \/>\n&#8211; Coroni\u021b\u0103: aproximativ 25cm diametru exterior.<br \/>\n&#8211; Greutate net\u0103 lum\u00e2nare: 160 gr.<\/p>\n<p><strong>Cump\u0103rarea unui produs presupune c\u0103 a\u021bi citit \u0219i sunte\u021bi de acord cu termenii \u0219i condi\u021biile prezentate pe acest site.<\/strong><\/p>\n","protected":false},"excerpt":{"rendered":"<p>TVA inclus.<br \/>\nLivrare \u00een 1-2 zile.<br \/>\nLivr\u0103m \u00een toat\u0103 \u021bara.<br \/>\nPentru comenzi mai mari de 300 lei, livrarea este gratuit\u0103 \u00een Bucure\u0219ti.<br \/>\nLivr\u0103m personal la adresa stabilit\u0103.<br \/>\nConfirmare de livrare prin SMS.<br \/>\nFelicitare cadou.<\/p>\n","protected":false},"featured_media":1122,"template":"","meta":[],"product_brand":[],"product_cat":[37],"product_tag":[],"class_list":{"0":"post-1115","1":"product","2":"type-product","3":"status-publish","4":"has-post-thumbnail","6":"product_cat-craciun-sarbatori","8":"first","9":"instock","10":"shipping-taxable","11":"purchasable","12":"product-type-variable"},"_links":{"self":[{"href":"https:\/\/www.flowersofsoul.com\/m\/wp-json\/wp\/v2\/product\/1115","targetHints":{"allow":["GET"]}}],"collection":[{"href":"https:\/\/www.flowersofsoul.com\/m\/wp-json\/wp\/v2\/product"}],"about":[{"href":"https:\/\/www.flowersofsoul.com\/m\/wp-json\/wp\/v2\/types\/product"}],"wp:featuredmedia":[{"embeddable":true,"href":"https:\/\/www.flowersofsoul.com\/m\/wp-json\/wp\/v2\/media\/1122"}],"wp:attachment":[{"href":"https:\/\/www.flowersofsoul.com\/m\/wp-json\/wp\/v2\/media?parent=1115"}],"wp:term":[{"taxonomy":"product_brand","embeddable":true,"href":"https:\/\/www.flowersofsoul.com\/m\/wp-json\/wp\/v2\/product_brand?post=1115"},{"taxonomy":"product_cat","embeddable":true,"href":"https:\/\/www.flowersofsoul.com\/m\/wp-json\/wp\/v2\/product_cat?post=1115"},{"taxonomy":"product_tag","embeddable":true,"href":"https:\/\/www.flowersofsoul.com\/m\/wp-json\/wp\/v2\/product_tag?post=1115"}],"curies":[{"name":"wp","href":"https:\/\/api.w.org\/{rel}","templated":true}]}}