{"id":12064,"date":"2021-04-15T20:06:49","date_gmt":"2021-04-15T17:06:49","guid":{"rendered":"https:\/\/www.flowersofsoul.com\/m\/?post_type=product&#038;p=12064"},"modified":"2026-04-02T15:29:42","modified_gmt":"2026-04-02T12:29:42","slug":"aranjament-floral-pentru-masa-cuib-de-randunica","status":"publish","type":"product","link":"https:\/\/www.flowersofsoul.com\/m\/produs\/aranjament-floral-pentru-masa-cuib-de-randunica\/","title":{"rendered":"Aranjament floral pentru mas\u0103 &#8222;Cuib de r\u00e2ndunic\u0103&#8221;"},"content":{"rendered":"<p>Aranjament floral realizat pe suport cu burete floral (burete special cu ap\u0103), alc\u0103tuit din ranunculus galben, bulbi de narcise, ou\u0103 de prepeli\u021b\u0103, pene, crengu\u021be naturale, salcie \u0219i alte materiale.<br \/>\nDimensiune aranjament: aproximativ 35cm diametru.<br \/>\nNarcisele pot fi albe sau galbene, \u00een func\u021bie de disponibilitate. Recomand\u0103m pulverizarea cu ap\u0103 a bulbilor.<br \/>\nOu\u0103le ro\u0219ii nu sunt incluse \u00een pre\u021b.<br \/>\nRecomand\u0103m plasarea comenzii cu 7 zile \u00een avans. Lucr\u0103m doar pe baz\u0103 de comand\u0103 pentru a oferi cele mai proaspete flori.<\/p>\n<p><strong>Cump\u0103rarea unui produs presupune c\u0103 a\u021bi citit \u0219i sunte\u021bi de acord cu termenii \u0219i condi\u021biile prezentate pe acest site.<\/strong><\/p>\n","protected":false},"excerpt":{"rendered":"<p>TVA inclus<br \/>\nDisponibil doar la comand\u0103.<br \/>\nLivr\u0103m doar \u00een Bucure\u0219ti \u0219i Ilfov.<br \/>\nPentru comenzi mai mari de 300 lei, livrarea este gratuit\u0103 \u00een Bucure\u0219ti.<br \/>\nLivr\u0103m personal la adresa stabilit\u0103.<br \/>\nConfirmare de livrare prin SMS.<br \/>\nFelicitare \u0219i pung\u0103 cadou.<\/p>\n","protected":false},"featured_media":12066,"template":"","meta":[],"product_brand":[],"product_cat":[169,36],"product_tag":[148],"class_list":{"0":"post-12064","1":"product","2":"type-product","3":"status-publish","4":"has-post-thumbnail","6":"product_cat-aranjamente-florale","7":"product_cat-paste-sarbatori","8":"product_tag-paste","10":"first","11":"instock","12":"shipping-taxable","13":"purchasable","14":"product-type-simple"},"_links":{"self":[{"href":"https:\/\/www.flowersofsoul.com\/m\/wp-json\/wp\/v2\/product\/12064","targetHints":{"allow":["GET"]}}],"collection":[{"href":"https:\/\/www.flowersofsoul.com\/m\/wp-json\/wp\/v2\/product"}],"about":[{"href":"https:\/\/www.flowersofsoul.com\/m\/wp-json\/wp\/v2\/types\/product"}],"wp:featuredmedia":[{"embeddable":true,"href":"https:\/\/www.flowersofsoul.com\/m\/wp-json\/wp\/v2\/media\/12066"}],"wp:attachment":[{"href":"https:\/\/www.flowersofsoul.com\/m\/wp-json\/wp\/v2\/media?parent=12064"}],"wp:term":[{"taxonomy":"product_brand","embeddable":true,"href":"https:\/\/www.flowersofsoul.com\/m\/wp-json\/wp\/v2\/product_brand?post=12064"},{"taxonomy":"product_cat","embeddable":true,"href":"https:\/\/www.flowersofsoul.com\/m\/wp-json\/wp\/v2\/product_cat?post=12064"},{"taxonomy":"product_tag","embeddable":true,"href":"https:\/\/www.flowersofsoul.com\/m\/wp-json\/wp\/v2\/product_tag?post=12064"}],"curies":[{"name":"wp","href":"https:\/\/api.w.org\/{rel}","templated":true}]}}