{"id":14437,"date":"2021-10-19T16:18:33","date_gmt":"2021-10-19T13:18:33","guid":{"rendered":"https:\/\/www.flowersofsoul.com\/m\/?post_type=product&#038;p=14437"},"modified":"2026-03-11T22:15:04","modified_gmt":"2026-03-11T20:15:04","slug":"lumanare-din-ceara-de-soia-si-mini-planta-suculenta","status":"publish","type":"product","link":"https:\/\/www.flowersofsoul.com\/m\/produs\/lumanare-din-ceara-de-soia-si-mini-planta-suculenta\/","title":{"rendered":"Lum\u00e2nare din cear\u0103 de soia \u0219i mini plant\u0103 suculent\u0103"},"content":{"rendered":"<p>Cutie din lemn realizat\u0103 manual, ce con\u021bine o lum\u00e2nare parfumat\u0103 din cear\u0103 de soia \u0219i o mini plant\u0103 suculent\u0103. Cutia este prev\u0103zut\u0103 cu toarte din sfoar\u0103.<br \/>\nCeara de soia nu este cancerigen\u0103 \u015fi nu eman\u0103 compu\u015fi toxici la ardere. Este un produs ecologic. Fitilul din fibre de in \u0219i bumbac este conceput special pentru ceara vegetal\u0103.<br \/>\nGreutate net\u0103 lum\u00e2nare: 160 g.<br \/>\nDimensiune lum\u00e2nare: 8cm \u00een\u0103l\u021bime x 9cm diametru.<br \/>\nDimensiune cutie: 15cm lungime x 15cm l\u0103\u021bime.<\/p>\n<p>Planta suculent\u0103 poate varia at\u00e2t ca model c\u00e2t \u0219i ca \u00een\u0103l\u021bime. Toate aceste detalii vor putea fi stabilite dup\u0103 plasarea unei comenzi.<\/p>\n<p><strong>Cump\u0103rarea unui produs presupune c\u0103 a\u021bi citit \u0219i sunte\u021bi de acord cu termenii \u0219i condi\u021biile prezentate pe acest site.<\/strong><\/p>\n","protected":false},"excerpt":{"rendered":"<p>TVA inclus<br \/>\nLivrare \u00een 1-2 zile.<br \/>\nLivr\u0103m \u00een toat\u0103 \u021bara.<br \/>\nPentru comenzi mai mari de 300 lei, livrarea este gratuit\u0103 \u00een Bucure\u0219ti.<br \/>\nLivr\u0103m personal la adresa stabilit\u0103.<br \/>\nConfirmare de livrare prin SMS.<br \/>\nFelicitare cadou.<br \/>\nFabricat \u00een Rom\u00e2nia.<\/p>\n","protected":false},"featured_media":18129,"template":"","meta":[],"product_brand":[],"product_cat":[209,35,36,47],"product_tag":[],"class_list":{"0":"post-14437","1":"product","2":"type-product","3":"status-publish","4":"has-post-thumbnail","6":"product_cat-buchete-cu-flori-carti-si-lumanari","7":"product_cat-1-si-8-martie-sarbatori","8":"product_cat-paste-sarbatori","9":"product_cat-lumanari-din-ceara-de-soia","11":"first","12":"instock","13":"shipping-taxable","14":"purchasable","15":"product-type-variable"},"_links":{"self":[{"href":"https:\/\/www.flowersofsoul.com\/m\/wp-json\/wp\/v2\/product\/14437","targetHints":{"allow":["GET"]}}],"collection":[{"href":"https:\/\/www.flowersofsoul.com\/m\/wp-json\/wp\/v2\/product"}],"about":[{"href":"https:\/\/www.flowersofsoul.com\/m\/wp-json\/wp\/v2\/types\/product"}],"wp:featuredmedia":[{"embeddable":true,"href":"https:\/\/www.flowersofsoul.com\/m\/wp-json\/wp\/v2\/media\/18129"}],"wp:attachment":[{"href":"https:\/\/www.flowersofsoul.com\/m\/wp-json\/wp\/v2\/media?parent=14437"}],"wp:term":[{"taxonomy":"product_brand","embeddable":true,"href":"https:\/\/www.flowersofsoul.com\/m\/wp-json\/wp\/v2\/product_brand?post=14437"},{"taxonomy":"product_cat","embeddable":true,"href":"https:\/\/www.flowersofsoul.com\/m\/wp-json\/wp\/v2\/product_cat?post=14437"},{"taxonomy":"product_tag","embeddable":true,"href":"https:\/\/www.flowersofsoul.com\/m\/wp-json\/wp\/v2\/product_tag?post=14437"}],"curies":[{"name":"wp","href":"https:\/\/api.w.org\/{rel}","templated":true}]}}