{"id":1544,"date":"2019-01-05T17:02:35","date_gmt":"2019-01-05T15:02:35","guid":{"rendered":"https:\/\/www.flowersofsoul.com\/m\/?post_type=product&#038;p=1544"},"modified":"2024-01-28T13:43:47","modified_gmt":"2024-01-28T11:43:47","slug":"buchet-cu-trandafiri-si-frezii","status":"publish","type":"product","link":"https:\/\/www.flowersofsoul.com\/m\/produs\/buchet-cu-trandafiri-si-frezii\/","title":{"rendered":"Buchet cu trandafiri \u0219i frezii"},"content":{"rendered":"","protected":false},"excerpt":{"rendered":"<p>Buchet realizat din 25 trandafiri albi, somon \u0219i roz; frezii albe \u0219i alte materiale pentru sus\u021binere.<br \/>\nPre\u021bul afi\u0219at este pentru buchet.<br \/>\n<a href=\"https:\/\/www.flowersofsoul.com\/m\/produs\/lumanari-scurte-pentru-cununie\/\">Lum\u00e2n\u0103ri de cununie<\/a> realizate \u00eempreun\u0103 cu acest buchet.<\/p>\n<p>Pentru consiliere, ne pute\u021bi contacta la num\u0103rul de telefon 0760881228, scriindu-ne pe adresa de mail: <a href=\"mailto:contact@flowersofsoul.com\">contact@flowersofsoul.com<\/a>, prin mesaj privat pe pagina de <a href=\"https:\/\/www.facebook.com\/flowersofsoul\/\">Facebook &#8211; Flowers of Soul<\/a> sau se poate stabili o \u00eent\u00e2lnire unde se pot viziona mai multe modele \u0219i se pot stabili mai multe detalii \u00een func\u021bie de cerin\u021bele \u0219i bugetul clientului.<br \/>\nDup\u0103 plasarea comenzii direct de pe site ve\u021bi fi contactat telefonic pentru a stabili detaliile legate de loca\u021bia evenimentului, data evenimentului \u0219i intervalul orar \u00een care poate fi efectuat\u0103 livrarea. Aceste detalii pot fi completate \u0219i \u00een sec\u021biunea <strong>Note comand\u0103<\/strong> \u00eenainte de finalizarea comenzii.<br \/>\n<strong>Comenzile se vor plasa cu minim 14 zile \u00eenainte de eveniment.<\/strong><br \/>\nLivr\u0103m doar \u00een Bucure\u0219ti \u0219i Ilfov.<br \/>\nPentru comenzi mai mari de 300 lei, livrarea este gratuit\u0103 \u00een Bucure\u0219ti.<br \/>\nPentru un eveniment mai amplu ce va avea loc \u00een alt ora\u0219, taxa de livrare va fi stabilit\u0103 \u00een func\u021bie de distan\u021ba parcurs\u0103 p\u00e2n\u0103 la loca\u021bie. Livr\u0103rile sunt realizate prin curierii proprii.<br \/>\nLivr\u0103m personal \u00een ziua evenimentului la adresa stabilit\u0103.<br \/>\n\u00cen cazul \u00een care dori\u021bi un model personalizat sau mai multe aranjamente florale, ne pute\u021bi contacta la num\u0103rul de telefon 0760881228 sau scriindu-ne pe adresa de mail: <a href=\"mailto:contact@flowersofsoul.com\" rel=\"noopener\" target=\"_blank\">contact@flowersofsoul.com<\/a>, unde se pot stabili toate aceste detalii sau se poate programa o \u00eent\u00e2lnire.<\/p>\n<p><strong>Cump\u0103rarea unui produs presupune c\u0103 a\u021bi citit \u0219i sunte\u021bi de acord cu termenii \u0219i condi\u021biile prezentate pe acest site.<\/strong><\/p>\n","protected":false},"featured_media":1555,"template":"","meta":[],"product_brand":[],"product_cat":[134],"product_tag":[141,138],"class_list":{"0":"post-1544","1":"product","2":"type-product","3":"status-publish","4":"has-post-thumbnail","6":"product_cat-buchete-de-mireasa-nasa-si-cununie-civila","7":"product_tag-buchet-de-mireasa-nasa-si-cununie-civila","8":"product_tag-nunta","10":"first","11":"instock","12":"shipping-taxable","13":"purchasable","14":"product-type-simple"},"_links":{"self":[{"href":"https:\/\/www.flowersofsoul.com\/m\/wp-json\/wp\/v2\/product\/1544","targetHints":{"allow":["GET"]}}],"collection":[{"href":"https:\/\/www.flowersofsoul.com\/m\/wp-json\/wp\/v2\/product"}],"about":[{"href":"https:\/\/www.flowersofsoul.com\/m\/wp-json\/wp\/v2\/types\/product"}],"wp:featuredmedia":[{"embeddable":true,"href":"https:\/\/www.flowersofsoul.com\/m\/wp-json\/wp\/v2\/media\/1555"}],"wp:attachment":[{"href":"https:\/\/www.flowersofsoul.com\/m\/wp-json\/wp\/v2\/media?parent=1544"}],"wp:term":[{"taxonomy":"product_brand","embeddable":true,"href":"https:\/\/www.flowersofsoul.com\/m\/wp-json\/wp\/v2\/product_brand?post=1544"},{"taxonomy":"product_cat","embeddable":true,"href":"https:\/\/www.flowersofsoul.com\/m\/wp-json\/wp\/v2\/product_cat?post=1544"},{"taxonomy":"product_tag","embeddable":true,"href":"https:\/\/www.flowersofsoul.com\/m\/wp-json\/wp\/v2\/product_tag?post=1544"}],"curies":[{"name":"wp","href":"https:\/\/api.w.org\/{rel}","templated":true}]}}