{"id":15453,"date":"2022-01-15T13:39:13","date_gmt":"2022-01-15T11:39:13","guid":{"rendered":"https:\/\/www.flowersofsoul.com\/m\/?post_type=product&#038;p=15453"},"modified":"2026-03-16T08:27:38","modified_gmt":"2026-03-16T06:27:38","slug":"planta-suculenta-in-ghiveci-alb-de-teracota-si-panza-de-iuta-2","status":"publish","type":"product","link":"https:\/\/www.flowersofsoul.com\/m\/produs\/planta-suculenta-in-ghiveci-alb-de-teracota-si-panza-de-iuta-2\/","title":{"rendered":"Plant\u0103 suculent\u0103 \u00een ghiveci alb de teracot\u0103 \u0219i p\u00e2nz\u0103 de iut\u0103"},"content":{"rendered":"","protected":false},"excerpt":{"rendered":"<p>TVA inclus<br \/>\nLivrare \u00een 1-2 zile.<br \/>\nLivr\u0103m \u00een toat\u0103 \u021bara.<br \/>\nPentru comenzi mai mari de 300 lei, livrarea este gratuit\u0103 \u00een Bucure\u0219ti.<br \/>\nLivr\u0103m personal la adresa stabilit\u0103.<br \/>\nConfirmare de livrare prin SMS.<br \/>\nFelicitare cadou.<\/p>\n<p>Plant\u0103 suculent\u0103 \u00een ghiveci de teracot\u0103.<br \/>\nDimensiune ghiveci f\u0103r\u0103 plant\u0103: 5 cm \u00een\u0103l\u021bime.<br \/>\nPlantele suculente pot varia at\u00e2t ca model c\u00e2t \u0219i ca \u00een\u0103l\u021bime.<\/p>\n<p><strong>Cump\u0103rarea unui produs presupune c\u0103 a\u021bi citit \u0219i sunte\u021bi de acord cu termenii \u0219i condi\u021biile prezentate pe acest site.<\/strong><\/p>\n","protected":false},"featured_media":2155,"template":"","meta":[],"product_brand":[],"product_cat":[35,36],"product_tag":[163,168],"class_list":{"0":"post-15453","1":"product","2":"type-product","3":"status-publish","4":"has-post-thumbnail","6":"product_cat-1-si-8-martie-sarbatori","7":"product_cat-paste-sarbatori","8":"product_tag-marturii","9":"product_tag-plante-suculente","11":"first","12":"instock","13":"shipping-taxable","14":"purchasable","15":"product-type-simple"},"_links":{"self":[{"href":"https:\/\/www.flowersofsoul.com\/m\/wp-json\/wp\/v2\/product\/15453","targetHints":{"allow":["GET"]}}],"collection":[{"href":"https:\/\/www.flowersofsoul.com\/m\/wp-json\/wp\/v2\/product"}],"about":[{"href":"https:\/\/www.flowersofsoul.com\/m\/wp-json\/wp\/v2\/types\/product"}],"wp:featuredmedia":[{"embeddable":true,"href":"https:\/\/www.flowersofsoul.com\/m\/wp-json\/wp\/v2\/media\/2155"}],"wp:attachment":[{"href":"https:\/\/www.flowersofsoul.com\/m\/wp-json\/wp\/v2\/media?parent=15453"}],"wp:term":[{"taxonomy":"product_brand","embeddable":true,"href":"https:\/\/www.flowersofsoul.com\/m\/wp-json\/wp\/v2\/product_brand?post=15453"},{"taxonomy":"product_cat","embeddable":true,"href":"https:\/\/www.flowersofsoul.com\/m\/wp-json\/wp\/v2\/product_cat?post=15453"},{"taxonomy":"product_tag","embeddable":true,"href":"https:\/\/www.flowersofsoul.com\/m\/wp-json\/wp\/v2\/product_tag?post=15453"}],"curies":[{"name":"wp","href":"https:\/\/api.w.org\/{rel}","templated":true}]}}