{"id":15474,"date":"2022-01-20T20:59:03","date_gmt":"2022-01-20T18:59:03","guid":{"rendered":"https:\/\/www.flowersofsoul.com\/m\/?post_type=product&#038;p=15474"},"modified":"2026-03-11T22:14:35","modified_gmt":"2026-03-11T20:14:35","slug":"lalele-carte-si-lumanare-din-ceara-de-soia","status":"publish","type":"product","link":"https:\/\/www.flowersofsoul.com\/m\/produs\/lalele-carte-si-lumanare-din-ceara-de-soia\/","title":{"rendered":"Lalele, carte \u0219i lum\u00e2nare din cear\u0103 de soia"},"content":{"rendered":"<p>Buchet cu lalele, carte \u0219i lum\u00e2nare parfumat\u0103 din cear\u0103 de soia 100%, turnat\u0103 manual \u00een vas de sticl\u0103.<br \/>\nLalele pot s\u0103 difere ca \u0219i culoare, \u00een func\u021bie de stocul disponibil. Pot fi albe, roz, lila, mov, galbene, portocalii, ro\u0219ii sau multicolore.<br \/>\nGreutate net\u0103 (cear\u0103): 160 gr.<br \/>\nDimensiune lum\u00e2nare: 8cm \u00een\u0103l\u021bime x 9cm diametru.<br \/>\nLum\u00e2narea este ambalat\u0103 \u00een cutie din carton reciclat, realizat\u0103 manual.<br \/>\nCeara de soia este ecologic\u0103 \u0219i 100% natural\u0103, ob\u021binut\u0103 din ulei de soia. Pentru a fi un produs 100% ecologic, folosim fitil special pentru cear\u0103 vegetal\u0103, din bumbac \u0219i in.<\/p>\n<p><strong>Cump\u0103rarea unui produs presupune c\u0103 a\u021bi citit \u0219i sunte\u021bi de acord cu termenii \u0219i condi\u021biile prezentate pe acest site.<\/strong><\/p>\n","protected":false},"excerpt":{"rendered":"<p>TVA inclus<br \/>\nLivr\u0103m doar \u00een Bucure\u0219ti \u0219i Ilfov.<br \/>\nLivrare \u00een 1-2 zile.<br \/>\nPentru comenzi mai mari de 300 lei, livrarea este gratuit\u0103 \u00een Bucure\u0219ti.<br \/>\nConfirmare de livrare prin SMS.<\/p>\n","protected":false},"featured_media":15479,"template":"","meta":[],"product_brand":[],"product_cat":[209,35,36],"product_tag":[65,179,180],"class_list":{"0":"post-15474","1":"product","2":"type-product","3":"status-publish","4":"has-post-thumbnail","6":"product_cat-buchete-cu-flori-carti-si-lumanari","7":"product_cat-1-si-8-martie-sarbatori","8":"product_cat-paste-sarbatori","9":"product_tag-lumanare-din-ceara-de-soia","10":"product_tag-lumanare-din-ceara-naturala-de-soia-cu-fitil-din-lemn","11":"product_tag-lumanare-parfumata","13":"first","14":"instock","15":"shipping-taxable","16":"purchasable","17":"product-type-variable"},"_links":{"self":[{"href":"https:\/\/www.flowersofsoul.com\/m\/wp-json\/wp\/v2\/product\/15474","targetHints":{"allow":["GET"]}}],"collection":[{"href":"https:\/\/www.flowersofsoul.com\/m\/wp-json\/wp\/v2\/product"}],"about":[{"href":"https:\/\/www.flowersofsoul.com\/m\/wp-json\/wp\/v2\/types\/product"}],"wp:featuredmedia":[{"embeddable":true,"href":"https:\/\/www.flowersofsoul.com\/m\/wp-json\/wp\/v2\/media\/15479"}],"wp:attachment":[{"href":"https:\/\/www.flowersofsoul.com\/m\/wp-json\/wp\/v2\/media?parent=15474"}],"wp:term":[{"taxonomy":"product_brand","embeddable":true,"href":"https:\/\/www.flowersofsoul.com\/m\/wp-json\/wp\/v2\/product_brand?post=15474"},{"taxonomy":"product_cat","embeddable":true,"href":"https:\/\/www.flowersofsoul.com\/m\/wp-json\/wp\/v2\/product_cat?post=15474"},{"taxonomy":"product_tag","embeddable":true,"href":"https:\/\/www.flowersofsoul.com\/m\/wp-json\/wp\/v2\/product_tag?post=15474"}],"curies":[{"name":"wp","href":"https:\/\/api.w.org\/{rel}","templated":true}]}}