{"id":15507,"date":"2022-01-27T20:04:26","date_gmt":"2022-01-27T18:04:26","guid":{"rendered":"https:\/\/www.flowersofsoul.com\/m\/?post_type=product&#038;p=15507"},"modified":"2026-03-11T22:14:13","modified_gmt":"2026-03-11T20:14:13","slug":"zambile-carte-si-lumanare-din-ceara-de-soia","status":"publish","type":"product","link":"https:\/\/www.flowersofsoul.com\/m\/produs\/zambile-carte-si-lumanare-din-ceara-de-soia\/","title":{"rendered":"Zambile, carte \u0219i lum\u00e2nare din cear\u0103 de soia"},"content":{"rendered":"<p>3 bulbi de zambile, carte \u0219i lum\u00e2nare parfumat\u0103 din cear\u0103 de soia 100%, turnat\u0103 manual \u00een vas de sticl\u0103.<br \/>\nZambilele pot s\u0103 difere ca \u0219i culoare, \u00een func\u021bie de stocul disponibil. Pot fi albe, roz, mov sau ro\u0219ii.<br \/>\nGreutate net\u0103 lum\u00e2nare (cear\u0103): 160 gr.<br \/>\nDimensiune lum\u00e2nare: 8cm \u00een\u0103l\u021bime x 9cm diametru.<br \/>\nLum\u00e2narea este ambalat\u0103 \u00een cutie din carton reciclat, realizat\u0103 manual.<br \/>\nCeara de soia este ecologic\u0103 \u0219i 100% natural\u0103, ob\u021binut\u0103 din ulei de soia. Pentru a fi un produs 100% ecologic, folosim fitil special pentru cear\u0103 vegetal\u0103, din bumbac \u0219i in.<\/p>\n<p><strong>Cump\u0103rarea unui produs presupune c\u0103 a\u021bi citit \u0219i sunte\u021bi de acord cu termenii \u0219i condi\u021biile prezentate pe acest site.<\/strong><\/p>\n","protected":false},"excerpt":{"rendered":"<p>TVA inclus<br \/>\nLivr\u0103m \u00een toat\u0103 \u021bara.<br \/>\nLivrare \u00een 1-2 zile.<br \/>\nPentru comenzi mai mari de 300 lei, livrarea este gratuit\u0103 \u00een Bucure\u0219ti.<br \/>\nConfirmare de livrare prin SMS.<\/p>\n","protected":false},"featured_media":15512,"template":"","meta":[],"product_brand":[],"product_cat":[35,36],"product_tag":[65,179,180],"class_list":{"0":"post-15507","1":"product","2":"type-product","3":"status-publish","4":"has-post-thumbnail","6":"product_cat-1-si-8-martie-sarbatori","7":"product_cat-paste-sarbatori","8":"product_tag-lumanare-din-ceara-de-soia","9":"product_tag-lumanare-din-ceara-naturala-de-soia-cu-fitil-din-lemn","10":"product_tag-lumanare-parfumata","12":"first","13":"instock","14":"shipping-taxable","15":"purchasable","16":"product-type-variable"},"_links":{"self":[{"href":"https:\/\/www.flowersofsoul.com\/m\/wp-json\/wp\/v2\/product\/15507","targetHints":{"allow":["GET"]}}],"collection":[{"href":"https:\/\/www.flowersofsoul.com\/m\/wp-json\/wp\/v2\/product"}],"about":[{"href":"https:\/\/www.flowersofsoul.com\/m\/wp-json\/wp\/v2\/types\/product"}],"wp:featuredmedia":[{"embeddable":true,"href":"https:\/\/www.flowersofsoul.com\/m\/wp-json\/wp\/v2\/media\/15512"}],"wp:attachment":[{"href":"https:\/\/www.flowersofsoul.com\/m\/wp-json\/wp\/v2\/media?parent=15507"}],"wp:term":[{"taxonomy":"product_brand","embeddable":true,"href":"https:\/\/www.flowersofsoul.com\/m\/wp-json\/wp\/v2\/product_brand?post=15507"},{"taxonomy":"product_cat","embeddable":true,"href":"https:\/\/www.flowersofsoul.com\/m\/wp-json\/wp\/v2\/product_cat?post=15507"},{"taxonomy":"product_tag","embeddable":true,"href":"https:\/\/www.flowersofsoul.com\/m\/wp-json\/wp\/v2\/product_tag?post=15507"}],"curies":[{"name":"wp","href":"https:\/\/api.w.org\/{rel}","templated":true}]}}