{"id":15529,"date":"2022-01-27T21:03:14","date_gmt":"2022-01-27T19:03:14","guid":{"rendered":"https:\/\/www.flowersofsoul.com\/m\/?post_type=product&#038;p=15529"},"modified":"2026-03-11T22:13:18","modified_gmt":"2026-03-11T20:13:18","slug":"carte-lumanare-din-ceara-de-soia-zambila-si-buchet-cu-crengute-de-bumbac-brunia-si-frunze-de-maslin","status":"publish","type":"product","link":"https:\/\/www.flowersofsoul.com\/m\/produs\/carte-lumanare-din-ceara-de-soia-zambila-si-buchet-cu-crengute-de-bumbac-brunia-si-frunze-de-maslin\/","title":{"rendered":"Carte, lum\u00e2nare din cear\u0103 de soia, zambil\u0103 \u0219i buchet cu crengu\u021be de bumbac, brunia \u0219i frunze de m\u0103slin"},"content":{"rendered":"<p>Lum\u00e2nare parfumat\u0103 din cear\u0103 natural\u0103 de soia, turnat\u0103 manual \u00een vas de sticl\u0103.<br \/>\nGreutate net\u0103: 160 gr.<br \/>\nDimensiune: 8cm \u00een\u0103l\u021bime x 9cm diametru.<br \/>\nLum\u00e2narea este ambalat\u0103 \u00een cutie din carton reciclat, realizat\u0103 manual.<\/p>\n<p>Ceara de soia este ecologic\u0103 \u0219i 100% natural\u0103, ob\u021binut\u0103 din ulei de soia. Pentru a fi un produs 100% ecologic, folosim fitil special pentru cear\u0103 vegetal\u0103, din bumbac \u0219i in.<\/p>\n<p>Buchet realizat din crengu\u021be de bumbac, brunia \u0219i frunze naturale de m\u0103slin. Man\u0219on din l\u00e2n\u0103 natural\u0103. Este un buchet creat special pentru a rezista foarte mult timp f\u0103r\u0103 ap\u0103.<\/p>\n<p>Zambila poate s\u0103 difere ca \u0219i culoare, \u00een func\u021bie de stocul disponibil. Poate fi alb\u0103, roz, mov sau ro\u0219ie.<\/p>\n<p><strong>Cump\u0103rarea unui produs presupune c\u0103 a\u021bi citit \u0219i sunte\u021bi de acord cu termenii \u0219i condi\u021biile prezentate pe acest site.<\/strong><\/p>\n","protected":false},"excerpt":{"rendered":"<p>TVA inclus<br \/>\nLivrare \u00een 1-2 zile.<br \/>\nLivr\u0103m \u00een toat\u0103 \u021bara.<br \/>\nPentru comenzi mai mari de 300 lei, livrarea este gratuit\u0103 \u00een Bucure\u0219ti.<br \/>\nConfirmare de livrare prin SMS.<br \/>\nProdusele sunt oferite \u00een pung\u0103\/cutie de cadou.<br \/>\nFabricat \u00een Rom\u00e2nia.<\/p>\n","protected":false},"featured_media":15533,"template":"","meta":[],"product_brand":[],"product_cat":[35,36],"product_tag":[202,182,65,180],"class_list":{"0":"post-15529","1":"product","2":"type-product","3":"status-publish","4":"has-post-thumbnail","6":"product_cat-1-si-8-martie-sarbatori","7":"product_cat-paste-sarbatori","8":"product_tag-carte","9":"product_tag-lumanare-cu-eucalipt","10":"product_tag-lumanare-din-ceara-de-soia","11":"product_tag-lumanare-parfumata","13":"first","14":"instock","15":"shipping-taxable","16":"purchasable","17":"product-type-variable"},"_links":{"self":[{"href":"https:\/\/www.flowersofsoul.com\/m\/wp-json\/wp\/v2\/product\/15529","targetHints":{"allow":["GET"]}}],"collection":[{"href":"https:\/\/www.flowersofsoul.com\/m\/wp-json\/wp\/v2\/product"}],"about":[{"href":"https:\/\/www.flowersofsoul.com\/m\/wp-json\/wp\/v2\/types\/product"}],"wp:featuredmedia":[{"embeddable":true,"href":"https:\/\/www.flowersofsoul.com\/m\/wp-json\/wp\/v2\/media\/15533"}],"wp:attachment":[{"href":"https:\/\/www.flowersofsoul.com\/m\/wp-json\/wp\/v2\/media?parent=15529"}],"wp:term":[{"taxonomy":"product_brand","embeddable":true,"href":"https:\/\/www.flowersofsoul.com\/m\/wp-json\/wp\/v2\/product_brand?post=15529"},{"taxonomy":"product_cat","embeddable":true,"href":"https:\/\/www.flowersofsoul.com\/m\/wp-json\/wp\/v2\/product_cat?post=15529"},{"taxonomy":"product_tag","embeddable":true,"href":"https:\/\/www.flowersofsoul.com\/m\/wp-json\/wp\/v2\/product_tag?post=15529"}],"curies":[{"name":"wp","href":"https:\/\/api.w.org\/{rel}","templated":true}]}}