{"id":15574,"date":"2022-01-27T22:13:23","date_gmt":"2022-01-27T20:13:23","guid":{"rendered":"https:\/\/www.flowersofsoul.com\/m\/?post_type=product&#038;p=15574"},"modified":"2026-03-11T22:12:32","modified_gmt":"2026-03-11T20:12:32","slug":"carte-lumanare-din-ceara-de-soia-cu-fitil-din-lemn-si-buchet-cu-lavanda-eucalipt-si-craspedia","status":"publish","type":"product","link":"https:\/\/www.flowersofsoul.com\/m\/produs\/carte-lumanare-din-ceara-de-soia-cu-fitil-din-lemn-si-buchet-cu-lavanda-eucalipt-si-craspedia\/","title":{"rendered":"Carte, lum\u00e2nare din cear\u0103 de soia cu fitil din lemn \u0219i buchet cu lavand\u0103, eucalipt \u0219i craspedia"},"content":{"rendered":"<p>Lum\u00e2nare parfumat\u0103 din cear\u0103 natural\u0103 de soia, turnat\u0103 manual \u00een vas de sticl\u0103.<br \/>\nGreutate net\u0103: 450 gr.<br \/>\nDimensiune: 6cm \u00een\u0103l\u021bime x 12cm diametru.<br \/>\nLum\u00e2narea este ambalat\u0103 \u00een cutie din carton reciclat, realizat\u0103 manual.<\/p>\n<p>Ceara de soia este ecologic\u0103 \u0219i 100% natural\u0103, ob\u021binut\u0103 din ulei de soia. Pentru a fi un produs 100% ecologic, folosim fitil din lemn de ar\u021bar.<\/p>\n<p>Buchet realizat din lavand\u0103 uscat\u0103, frunze de eucalipt, craspedia, p\u00e2nz\u0103 de iut\u0103 \u0219i materiale pentru sus\u021binere.<br \/>\nFrunzele de eucalipt pot varia at\u00e2t ca model c\u00e2t \u0219i ca \u00een\u0103l\u021bime. Toate aceste detalii vor putea fi stabilite \u00een momentul plas\u0103rii unei comenzi.<\/p>\n<p><strong>Cump\u0103rarea unui produs presupune c\u0103 a\u021bi citit \u0219i sunte\u021bi de acord cu termenii \u0219i condi\u021biile prezentate pe acest site.<\/strong><\/p>\n","protected":false},"excerpt":{"rendered":"<p>TVA inclus<br \/>\nLivrare \u00een 1-2 zile.<br \/>\nLivr\u0103m \u00een toat\u0103 \u021bara.<br \/>\nPentru comenzi mai mari de 300 lei, livrarea este gratuit\u0103 \u00een Bucure\u0219ti.<br \/>\nConfirmare de livrare prin SMS.<br \/>\nProdusele sunt oferite \u00een pung\u0103\/cutie de cadou.<br \/>\nFabricat \u00een Rom\u00e2nia.<\/p>\n","protected":false},"featured_media":15578,"template":"","meta":[],"product_brand":[],"product_cat":[209,61,35,36,47],"product_tag":[202,65,180],"class_list":{"0":"post-15574","1":"product","2":"type-product","3":"status-publish","4":"has-post-thumbnail","6":"product_cat-buchete-cu-flori-carti-si-lumanari","7":"product_cat-pachete-aniversare","8":"product_cat-1-si-8-martie-sarbatori","9":"product_cat-paste-sarbatori","10":"product_cat-lumanari-din-ceara-de-soia","11":"product_tag-carte","12":"product_tag-lumanare-din-ceara-de-soia","13":"product_tag-lumanare-parfumata","15":"first","16":"instock","17":"shipping-taxable","18":"purchasable","19":"product-type-variable"},"_links":{"self":[{"href":"https:\/\/www.flowersofsoul.com\/m\/wp-json\/wp\/v2\/product\/15574","targetHints":{"allow":["GET"]}}],"collection":[{"href":"https:\/\/www.flowersofsoul.com\/m\/wp-json\/wp\/v2\/product"}],"about":[{"href":"https:\/\/www.flowersofsoul.com\/m\/wp-json\/wp\/v2\/types\/product"}],"wp:featuredmedia":[{"embeddable":true,"href":"https:\/\/www.flowersofsoul.com\/m\/wp-json\/wp\/v2\/media\/15578"}],"wp:attachment":[{"href":"https:\/\/www.flowersofsoul.com\/m\/wp-json\/wp\/v2\/media?parent=15574"}],"wp:term":[{"taxonomy":"product_brand","embeddable":true,"href":"https:\/\/www.flowersofsoul.com\/m\/wp-json\/wp\/v2\/product_brand?post=15574"},{"taxonomy":"product_cat","embeddable":true,"href":"https:\/\/www.flowersofsoul.com\/m\/wp-json\/wp\/v2\/product_cat?post=15574"},{"taxonomy":"product_tag","embeddable":true,"href":"https:\/\/www.flowersofsoul.com\/m\/wp-json\/wp\/v2\/product_tag?post=15574"}],"curies":[{"name":"wp","href":"https:\/\/api.w.org\/{rel}","templated":true}]}}