{"id":15763,"date":"2022-04-13T09:32:00","date_gmt":"2022-04-13T06:32:00","guid":{"rendered":"https:\/\/www.flowersofsoul.com\/m\/?post_type=product&#038;p=15763"},"modified":"2026-04-02T15:31:41","modified_gmt":"2026-04-02T12:31:41","slug":"stergar-ceramica-de-corund-si-mini-decoratiune-cu-flori-naturale-traditii","status":"publish","type":"product","link":"https:\/\/www.flowersofsoul.com\/m\/produs\/stergar-ceramica-de-corund-si-mini-decoratiune-cu-flori-naturale-traditii\/","title":{"rendered":"\u0218tergar, ceramic\u0103 de Corund \u0219i mini decora\u021biune cu flori naturale &#8222;Tradi\u021bii&#8221;"},"content":{"rendered":"<p>Pachetul con\u021bine o mini decora\u021biune cu flori naturale, o can\u0103 din ceramic\u0103 realizat\u0103 de c\u0103tre un me\u0219ter popular din zona Corund \u0219i un \u0219tergar made in Ro. Cana este umplut\u0103 cu cear\u0103 natural\u0103 de soia \u0219i transformat\u0103 \u00eentr-o deosebit\u0103 lum\u00e2nare parfumat\u0103. Ceara de soia nu este cancerigen\u0103 \u015fi nu eman\u0103 compu\u015fi toxici la ardere. Este un produs ecologic. Fitilul din lemn este conceput special pentru ceara vegetal\u0103.<br \/>\nGreutate net\u0103 lum\u00e2nare: 160gr.<br \/>\nRecomand\u0103m plasarea comenzii cu 2-3 zile \u00een avans. Lucr\u0103m doar pe baz\u0103 de comand\u0103 pentru a oferi cele mai proaspete flori.<\/p>\n<p><strong>Cump\u0103rarea unui produs presupune c\u0103 a\u021bi citit \u0219i sunte\u021bi de acord cu termenii \u0219i condi\u021biile prezentate pe acest site.<\/strong><\/p>\n","protected":false},"excerpt":{"rendered":"<p>TVA inclus<br \/>\nDisponibil doar la comand\u0103.<br \/>\nLivr\u0103m doar \u00een Bucure\u0219ti \u0219i Ilfov.<br \/>\nPentru comenzi mai mari de 300 lei, livrarea este gratuit\u0103 \u00een Bucure\u0219ti.<br \/>\nLivr\u0103m personal la adresa stabilit\u0103.<br \/>\nConfirmare de livrare prin SMS.<br \/>\nFelicitare cadou.<\/p>\n","protected":false},"featured_media":15765,"template":"","meta":[],"product_brand":[],"product_cat":[169,36],"product_tag":[148],"class_list":{"0":"post-15763","1":"product","2":"type-product","3":"status-publish","4":"has-post-thumbnail","6":"product_cat-aranjamente-florale","7":"product_cat-paste-sarbatori","8":"product_tag-paste","10":"first","11":"instock","12":"shipping-taxable","13":"purchasable","14":"product-type-variable"},"_links":{"self":[{"href":"https:\/\/www.flowersofsoul.com\/m\/wp-json\/wp\/v2\/product\/15763","targetHints":{"allow":["GET"]}}],"collection":[{"href":"https:\/\/www.flowersofsoul.com\/m\/wp-json\/wp\/v2\/product"}],"about":[{"href":"https:\/\/www.flowersofsoul.com\/m\/wp-json\/wp\/v2\/types\/product"}],"wp:featuredmedia":[{"embeddable":true,"href":"https:\/\/www.flowersofsoul.com\/m\/wp-json\/wp\/v2\/media\/15765"}],"wp:attachment":[{"href":"https:\/\/www.flowersofsoul.com\/m\/wp-json\/wp\/v2\/media?parent=15763"}],"wp:term":[{"taxonomy":"product_brand","embeddable":true,"href":"https:\/\/www.flowersofsoul.com\/m\/wp-json\/wp\/v2\/product_brand?post=15763"},{"taxonomy":"product_cat","embeddable":true,"href":"https:\/\/www.flowersofsoul.com\/m\/wp-json\/wp\/v2\/product_cat?post=15763"},{"taxonomy":"product_tag","embeddable":true,"href":"https:\/\/www.flowersofsoul.com\/m\/wp-json\/wp\/v2\/product_tag?post=15763"}],"curies":[{"name":"wp","href":"https:\/\/api.w.org\/{rel}","templated":true}]}}