{"id":16223,"date":"2022-10-21T20:31:26","date_gmt":"2022-10-21T17:31:26","guid":{"rendered":"https:\/\/www.flowersofsoul.com\/m\/?post_type=product&#038;p=16223"},"modified":"2024-01-28T14:14:45","modified_gmt":"2024-01-28T12:14:45","slug":"zana-cunoasterii","status":"publish","type":"product","link":"https:\/\/www.flowersofsoul.com\/m\/produs\/zana-cunoasterii\/","title":{"rendered":"Z\u00e2na cunoa\u0219terii"},"content":{"rendered":"","protected":false},"excerpt":{"rendered":"<p>TVA inclus<br \/>\nLivrare \u00een 4-5 zile.<br \/>\nPentru comenzi mai mari de 300 lei, livrarea este gratuit\u0103 \u00een Bucure\u0219ti.<br \/>\nConfirmare de livrare prin SMS.<br \/>\nFelicitare cadou.<\/p>\n<p>Z\u00e2na este realizat\u0103 manual din l\u00e2n\u0103 natural\u0103 netoars\u0103, extra fin\u0103. Trandafirul conservat este conceput special s\u0103 reziste \u00een timp dac\u0103 este \u00eengrijit corespunz\u0103tor. Cupola din sticl\u0103 este special creat\u0103 pentru a nu permite p\u0103trunderea prafului \u00een interior. Totodat\u0103, protejeaz\u0103 trandafirul de umiditate.<br \/>\nEste un cadou inedit, ce va fi prezent pentru mult timp \u00een via\u021ba persoanei care \u00eel va primi.<br \/>\n<strong>Dimensiune cupol\u0103: 25cm \u00een\u0103l\u021bime x 12cm diametru.<\/strong><\/p>\n<p>Pentru a comanda, ne pute\u021bi contacta la num\u0103rul de telefon 0760881228, scriindu-ne pe adresa de mail: <a href=\"mailto:contact@flowersofsoul.com\">contact@flowersofsoul.com<\/a>, prin mesaj privat pe pagina de <a href=\"https:\/\/www.facebook.com\/flowersofsoul\/\">Facebook &#8211; Flowers of Soul<\/a> sau se poate plasa direct de pe site.<br \/>\nDup\u0103 plasarea comenzii direct de pe site ve\u021bi fi contactat telefonic pentru a stabili data \u0219i intervalul orar \u00een care poate fi efectuat\u0103 livrarea. Aceste detalii pot fi completate \u0219i \u00een sec\u021biunea <strong>Note comand\u0103<\/strong> \u00eenainte de finalizarea comenzii.<br \/>\n\u00cen cazul \u00een care dori\u021bi un model personalizat, ne pute\u021bi contacta la num\u0103rul de telefon 0760881228 sau scriindu-ne pe adresa de mail: <a href=\"mailto:contact@flowersofsoul.com\" rel=\"noopener\" target=\"_blank\">contact@flowersofsoul.com<\/a>, unde se pot stabili toate aceste detalii.<\/p>\n<p><strong>Cump\u0103rarea unui produs presupune c\u0103 a\u021bi citit \u0219i sunte\u021bi de acord cu termenii \u0219i condi\u021biile prezentate pe acest site.<\/strong><\/p>\n","protected":false},"featured_media":16226,"template":"","meta":[],"product_brand":[],"product_cat":[123,120],"product_tag":[59,50,56,122],"class_list":{"0":"post-16223","1":"product","2":"type-product","3":"status-publish","4":"has-post-thumbnail","6":"product_cat-figurine-realizate-manual-din-lana-si-fetru-botez","7":"product_cat-figurine-realizate-manual-din-lana-si-fetru","8":"product_tag-1-si-8-martie","9":"product_tag-craciun","10":"product_tag-valentines-day","11":"product_tag-zana-realizata-manual-din-lana-naturala-netoarsa","13":"first","14":"instock","15":"shipping-taxable","16":"purchasable","17":"product-type-simple"},"_links":{"self":[{"href":"https:\/\/www.flowersofsoul.com\/m\/wp-json\/wp\/v2\/product\/16223","targetHints":{"allow":["GET"]}}],"collection":[{"href":"https:\/\/www.flowersofsoul.com\/m\/wp-json\/wp\/v2\/product"}],"about":[{"href":"https:\/\/www.flowersofsoul.com\/m\/wp-json\/wp\/v2\/types\/product"}],"wp:featuredmedia":[{"embeddable":true,"href":"https:\/\/www.flowersofsoul.com\/m\/wp-json\/wp\/v2\/media\/16226"}],"wp:attachment":[{"href":"https:\/\/www.flowersofsoul.com\/m\/wp-json\/wp\/v2\/media?parent=16223"}],"wp:term":[{"taxonomy":"product_brand","embeddable":true,"href":"https:\/\/www.flowersofsoul.com\/m\/wp-json\/wp\/v2\/product_brand?post=16223"},{"taxonomy":"product_cat","embeddable":true,"href":"https:\/\/www.flowersofsoul.com\/m\/wp-json\/wp\/v2\/product_cat?post=16223"},{"taxonomy":"product_tag","embeddable":true,"href":"https:\/\/www.flowersofsoul.com\/m\/wp-json\/wp\/v2\/product_tag?post=16223"}],"curies":[{"name":"wp","href":"https:\/\/api.w.org\/{rel}","templated":true}]}}