{"id":16446,"date":"2023-01-23T13:02:45","date_gmt":"2023-01-23T11:02:45","guid":{"rendered":"https:\/\/www.flowersofsoul.com\/m\/?post_type=product&#038;p=16446"},"modified":"2025-01-04T21:27:20","modified_gmt":"2025-01-04T19:27:20","slug":"mihai-si-andra-terra-events-hall","status":"publish","type":"product","link":"https:\/\/www.flowersofsoul.com\/m\/produs\/mihai-si-andra-terra-events-hall\/","title":{"rendered":"Terra Events Hall"},"content":{"rendered":"","protected":false},"excerpt":{"rendered":"<p>Pentru consiliere, ne pute\u021bi contacta la num\u0103rul de telefon 0760881228, scriindu-ne pe adresa de mail: contact@flowersofsoul.com sau se poate stabili o \u00eent\u00e2lnire unde se pot viziona mai multe modele \u0219i se pot stabili mai multe detalii \u00een func\u021bie de cerin\u021bele \u0219i bugetul clientului.<br \/>\n<strong>Comenzile se vor plasa cu minim 14 zile \u00eenainte de eveniment.<\/strong><br \/>\nLivr\u0103m doar \u00een Bucure\u0219ti \u0219i Ilfov.<br \/>\nPentru un eveniment mai amplu ce va avea loc \u00een alt ora\u0219, taxa de livrare va fi stabilit\u0103 \u00een func\u021bie de distan\u021ba parcurs\u0103 p\u00e2n\u0103 la loca\u021bie. Livr\u0103rile sunt realizate prin curierii proprii.<br \/>\nLivr\u0103m personal \u00een ziua evenimentului la adresa stabilit\u0103.<\/p>\n<p>Photo: Flowers of Soul<\/p>\n","protected":false},"featured_media":16454,"template":"","meta":[],"product_brand":[],"product_cat":[211],"product_tag":[],"class_list":{"0":"post-16446","1":"product","2":"type-product","3":"status-publish","4":"has-post-thumbnail","6":"product_cat-evenimente-flowers-of-soul","8":"first","9":"instock","10":"shipping-taxable","11":"product-type-simple"},"_links":{"self":[{"href":"https:\/\/www.flowersofsoul.com\/m\/wp-json\/wp\/v2\/product\/16446","targetHints":{"allow":["GET"]}}],"collection":[{"href":"https:\/\/www.flowersofsoul.com\/m\/wp-json\/wp\/v2\/product"}],"about":[{"href":"https:\/\/www.flowersofsoul.com\/m\/wp-json\/wp\/v2\/types\/product"}],"wp:featuredmedia":[{"embeddable":true,"href":"https:\/\/www.flowersofsoul.com\/m\/wp-json\/wp\/v2\/media\/16454"}],"wp:attachment":[{"href":"https:\/\/www.flowersofsoul.com\/m\/wp-json\/wp\/v2\/media?parent=16446"}],"wp:term":[{"taxonomy":"product_brand","embeddable":true,"href":"https:\/\/www.flowersofsoul.com\/m\/wp-json\/wp\/v2\/product_brand?post=16446"},{"taxonomy":"product_cat","embeddable":true,"href":"https:\/\/www.flowersofsoul.com\/m\/wp-json\/wp\/v2\/product_cat?post=16446"},{"taxonomy":"product_tag","embeddable":true,"href":"https:\/\/www.flowersofsoul.com\/m\/wp-json\/wp\/v2\/product_tag?post=16446"}],"curies":[{"name":"wp","href":"https:\/\/api.w.org\/{rel}","templated":true}]}}