{"id":16491,"date":"2023-01-29T16:25:13","date_gmt":"2023-01-29T14:25:13","guid":{"rendered":"https:\/\/www.flowersofsoul.com\/m\/?post_type=product&#038;p=16491"},"modified":"2026-03-11T22:09:30","modified_gmt":"2026-03-11T20:09:30","slug":"buchet-cu-flori-de-bumbac-brunia-lagurus-si-grau","status":"publish","type":"product","link":"https:\/\/www.flowersofsoul.com\/m\/produs\/buchet-cu-flori-de-bumbac-brunia-lagurus-si-grau\/","title":{"rendered":"Buchet cu flori de bumbac, brunia, lagurus \u0219i gr\u00e2u"},"content":{"rendered":"","protected":false},"excerpt":{"rendered":"<p>TVA inclus<br \/>\nLivrare \u00een 1-2 zile.<br \/>\nLivr\u0103m \u00een toat\u0103 \u021bara.<br \/>\nPentru comenzi mai mari de 300 lei, livrarea este gratuit\u0103 \u00een Bucure\u0219ti.<br \/>\nLivr\u0103m personal la adresa stabilit\u0103.<br \/>\nConfirmare de livrare prin SMS.<br \/>\nFelicitare cadou.<\/p>\n<p>Buchet realizat din flori de bumbac, brunia, lagurus, gr\u00e2u \u0219i materiale pentru sus\u021binere.<br \/>\nMan\u0219onul buchetului este din l\u00e2n\u0103 natural\u0103.<\/p>\n<p><strong>Cump\u0103rarea unui produs presupune c\u0103 a\u021bi citit \u0219i sunte\u021bi de acord cu termenii \u0219i condi\u021biile prezentate pe acest site.<\/strong><\/p>\n","protected":false},"featured_media":16493,"template":"","meta":[],"product_brand":[],"product_cat":[45,209,35,36],"product_tag":[59,50,148],"class_list":{"0":"post-16491","1":"product","2":"type-product","3":"status-publish","4":"has-post-thumbnail","6":"product_cat-buchete-cu-flori","7":"product_cat-buchete-cu-flori-carti-si-lumanari","8":"product_cat-1-si-8-martie-sarbatori","9":"product_cat-paste-sarbatori","10":"product_tag-1-si-8-martie","11":"product_tag-craciun","12":"product_tag-paste","14":"first","15":"instock","16":"shipping-taxable","17":"purchasable","18":"product-type-simple"},"_links":{"self":[{"href":"https:\/\/www.flowersofsoul.com\/m\/wp-json\/wp\/v2\/product\/16491","targetHints":{"allow":["GET"]}}],"collection":[{"href":"https:\/\/www.flowersofsoul.com\/m\/wp-json\/wp\/v2\/product"}],"about":[{"href":"https:\/\/www.flowersofsoul.com\/m\/wp-json\/wp\/v2\/types\/product"}],"wp:featuredmedia":[{"embeddable":true,"href":"https:\/\/www.flowersofsoul.com\/m\/wp-json\/wp\/v2\/media\/16493"}],"wp:attachment":[{"href":"https:\/\/www.flowersofsoul.com\/m\/wp-json\/wp\/v2\/media?parent=16491"}],"wp:term":[{"taxonomy":"product_brand","embeddable":true,"href":"https:\/\/www.flowersofsoul.com\/m\/wp-json\/wp\/v2\/product_brand?post=16491"},{"taxonomy":"product_cat","embeddable":true,"href":"https:\/\/www.flowersofsoul.com\/m\/wp-json\/wp\/v2\/product_cat?post=16491"},{"taxonomy":"product_tag","embeddable":true,"href":"https:\/\/www.flowersofsoul.com\/m\/wp-json\/wp\/v2\/product_tag?post=16491"}],"curies":[{"name":"wp","href":"https:\/\/api.w.org\/{rel}","templated":true}]}}