{"id":16559,"date":"2023-02-03T22:30:44","date_gmt":"2023-02-03T20:30:44","guid":{"rendered":"https:\/\/www.flowersofsoul.com\/m\/?post_type=product&#038;p=16559"},"modified":"2026-03-11T22:08:40","modified_gmt":"2026-03-11T20:08:40","slug":"carte-lumanare-din-ceara-de-soia-buchet-cu-craspedia-bumbac-si-mini-planta-suculenta","status":"publish","type":"product","link":"https:\/\/www.flowersofsoul.com\/m\/produs\/carte-lumanare-din-ceara-de-soia-buchet-cu-craspedia-bumbac-si-mini-planta-suculenta\/","title":{"rendered":"Carte, lum\u00e2nare din cear\u0103 de soia, buchet cu craspedia, bumbac \u0219i mini plant\u0103 suculent\u0103"},"content":{"rendered":"<p>Lum\u00e2nare parfumat\u0103 din cear\u0103 natural\u0103 de soia, turnat\u0103 manual \u00een vas de sticl\u0103.<br \/>\nGreutate net\u0103: 160 gr.<br \/>\nDimensiune: 8cm \u00een\u0103l\u021bime x 9cm diametru.<br \/>\nLum\u00e2narea este ambalat\u0103 \u00een cutie din carton reciclat, realizat\u0103 manual.<\/p>\n<p>Ceara de soia este ecologic\u0103 \u0219i 100% natural\u0103, ob\u021binut\u0103 din ulei de soia. Pentru a fi un produs 100% ecologic, folosim fitil special pentru cear\u0103 vegetal\u0103, din bumbac \u0219i in.<\/p>\n<p>Buchet realizat din flori de bumbac, 13 craspedia, mini plant\u0103 suculent\u0103, frunze de m\u0103slin \u0219i materiale pentru sus\u021binere.<br \/>\nMan\u0219onul buchetului este din l\u00e2n\u0103 natural\u0103.<\/p>\n<p><strong>Cump\u0103rarea unui produs presupune c\u0103 a\u021bi citit \u0219i sunte\u021bi de acord cu termenii \u0219i condi\u021biile prezentate pe acest site.<\/strong><\/p>\n","protected":false},"excerpt":{"rendered":"<p>TVA inclus<br \/>\nLivrare \u00een 1-2 zile.<br \/>\nLivr\u0103m \u00een toat\u0103 \u021bara.<br \/>\nPentru comenzi mai mari de 300 lei, livrarea este gratuit\u0103 \u00een Bucure\u0219ti.<br \/>\nConfirmare de livrare prin SMS.<br \/>\nProdusele sunt oferite \u00een pung\u0103\/cutie de cadou.<br \/>\nFabricat \u00een Rom\u00e2nia.<\/p>\n","protected":false},"featured_media":16556,"template":"","meta":[],"product_brand":[],"product_cat":[45,209,35,36,47],"product_tag":[202,65,180],"class_list":{"0":"post-16559","1":"product","2":"type-product","3":"status-publish","4":"has-post-thumbnail","6":"product_cat-buchete-cu-flori","7":"product_cat-buchete-cu-flori-carti-si-lumanari","8":"product_cat-1-si-8-martie-sarbatori","9":"product_cat-paste-sarbatori","10":"product_cat-lumanari-din-ceara-de-soia","11":"product_tag-carte","12":"product_tag-lumanare-din-ceara-de-soia","13":"product_tag-lumanare-parfumata","15":"first","16":"instock","17":"shipping-taxable","18":"purchasable","19":"product-type-variable"},"_links":{"self":[{"href":"https:\/\/www.flowersofsoul.com\/m\/wp-json\/wp\/v2\/product\/16559","targetHints":{"allow":["GET"]}}],"collection":[{"href":"https:\/\/www.flowersofsoul.com\/m\/wp-json\/wp\/v2\/product"}],"about":[{"href":"https:\/\/www.flowersofsoul.com\/m\/wp-json\/wp\/v2\/types\/product"}],"wp:featuredmedia":[{"embeddable":true,"href":"https:\/\/www.flowersofsoul.com\/m\/wp-json\/wp\/v2\/media\/16556"}],"wp:attachment":[{"href":"https:\/\/www.flowersofsoul.com\/m\/wp-json\/wp\/v2\/media?parent=16559"}],"wp:term":[{"taxonomy":"product_brand","embeddable":true,"href":"https:\/\/www.flowersofsoul.com\/m\/wp-json\/wp\/v2\/product_brand?post=16559"},{"taxonomy":"product_cat","embeddable":true,"href":"https:\/\/www.flowersofsoul.com\/m\/wp-json\/wp\/v2\/product_cat?post=16559"},{"taxonomy":"product_tag","embeddable":true,"href":"https:\/\/www.flowersofsoul.com\/m\/wp-json\/wp\/v2\/product_tag?post=16559"}],"curies":[{"name":"wp","href":"https:\/\/api.w.org\/{rel}","templated":true}]}}