{"id":16660,"date":"2023-02-25T16:38:37","date_gmt":"2023-02-25T14:38:37","guid":{"rendered":"https:\/\/www.flowersofsoul.com\/m\/?post_type=product&#038;p=16660"},"modified":"2026-03-11T22:07:45","modified_gmt":"2026-03-11T20:07:45","slug":"buchet-cu-frezii-lalele-irisi-si-lisianthus","status":"publish","type":"product","link":"https:\/\/www.flowersofsoul.com\/m\/produs\/buchet-cu-frezii-lalele-irisi-si-lisianthus\/","title":{"rendered":"Buchet cu frezii, lalele, iri\u0219i \u0219i lisianthus"},"content":{"rendered":"<p>Buchet alc\u0103tuit din 5 frezii albe, 5 lalele roz, 3 iri\u0219i albi, 4 lisiantuhus roz \u0219i mov, 2 clematis mov, crengu\u021be de prunus, frunze decorative \u0219i materiale pentru sus\u021binere.<br \/>\nRecomand\u0103m plasarea comenzii din timp. Lucr\u0103m doar pe baz\u0103 de comand\u0103 pentru a oferi cele mai proaspete flori.<\/p>\n<p><strong>Cump\u0103rarea unui produs presupune c\u0103 a\u021bi citit \u0219i sunte\u021bi de acord cu termenii \u0219i condi\u021biile prezentate pe acest site.<\/strong><\/p>\n","protected":false},"excerpt":{"rendered":"<p>TVA inclus<br \/>\nDisponibil doar la comand\u0103.<br \/>\nLivr\u0103m doar \u00een Bucure\u0219ti \u0219i Ilfov.<br \/>\nPentru comenzi mai mari de 300 lei, livrarea este gratuit\u0103 \u00een Bucure\u0219ti.<br \/>\nLivr\u0103m personal la adresa stabilit\u0103.<br \/>\nConfirmare de livrare prin SMS.<br \/>\nFelicitare cadou.<\/p>\n","protected":false},"featured_media":16662,"template":"","meta":[],"product_brand":[],"product_cat":[35,36],"product_tag":[],"class_list":{"0":"post-16660","1":"product","2":"type-product","3":"status-publish","4":"has-post-thumbnail","6":"product_cat-1-si-8-martie-sarbatori","7":"product_cat-paste-sarbatori","9":"first","10":"instock","11":"shipping-taxable","12":"purchasable","13":"product-type-simple"},"_links":{"self":[{"href":"https:\/\/www.flowersofsoul.com\/m\/wp-json\/wp\/v2\/product\/16660","targetHints":{"allow":["GET"]}}],"collection":[{"href":"https:\/\/www.flowersofsoul.com\/m\/wp-json\/wp\/v2\/product"}],"about":[{"href":"https:\/\/www.flowersofsoul.com\/m\/wp-json\/wp\/v2\/types\/product"}],"wp:featuredmedia":[{"embeddable":true,"href":"https:\/\/www.flowersofsoul.com\/m\/wp-json\/wp\/v2\/media\/16662"}],"wp:attachment":[{"href":"https:\/\/www.flowersofsoul.com\/m\/wp-json\/wp\/v2\/media?parent=16660"}],"wp:term":[{"taxonomy":"product_brand","embeddable":true,"href":"https:\/\/www.flowersofsoul.com\/m\/wp-json\/wp\/v2\/product_brand?post=16660"},{"taxonomy":"product_cat","embeddable":true,"href":"https:\/\/www.flowersofsoul.com\/m\/wp-json\/wp\/v2\/product_cat?post=16660"},{"taxonomy":"product_tag","embeddable":true,"href":"https:\/\/www.flowersofsoul.com\/m\/wp-json\/wp\/v2\/product_tag?post=16660"}],"curies":[{"name":"wp","href":"https:\/\/api.w.org\/{rel}","templated":true}]}}