{"id":16678,"date":"2023-02-28T10:12:18","date_gmt":"2023-02-28T08:12:18","guid":{"rendered":"https:\/\/www.flowersofsoul.com\/m\/?post_type=product&#038;p=16678"},"modified":"2026-03-11T22:07:34","modified_gmt":"2026-03-11T20:07:34","slug":"aranjament-floral-cu-15-lalele","status":"publish","type":"product","link":"https:\/\/www.flowersofsoul.com\/m\/produs\/aranjament-floral-cu-15-lalele\/","title":{"rendered":"Aranjament floral cu 15 lalele"},"content":{"rendered":"<p>Aranjament floral realizat \u00een cutie de catifea, alc\u0103tuit din 15 lalele fucsia, frunze de eucalipt \u0219i alte materiale pentru sus\u021binere.<br \/>\nDimensiune cutie f\u0103r\u0103 flori: 12 cm diametru x 12 cm \u00een\u0103l\u021bime.<br \/>\nRecomand\u0103m plasarea comenzii cu 7 zile \u00een avans. Lucr\u0103m doar pe baz\u0103 de comand\u0103 pentru a oferi cele mai proaspete flori.<\/p>\n<p><strong>Cump\u0103rarea unui produs presupune c\u0103 a\u021bi citit \u0219i sunte\u021bi de acord cu termenii \u0219i condi\u021biile prezentate pe acest site.<\/strong><\/p>\n","protected":false},"excerpt":{"rendered":"<p>TVA inclus<br \/>\nDisponibil doar la comand\u0103.<br \/>\nLivr\u0103m doar \u00een Bucure\u0219ti \u0219i Ilfov.<br \/>\nPentru comenzi mai mari de 300 lei, livrarea este gratuit\u0103 \u00een Bucure\u0219ti.<br \/>\nLivr\u0103m personal la adresa stabilit\u0103.<br \/>\nConfirmare de livrare prin SMS.<br \/>\nFelicitare \u0219i pung\u0103 cadou.<\/p>\n","protected":false},"featured_media":16679,"template":"","meta":[],"product_brand":[],"product_cat":[35,36],"product_tag":[59,57,51,58],"class_list":{"0":"post-16678","1":"product","2":"type-product","3":"status-publish","4":"has-post-thumbnail","6":"product_cat-1-si-8-martie-sarbatori","7":"product_cat-paste-sarbatori","8":"product_tag-1-si-8-martie","9":"product_tag-florii","10":"product_tag-sarbatori","11":"product_tag-ziua-femeii","13":"first","14":"instock","15":"shipping-taxable","16":"purchasable","17":"product-type-simple"},"_links":{"self":[{"href":"https:\/\/www.flowersofsoul.com\/m\/wp-json\/wp\/v2\/product\/16678","targetHints":{"allow":["GET"]}}],"collection":[{"href":"https:\/\/www.flowersofsoul.com\/m\/wp-json\/wp\/v2\/product"}],"about":[{"href":"https:\/\/www.flowersofsoul.com\/m\/wp-json\/wp\/v2\/types\/product"}],"wp:featuredmedia":[{"embeddable":true,"href":"https:\/\/www.flowersofsoul.com\/m\/wp-json\/wp\/v2\/media\/16679"}],"wp:attachment":[{"href":"https:\/\/www.flowersofsoul.com\/m\/wp-json\/wp\/v2\/media?parent=16678"}],"wp:term":[{"taxonomy":"product_brand","embeddable":true,"href":"https:\/\/www.flowersofsoul.com\/m\/wp-json\/wp\/v2\/product_brand?post=16678"},{"taxonomy":"product_cat","embeddable":true,"href":"https:\/\/www.flowersofsoul.com\/m\/wp-json\/wp\/v2\/product_cat?post=16678"},{"taxonomy":"product_tag","embeddable":true,"href":"https:\/\/www.flowersofsoul.com\/m\/wp-json\/wp\/v2\/product_tag?post=16678"}],"curies":[{"name":"wp","href":"https:\/\/api.w.org\/{rel}","templated":true}]}}