{"id":17151,"date":"2023-12-01T20:30:06","date_gmt":"2023-12-01T18:30:06","guid":{"rendered":"https:\/\/www.flowersofsoul.com\/m\/?post_type=product&#038;p=17151"},"modified":"2025-12-06T17:36:59","modified_gmt":"2025-12-06T15:36:59","slug":"aranjament-pentru-craciun-ploaie-de-stele-aurii","status":"publish","type":"product","link":"https:\/\/www.flowersofsoul.com\/m\/produs\/aranjament-pentru-craciun-ploaie-de-stele-aurii\/","title":{"rendered":"Aranjament pentru Cr\u0103ciun &#8211; Ploaie de stele aurii"},"content":{"rendered":"<p>Aranjament pentru Cr\u0103ciun realizat cu brad natural \u00een cutie de catifea, alc\u0103tuit din globuri din sticl\u0103, stelu\u021be din lemn, scor\u021bi\u0219oar\u0103, lime, decora\u021biune din r\u0103\u0219in\u0103, lum\u00e2n\u0103ri \u0219i frunze de palmier.<br \/>\nDimensiune cutie din catifea f\u0103r\u0103 brad: 15cm diametru x 12cm \u00een\u0103l\u021bime.<\/p>\n<p><strong>Cump\u0103rarea unui produs presupune c\u0103 a\u021bi citit \u0219i sunte\u021bi de acord cu termenii \u0219i condi\u021biile prezentate pe acest site.<\/strong><\/p>\n","protected":false},"excerpt":{"rendered":"<p>TVA inclus.<br \/>\nLivrare \u00een 1-2 zile.<br \/>\nLivr\u0103m doar \u00een Bucure\u0219ti \u0219i Ilfov.<br \/>\nPentru comenzi mai mari de 300 lei, livrarea este gratuit\u0103 \u00een Bucure\u0219ti.<br \/>\nLivr\u0103m personal la adresa stabilit\u0103.<br \/>\nConfirmare de livrare prin SMS.<br \/>\nFelicitare cadou.<\/p>\n","protected":false},"featured_media":17153,"template":"","meta":[],"product_brand":[],"product_cat":[37],"product_tag":[50,52,51],"class_list":{"0":"post-17151","1":"product","2":"type-product","3":"status-publish","4":"has-post-thumbnail","6":"product_cat-craciun-sarbatori","7":"product_tag-craciun","8":"product_tag-decoratiuni-cu-brad","9":"product_tag-sarbatori","11":"first","12":"instock","13":"sale","14":"shipping-taxable","15":"purchasable","16":"product-type-simple"},"_links":{"self":[{"href":"https:\/\/www.flowersofsoul.com\/m\/wp-json\/wp\/v2\/product\/17151","targetHints":{"allow":["GET"]}}],"collection":[{"href":"https:\/\/www.flowersofsoul.com\/m\/wp-json\/wp\/v2\/product"}],"about":[{"href":"https:\/\/www.flowersofsoul.com\/m\/wp-json\/wp\/v2\/types\/product"}],"wp:featuredmedia":[{"embeddable":true,"href":"https:\/\/www.flowersofsoul.com\/m\/wp-json\/wp\/v2\/media\/17153"}],"wp:attachment":[{"href":"https:\/\/www.flowersofsoul.com\/m\/wp-json\/wp\/v2\/media?parent=17151"}],"wp:term":[{"taxonomy":"product_brand","embeddable":true,"href":"https:\/\/www.flowersofsoul.com\/m\/wp-json\/wp\/v2\/product_brand?post=17151"},{"taxonomy":"product_cat","embeddable":true,"href":"https:\/\/www.flowersofsoul.com\/m\/wp-json\/wp\/v2\/product_cat?post=17151"},{"taxonomy":"product_tag","embeddable":true,"href":"https:\/\/www.flowersofsoul.com\/m\/wp-json\/wp\/v2\/product_tag?post=17151"}],"curies":[{"name":"wp","href":"https:\/\/api.w.org\/{rel}","templated":true}]}}