{"id":17750,"date":"2025-02-28T21:23:11","date_gmt":"2025-02-28T19:23:11","guid":{"rendered":"https:\/\/www.flowersofsoul.com\/m\/?post_type=product&#038;p=17750"},"modified":"2026-03-11T22:06:15","modified_gmt":"2026-03-11T20:06:15","slug":"trandafir-conservat-in-terrarium-din-sticla","status":"publish","type":"product","link":"https:\/\/www.flowersofsoul.com\/m\/produs\/trandafir-conservat-in-terrarium-din-sticla\/","title":{"rendered":"Trandafir conservat \u00een terrarium din sticl\u0103"},"content":{"rendered":"<p>Trandafirul conservat este conceput special s\u0103 reziste \u00een timp. Culoarea trandafirului din imagine este fucsia.<br \/>\nEste un cadou inedit, ce va fi prezent pentru mult timp \u00een via\u021ba persoanei care \u00eel va primi.<br \/>\nMaterial: sticla + metal<br \/>\nLungime: 12cm<br \/>\nL\u0103\u021bime: 12cm<br \/>\n\u00cen\u0103l\u021bime: 16cm<\/p>\n<p><strong>Cump\u0103rarea unui produs presupune c\u0103 a\u021bi citit \u0219i sunte\u021bi de acord cu termenii \u0219i condi\u021biile prezentate pe acest site.<\/strong><\/p>\n","protected":false},"excerpt":{"rendered":"<p>TVA inclus.<br \/>\nLivrare \u00een 1-2 zile.<br \/>\nLivr\u0103m \u00een toat\u0103 \u021bara.<br \/>\nPentru comenzi mai mari de 300 lei, livrarea este gratuit\u0103 \u00een Bucure\u0219ti.<br \/>\nConfirmare de livrare prin SMS.<br \/>\nFelicitare cadou.<\/p>\n","protected":false},"featured_media":18113,"template":"","meta":[],"product_brand":[],"product_cat":[35,33,36,53],"product_tag":[59,57,54,56,58],"class_list":{"0":"post-17750","1":"product","2":"type-product","3":"status-publish","4":"has-post-thumbnail","6":"product_cat-1-si-8-martie-sarbatori","7":"product_cat-valentines-day-sarbatori","8":"product_cat-paste-sarbatori","9":"product_cat-trandafiri-nemuritori","10":"product_tag-1-si-8-martie","11":"product_tag-florii","12":"product_tag-trandafiri-nemuritori","13":"product_tag-valentines-day","14":"product_tag-ziua-femeii","16":"first","17":"instock","18":"shipping-taxable","19":"purchasable","20":"product-type-variable"},"_links":{"self":[{"href":"https:\/\/www.flowersofsoul.com\/m\/wp-json\/wp\/v2\/product\/17750","targetHints":{"allow":["GET"]}}],"collection":[{"href":"https:\/\/www.flowersofsoul.com\/m\/wp-json\/wp\/v2\/product"}],"about":[{"href":"https:\/\/www.flowersofsoul.com\/m\/wp-json\/wp\/v2\/types\/product"}],"wp:featuredmedia":[{"embeddable":true,"href":"https:\/\/www.flowersofsoul.com\/m\/wp-json\/wp\/v2\/media\/18113"}],"wp:attachment":[{"href":"https:\/\/www.flowersofsoul.com\/m\/wp-json\/wp\/v2\/media?parent=17750"}],"wp:term":[{"taxonomy":"product_brand","embeddable":true,"href":"https:\/\/www.flowersofsoul.com\/m\/wp-json\/wp\/v2\/product_brand?post=17750"},{"taxonomy":"product_cat","embeddable":true,"href":"https:\/\/www.flowersofsoul.com\/m\/wp-json\/wp\/v2\/product_cat?post=17750"},{"taxonomy":"product_tag","embeddable":true,"href":"https:\/\/www.flowersofsoul.com\/m\/wp-json\/wp\/v2\/product_tag?post=17750"}],"curies":[{"name":"wp","href":"https:\/\/api.w.org\/{rel}","templated":true}]}}