{"id":17766,"date":"2025-03-04T21:44:39","date_gmt":"2025-03-04T19:44:39","guid":{"rendered":"https:\/\/www.flowersofsoul.com\/m\/?post_type=product&#038;p=17766"},"modified":"2025-06-20T21:36:25","modified_gmt":"2025-06-20T18:36:25","slug":"muscari-si-hedera-curgatoare-in-vas-din-metal","status":"publish","type":"product","link":"https:\/\/www.flowersofsoul.com\/m\/produs\/muscari-si-hedera-curgatoare-in-vas-din-metal\/","title":{"rendered":"Muscari \u0219i heder\u0103 curg\u0103toare \u00een vas din metal"},"content":{"rendered":"<p>Material: metal<br \/>\n\u00cenal\u021bime: 15.8cm<br \/>\nDiametru: 14.8-16.4cm<\/p>\n<p><strong>Cump\u0103rarea unui produs presupune c\u0103 a\u021bi citit \u0219i sunte\u021bi de acord cu termenii \u0219i condi\u021biile prezentate pe acest site.<\/strong><\/p>\n","protected":false},"excerpt":{"rendered":"<p>TVA inclus.<br \/>\nLivrare \u00een 1-2 zile.<br \/>\nPentru comenzi mai mari de 300 lei, livrarea este gratuit\u0103 \u00een Bucure\u0219ti.<br \/>\nConfirmare de livrare prin SMS.<br \/>\nFelicitare cadou.<\/p>\n","protected":false},"featured_media":17777,"template":"","meta":[],"product_brand":[],"product_cat":[35],"product_tag":[59,57,54,56,58],"class_list":{"0":"post-17766","1":"product","2":"type-product","3":"status-publish","4":"has-post-thumbnail","6":"product_cat-1-si-8-martie-sarbatori","7":"product_tag-1-si-8-martie","8":"product_tag-florii","9":"product_tag-trandafiri-nemuritori","10":"product_tag-valentines-day","11":"product_tag-ziua-femeii","13":"first","14":"instock","15":"shipping-taxable","16":"purchasable","17":"product-type-simple"},"_links":{"self":[{"href":"https:\/\/www.flowersofsoul.com\/m\/wp-json\/wp\/v2\/product\/17766","targetHints":{"allow":["GET"]}}],"collection":[{"href":"https:\/\/www.flowersofsoul.com\/m\/wp-json\/wp\/v2\/product"}],"about":[{"href":"https:\/\/www.flowersofsoul.com\/m\/wp-json\/wp\/v2\/types\/product"}],"wp:featuredmedia":[{"embeddable":true,"href":"https:\/\/www.flowersofsoul.com\/m\/wp-json\/wp\/v2\/media\/17777"}],"wp:attachment":[{"href":"https:\/\/www.flowersofsoul.com\/m\/wp-json\/wp\/v2\/media?parent=17766"}],"wp:term":[{"taxonomy":"product_brand","embeddable":true,"href":"https:\/\/www.flowersofsoul.com\/m\/wp-json\/wp\/v2\/product_brand?post=17766"},{"taxonomy":"product_cat","embeddable":true,"href":"https:\/\/www.flowersofsoul.com\/m\/wp-json\/wp\/v2\/product_cat?post=17766"},{"taxonomy":"product_tag","embeddable":true,"href":"https:\/\/www.flowersofsoul.com\/m\/wp-json\/wp\/v2\/product_tag?post=17766"}],"curies":[{"name":"wp","href":"https:\/\/api.w.org\/{rel}","templated":true}]}}