{"id":17787,"date":"2025-03-10T19:17:38","date_gmt":"2025-03-10T17:17:38","guid":{"rendered":"https:\/\/www.flowersofsoul.com\/m\/?post_type=product&#038;p=17787"},"modified":"2026-03-11T22:05:54","modified_gmt":"2026-03-11T20:05:54","slug":"mini-gradina-cu-cactusi","status":"publish","type":"product","link":"https:\/\/www.flowersofsoul.com\/m\/produs\/mini-gradina-cu-cactusi\/","title":{"rendered":"Mini gr\u0103din\u0103 cu cactu\u0219i"},"content":{"rendered":"<p>Vas din sticl\u0103 ce con\u021bine 3 soiuri de mini cactu\u0219i \u0219i mu\u0219chi de p\u0103m\u00e2nt.<br \/>\nDimensiune vas din sticl\u0103: 15cm \u00een\u0103l\u021bime x 15cm diametru.<br \/>\nCactu\u0219ii pot s\u0103 difere at\u00e2t ca m\u0103rime c\u00e2t \u0219i ca aspect.<\/p>\n<p><strong>Cump\u0103rarea unui produs presupune c\u0103 a\u021bi citit \u0219i sunte\u021bi de acord cu termenii \u0219i condi\u021biile prezentate pe acest site.<\/strong><\/p>\n","protected":false},"excerpt":{"rendered":"<p>TVA inclus.<br \/>\nLivrare \u00een 1-2 zile.<br \/>\nLivr\u0103m doar \u00een Bucure\u0219ti \u0219i Ilfov.<br \/>\nPentru comenzi mai mari de 300 lei, livrarea este gratuit\u0103 \u00een Bucure\u0219ti.<br \/>\nLivr\u0103m personal la adresa stabilit\u0103.<br \/>\nConfirmare de livrare prin SMS.<br \/>\nFelicitare cadou.<\/p>\n","protected":false},"featured_media":17789,"template":"","meta":[],"product_brand":[],"product_cat":[169,35,36],"product_tag":[],"class_list":{"0":"post-17787","1":"product","2":"type-product","3":"status-publish","4":"has-post-thumbnail","6":"product_cat-aranjamente-florale","7":"product_cat-1-si-8-martie-sarbatori","8":"product_cat-paste-sarbatori","10":"first","11":"instock","12":"shipping-taxable","13":"purchasable","14":"product-type-simple"},"_links":{"self":[{"href":"https:\/\/www.flowersofsoul.com\/m\/wp-json\/wp\/v2\/product\/17787","targetHints":{"allow":["GET"]}}],"collection":[{"href":"https:\/\/www.flowersofsoul.com\/m\/wp-json\/wp\/v2\/product"}],"about":[{"href":"https:\/\/www.flowersofsoul.com\/m\/wp-json\/wp\/v2\/types\/product"}],"wp:featuredmedia":[{"embeddable":true,"href":"https:\/\/www.flowersofsoul.com\/m\/wp-json\/wp\/v2\/media\/17789"}],"wp:attachment":[{"href":"https:\/\/www.flowersofsoul.com\/m\/wp-json\/wp\/v2\/media?parent=17787"}],"wp:term":[{"taxonomy":"product_brand","embeddable":true,"href":"https:\/\/www.flowersofsoul.com\/m\/wp-json\/wp\/v2\/product_brand?post=17787"},{"taxonomy":"product_cat","embeddable":true,"href":"https:\/\/www.flowersofsoul.com\/m\/wp-json\/wp\/v2\/product_cat?post=17787"},{"taxonomy":"product_tag","embeddable":true,"href":"https:\/\/www.flowersofsoul.com\/m\/wp-json\/wp\/v2\/product_tag?post=17787"}],"curies":[{"name":"wp","href":"https:\/\/api.w.org\/{rel}","templated":true}]}}