{"id":18192,"date":"2025-07-24T18:29:23","date_gmt":"2025-07-24T15:29:23","guid":{"rendered":"https:\/\/www.flowersofsoul.com\/m\/?post_type=product&#038;p=18192"},"modified":"2025-08-03T10:59:13","modified_gmt":"2025-08-03T07:59:13","slug":"pachet-pentru-prima-baita-baita-de-mir-si-panza-din-muselina","status":"publish","type":"product","link":"https:\/\/www.flowersofsoul.com\/m\/produs\/pachet-pentru-prima-baita-baita-de-mir-si-panza-din-muselina\/","title":{"rendered":"Pachet pentru prima b\u0103i\u021b\u0103, b\u0103i\u021ba de mir \u0219i p\u00e2nz\u0103 din muselin\u0103"},"content":{"rendered":"<p>Pentru a comanda, ne pute\u021bi contacta la num\u0103rul de telefon 0760881228, scriindu-ne pe adresa de mail: <a href=\"mailto:contact@flowersofsoul.com\">contact@flowersofsoul.com<\/a>, prin mesaj privat pe pagina de <a href=\"https:\/\/www.facebook.com\/flowersofsoul\/\">Facebook &#8211; Flowers of Soul<\/a> sau se poate plasa direct de pe site.<br \/>\nDup\u0103 plasarea comenzii direct de pe site ve\u021bi fi contactat telefonic pentru a stabili data \u00een care poate fi efectuat\u0103 livrarea \u0219i numele bebelu\u0219ului pentru personalizare s\u0103cule\u021b \u0219i p\u00e2nz\u0103. Aceste detalii pot fi completate \u0219i \u00een sec\u021biunea <strong>Note comand\u0103<\/strong> \u00eenainte de finalizarea comenzii.<br \/>\n<strong>Comenzile se vor plasa cu minim 14 zile \u00eenainte de eveniment.<\/strong><br \/>\nAcest model poate fi livrat \u00een toat\u0103 \u021bara.<br \/>\nPentru comenzi mai mari de 300 lei, livrarea este gratuit\u0103 \u00een Bucure\u0219ti.<\/p>\n<p><strong>Cump\u0103rarea unui produs presupune c\u0103 a\u021bi citit \u0219i sunte\u021bi de acord cu termenii \u0219i condi\u021biile prezentate pe acest site.<\/strong><\/p>\n","protected":false},"excerpt":{"rendered":"<p>Pachetul este format din:<br \/>\n &#8211; un b\u0103nu\u021b din argint.<br \/>\n &#8211; mirodenii specifice b\u0103i\u021bei de a doua zi.<br \/>\n &#8211; s\u0103cule\u021b din in, brodat cu numele bebelu\u0219ului.<br \/>\n &#8211; o cartolin\u0103 cu semnifica\u021biile fiec\u0103rei mirodenii.<br \/>\n &#8211; un body din bumbac, brodat cu textul &#8222;Prima mea b\u0103i\u021b\u0103!&#8221;.<br \/>\n &#8211; un s\u0103punel din ingrediente 100% naturale.<br \/>\n &#8211; un mic cadou din partea echipei Flowers of Soul pentru micu\u021bul \u00eencre\u0219tinat.<br \/>\n \u2013 p\u00e2nz\u0103 realizat\u0103 din muselin\u0103 alb\u0103, cu margini din dantel\u0103 de bumbac \u0219i brodat\u0103 \u00een func\u021bie de tema botezului. Dimensiune: 100cm lungime x 100cm l\u0103\u021bime.<\/p>\n<p><em>Mirodenii:<br \/>\nGr\u00e2u &#8211; pentru a fi un om cinstit;<br \/>\nSemin\u021be de c\u00e2nep\u0103 &#8211; pentru a cre\u0219te mai repede;<br \/>\nFlori de tei &#8211; pentru a fi lini\u0219tit;<br \/>\nSemin\u021be de mac &#8211; pentru a avea un somn mai lini\u0219tit;<br \/>\nBusuioc &#8211; pentru a fi frumos \u0219i iubit;<br \/>\nPan\u0103 &#8211; pentru a fi u\u0219or ca fulgul;<br \/>\nMiere de salc\u00e2m &#8211; pentru a fi pl\u0103cut \u0219i dulce ca mierea;<br \/>\nOrez &#8211; pentru a fi bogat;<br \/>\nFlori de mu\u0219e\u021bel &#8211; pentru a mirosi bine;<br \/>\nMent\u0103 &#8211; pentru a fi s\u0103n\u0103tos;<br \/>\nM\u0103rar &#8211; pentru a fi pl\u0103cut de cei din jur,a\u0219a cum este pl\u0103cut \u00een bucate;<br \/>\nPetale de trandafiri &#8211; s\u0103 fie frumos ca trandafirul;<br \/>\nB\u0103nu\u021bul de argint &#8211; pentru a avea o via\u021b\u0103 \u00eembel\u0219ugat\u0103;<br \/>\nBrad &#8211; pentru a cre\u0219te falnic ca bradul.<\/em><\/p>\n<p>Ce mai trebuie ad\u0103ugat:<br \/>\nOu, lapte, o verighet\u0103 sfin\u021bit\u0103, pu\u021bin mir de la botez, agheasm\u0103, o buc\u0103\u021bic\u0103 de p\u00e2ine, ulei de la biseric\u0103 \u0219i uleiuri frumos mirositoare!<\/p>\n<p>Eprubetele \u0219i recipientul pentru miere sunt din plastic. Dimensiunea unei eprubete este de 12cm \u00een\u0103l\u021bime x 3cm diametru.<\/p>\n<p><a href=\"https:\/\/www.flowersofsoul.com\/m\/produs\/trusou-pentru-botez-in-cutie-alba-din-lemn-baby-blue\/\">Trusou pentru botez &#8211; b\u0103ie\u021bel<\/a><\/p>\n","protected":false},"featured_media":18195,"template":"","meta":[],"product_brand":[],"product_cat":[70,220,225],"product_tag":[226],"class_list":{"0":"post-18192","1":"product","2":"type-product","3":"status-publish","4":"has-post-thumbnail","6":"product_cat-lumanari-de-botez","7":"product_cat-lumanari-de-botez-cu-flori-naturale-uscate-si-conservate","8":"product_cat-trusouri-botez","9":"product_tag-trusouri-botez","11":"first","12":"instock","13":"shipping-taxable","14":"purchasable","15":"product-type-simple"},"_links":{"self":[{"href":"https:\/\/www.flowersofsoul.com\/m\/wp-json\/wp\/v2\/product\/18192","targetHints":{"allow":["GET"]}}],"collection":[{"href":"https:\/\/www.flowersofsoul.com\/m\/wp-json\/wp\/v2\/product"}],"about":[{"href":"https:\/\/www.flowersofsoul.com\/m\/wp-json\/wp\/v2\/types\/product"}],"wp:featuredmedia":[{"embeddable":true,"href":"https:\/\/www.flowersofsoul.com\/m\/wp-json\/wp\/v2\/media\/18195"}],"wp:attachment":[{"href":"https:\/\/www.flowersofsoul.com\/m\/wp-json\/wp\/v2\/media?parent=18192"}],"wp:term":[{"taxonomy":"product_brand","embeddable":true,"href":"https:\/\/www.flowersofsoul.com\/m\/wp-json\/wp\/v2\/product_brand?post=18192"},{"taxonomy":"product_cat","embeddable":true,"href":"https:\/\/www.flowersofsoul.com\/m\/wp-json\/wp\/v2\/product_cat?post=18192"},{"taxonomy":"product_tag","embeddable":true,"href":"https:\/\/www.flowersofsoul.com\/m\/wp-json\/wp\/v2\/product_tag?post=18192"}],"curies":[{"name":"wp","href":"https:\/\/api.w.org\/{rel}","templated":true}]}}