{"id":18363,"date":"2025-08-29T20:26:36","date_gmt":"2025-08-29T17:26:36","guid":{"rendered":"https:\/\/www.flowersofsoul.com\/m\/?post_type=product&#038;p=18363"},"modified":"2025-08-29T20:35:56","modified_gmt":"2025-08-29T17:35:56","slug":"lumanare-de-botez-italy","status":"publish","type":"product","link":"https:\/\/www.flowersofsoul.com\/m\/produs\/lumanare-de-botez-italy\/","title":{"rendered":"Lum\u00e2nare de botez &#8222;Italy&#8221;"},"content":{"rendered":"","protected":false},"excerpt":{"rendered":"<p>Lum\u00e2nare pentru botez de 34 cm \u00een\u0103l\u021bime x 6 cm diametru, bleu, alc\u0103tuit\u0103 din flori de bumbac, lagurus, gheme verzi \u0219i bleu, orz, figurine din fetru realizate manual \u0219i materiale pentru sus\u021binere.<br \/>\nAranjamentul floral este realizat pe o parte.<br \/>\nFigurine din fetru: l\u0103m\u00e2ie personalizat\u0103 cu nume, felii de l\u0103m\u00e2ie \u0219i motociclet\u0103 Vespa.<\/p>\n<p><em><a href=\"https:\/\/www.flowersofsoul.com\/m\/produs\/trusou-pentru-botez-in-cutie-alba-din-lemn-baby-blue\/\">Trusou pentru botez &#8211; b\u0103ie\u021bel.<\/a><br \/>\n<a href=\"https:\/\/www.flowersofsoul.com\/m\/produs\/trusou-pentru-botez-in-cutie-alba-din-lemn-baby-purple\/\">Trusou pentru botez &#8211; feti\u021b\u0103.<\/a><br \/>\n<a href=\"https:\/\/www.flowersofsoul.com\/m\/produs\/mirodenii-pentru-prima-baita-baita-de-mir\/\">Mirodenii pentru prima b\u0103i\u021b\u0103, b\u0103i\u021ba de mir.<\/a><\/em><\/p>\n<p>Pentru a comanda, ne pute\u021bi contacta la num\u0103rul de telefon 0760881228, scriindu-ne pe adresa de mail: <a href=\"mailto:contact@flowersofsoul.com\">contact@flowersofsoul.com<\/a>, prin mesaj privat pe pagina de <a href=\"https:\/\/www.facebook.com\/flowersofsoul\/\">Facebook &#8211; Flowers of Soul<\/a> sau se poate plasa direct de pe site.<br \/>\nDup\u0103 plasarea comenzii direct de pe site ve\u021bi fi contactat telefonic pentru a stabili data, intervalul orar \u00een care poate fi efectuat\u0103 livrarea \u0219i datele pentru personalizarea scoicii. Aceste detalii pot fi completate \u0219i \u00een sec\u021biunea <strong>Note comand\u0103<\/strong> \u00eenainte de finalizarea comenzii.<br \/>\n<strong>Comenzile se vor plasa cu minim 14 zile \u00eenainte de eveniment.<\/strong><br \/>\nAcest model poate fi livrat \u00een toat\u0103 \u021bara.<br \/>\nPentru comenzi mai mari de 300 lei, livrarea este gratuit\u0103 \u00een Bucure\u0219ti.<br \/>\nPentru un eveniment mai amplu ce va avea loc \u00een alt ora\u0219, taxa de livrare va fi stabilit\u0103 \u00een func\u021bie de distan\u021ba parcurs\u0103 p\u00e2n\u0103 la loca\u021bie. Livr\u0103rile sunt realizate prin curierii proprii.<br \/>\n\u00cen cazul \u00een care dori\u021bi un model personalizat sau mai multe aranjamente florale, ne pute\u021bi contacta la num\u0103rul de telefon 0760881228 sau scriindu-ne pe adresa de mail: <a href=\"mailto:contact@flowersofsoul.com\">contact@flowersofsoul.com<\/a>, unde se pot stabili toate aceste detalii sau se poate programa o \u00eent\u00e2lnire.<\/p>\n<p><strong>Cump\u0103rarea unui produs presupune c\u0103 a\u021bi citit \u0219i sunte\u021bi de acord cu termenii \u0219i condi\u021biile prezentate pe acest site.<\/strong><\/p>\n","protected":false},"featured_media":18366,"template":"","meta":[],"product_brand":[],"product_cat":[220],"product_tag":[71,72],"class_list":{"0":"post-18363","1":"product","2":"type-product","3":"status-publish","4":"has-post-thumbnail","6":"product_cat-lumanari-de-botez-cu-flori-naturale-uscate-si-conservate","7":"product_tag-botez","8":"product_tag-lumanare-de-botez","10":"first","11":"instock","12":"sold-individually","13":"shipping-taxable","14":"purchasable","15":"product-type-simple"},"_links":{"self":[{"href":"https:\/\/www.flowersofsoul.com\/m\/wp-json\/wp\/v2\/product\/18363","targetHints":{"allow":["GET"]}}],"collection":[{"href":"https:\/\/www.flowersofsoul.com\/m\/wp-json\/wp\/v2\/product"}],"about":[{"href":"https:\/\/www.flowersofsoul.com\/m\/wp-json\/wp\/v2\/types\/product"}],"wp:featuredmedia":[{"embeddable":true,"href":"https:\/\/www.flowersofsoul.com\/m\/wp-json\/wp\/v2\/media\/18366"}],"wp:attachment":[{"href":"https:\/\/www.flowersofsoul.com\/m\/wp-json\/wp\/v2\/media?parent=18363"}],"wp:term":[{"taxonomy":"product_brand","embeddable":true,"href":"https:\/\/www.flowersofsoul.com\/m\/wp-json\/wp\/v2\/product_brand?post=18363"},{"taxonomy":"product_cat","embeddable":true,"href":"https:\/\/www.flowersofsoul.com\/m\/wp-json\/wp\/v2\/product_cat?post=18363"},{"taxonomy":"product_tag","embeddable":true,"href":"https:\/\/www.flowersofsoul.com\/m\/wp-json\/wp\/v2\/product_tag?post=18363"}],"curies":[{"name":"wp","href":"https:\/\/api.w.org\/{rel}","templated":true}]}}