{"id":18430,"date":"2025-09-16T00:30:32","date_gmt":"2025-09-15T21:30:32","guid":{"rendered":"https:\/\/www.flowersofsoul.com\/m\/?post_type=product&#038;p=18430"},"modified":"2026-01-09T16:38:11","modified_gmt":"2026-01-09T14:38:11","slug":"coroana-funerara-cu-crizanteme-50cm-diametru-2","status":"publish","type":"product","link":"https:\/\/www.flowersofsoul.com\/m\/produs\/coroana-funerara-cu-crizanteme-50cm-diametru-2\/","title":{"rendered":"Coroan\u0103 funerar\u0103 cu crizanteme, 50cm diametru"},"content":{"rendered":"","protected":false},"excerpt":{"rendered":"<p><em>TVA inclus<br \/>\nOferim livrare rapid\u0103 pentru acest produs.<br \/>\nLivr\u0103m doar \u00een Bucure\u0219ti \u0219i Ilfov.<br \/>\nPentru comenzi mai mari de 300 lei, livrarea este gratuit\u0103 \u00een Bucure\u0219ti.<br \/>\nLivr\u0103m personal la adresa stabilit\u0103.<br \/>\nConfirmare de livrare prin SMS.<br \/>\nPanglic\u0103 cu mesaj inclus\u0103 \u00een pre\u021b.<br \/>\nSuport de sus\u021binere incorporat \u00een coroan\u0103.<\/p>\n<p>Coroan\u0103 funerar\u0103 lucrat\u0103 \u00een burete floral, cu suport de sus\u021binere, realizat\u0103 din 40 crizanteme, frunze decorative de salal \u0219i alte materiale pentru sus\u021binere.<br \/>\nDimesiune coroan\u0103: 50cm diametru exterior.<br \/>\nPoate suporta modific\u0103ri \u00een func\u021bie de disponibilitatea florilor.<\/p>\n<p><strong>Cump\u0103rarea unui produs presupune c\u0103 a\u021bi citit \u0219i sunte\u021bi de acord cu termenii \u0219i condi\u021biile prezentate pe acest site.<\/strong><\/em><\/p>\n","protected":false},"featured_media":18431,"template":"","meta":[],"product_brand":[],"product_cat":[237],"product_tag":[],"class_list":{"0":"post-18430","1":"product","2":"type-product","3":"status-publish","4":"has-post-thumbnail","6":"product_cat-funerar","8":"first","9":"instock","10":"shipping-taxable","11":"purchasable","12":"product-type-simple"},"_links":{"self":[{"href":"https:\/\/www.flowersofsoul.com\/m\/wp-json\/wp\/v2\/product\/18430","targetHints":{"allow":["GET"]}}],"collection":[{"href":"https:\/\/www.flowersofsoul.com\/m\/wp-json\/wp\/v2\/product"}],"about":[{"href":"https:\/\/www.flowersofsoul.com\/m\/wp-json\/wp\/v2\/types\/product"}],"wp:featuredmedia":[{"embeddable":true,"href":"https:\/\/www.flowersofsoul.com\/m\/wp-json\/wp\/v2\/media\/18431"}],"wp:attachment":[{"href":"https:\/\/www.flowersofsoul.com\/m\/wp-json\/wp\/v2\/media?parent=18430"}],"wp:term":[{"taxonomy":"product_brand","embeddable":true,"href":"https:\/\/www.flowersofsoul.com\/m\/wp-json\/wp\/v2\/product_brand?post=18430"},{"taxonomy":"product_cat","embeddable":true,"href":"https:\/\/www.flowersofsoul.com\/m\/wp-json\/wp\/v2\/product_cat?post=18430"},{"taxonomy":"product_tag","embeddable":true,"href":"https:\/\/www.flowersofsoul.com\/m\/wp-json\/wp\/v2\/product_tag?post=18430"}],"curies":[{"name":"wp","href":"https:\/\/api.w.org\/{rel}","templated":true}]}}