{"id":18589,"date":"2025-10-25T16:24:28","date_gmt":"2025-10-25T13:24:28","guid":{"rendered":"https:\/\/www.flowersofsoul.com\/m\/?post_type=product&#038;p=18589"},"modified":"2025-10-25T16:27:26","modified_gmt":"2025-10-25T13:27:26","slug":"decoratiuni-din-fetru-pentru-bradul-de-craciun","status":"publish","type":"product","link":"https:\/\/www.flowersofsoul.com\/m\/produs\/decoratiuni-din-fetru-pentru-bradul-de-craciun\/","title":{"rendered":"Decora\u021biuni din fetru pentru bradul de Cr\u0103ciun"},"content":{"rendered":"<p>Decora\u021biuni din fetru realizate manual, tip pernu\u021b\u0103. Setul con\u021bine 6 buc\u0103\u021bi sub diferite forme.<br \/>\nDimensiuni: 9cm \u00een\u0103l\u021bime &#8211; br\u0103du\u021b \u0219i acadea<br \/>\n            8cm \u00een\u0103l\u021bime &#8211; stelu\u021b\u0103<\/p>\n<p><strong>Cump\u0103rarea unui produs presupune c\u0103 a\u021bi citit \u0219i sunte\u021bi de acord cu termenii \u0219i condi\u021biile prezentate pe acest site.<\/strong><\/p>\n","protected":false},"excerpt":{"rendered":"<p>TVA inclus<br \/>\nLivrare \u00een 2-3 zile.<br \/>\nLivr\u0103m \u00een toat\u0103 \u021bara.<br \/>\nPentru comenzi mai mari de 300 lei, livrarea este gratuit\u0103 \u00een Bucure\u0219ti.<br \/>\nConfirmare de livrare prin SMS.<br \/>\nRealizat \u00een Rom\u00e2nia.<\/p>\n","protected":false},"featured_media":18596,"template":"","meta":[],"product_brand":[],"product_cat":[37,120],"product_tag":[],"class_list":{"0":"post-18589","1":"product","2":"type-product","3":"status-publish","4":"has-post-thumbnail","6":"product_cat-craciun-sarbatori","7":"product_cat-figurine-realizate-manual-din-lana-si-fetru","9":"first","10":"instock","11":"shipping-taxable","12":"purchasable","13":"product-type-simple"},"_links":{"self":[{"href":"https:\/\/www.flowersofsoul.com\/m\/wp-json\/wp\/v2\/product\/18589","targetHints":{"allow":["GET"]}}],"collection":[{"href":"https:\/\/www.flowersofsoul.com\/m\/wp-json\/wp\/v2\/product"}],"about":[{"href":"https:\/\/www.flowersofsoul.com\/m\/wp-json\/wp\/v2\/types\/product"}],"wp:featuredmedia":[{"embeddable":true,"href":"https:\/\/www.flowersofsoul.com\/m\/wp-json\/wp\/v2\/media\/18596"}],"wp:attachment":[{"href":"https:\/\/www.flowersofsoul.com\/m\/wp-json\/wp\/v2\/media?parent=18589"}],"wp:term":[{"taxonomy":"product_brand","embeddable":true,"href":"https:\/\/www.flowersofsoul.com\/m\/wp-json\/wp\/v2\/product_brand?post=18589"},{"taxonomy":"product_cat","embeddable":true,"href":"https:\/\/www.flowersofsoul.com\/m\/wp-json\/wp\/v2\/product_cat?post=18589"},{"taxonomy":"product_tag","embeddable":true,"href":"https:\/\/www.flowersofsoul.com\/m\/wp-json\/wp\/v2\/product_tag?post=18589"}],"curies":[{"name":"wp","href":"https:\/\/api.w.org\/{rel}","templated":true}]}}