{"id":18618,"date":"2025-10-27T19:04:47","date_gmt":"2025-10-27T17:04:47","guid":{"rendered":"https:\/\/www.flowersofsoul.com\/m\/?post_type=product&#038;p=18618"},"modified":"2025-10-27T20:13:29","modified_gmt":"2025-10-27T18:13:29","slug":"trusou-pentru-botez-balon-cu-aer-cald-si-ursulet-fetita","status":"publish","type":"product","link":"https:\/\/www.flowersofsoul.com\/m\/produs\/trusou-pentru-botez-balon-cu-aer-cald-si-ursulet-fetita\/","title":{"rendered":"Trusou pentru botez &#8211; Balon cu aer cald \u0219i ursule\u021b, feti\u021b\u0103"},"content":{"rendered":"<p>Pentru a comanda, ne pute\u021bi contacta la num\u0103rul de telefon 0760881228, scriindu-ne pe adresa de mail: <a href=\"mailto:contact@flowersofsoul.com\">contact@flowersofsoul.com<\/a>, prin mesaj privat pe pagina de <a href=\"https:\/\/www.facebook.com\/flowersofsoul\/\">Facebook &#8211; Flowers of Soul<\/a> sau se poate plasa direct de pe site.<br \/>\nDup\u0103 plasarea comenzii direct de pe site ve\u021bi fi contactat telefonic pentru a stabili data \u00een care poate fi efectuat\u0103 livrarea \u0219i numele pentru personalizare trusou. Aceste detalii pot fi completate \u0219i \u00een sec\u021biunea <strong>Note comand\u0103<\/strong> \u00eenainte de finalizarea comenzii.<br \/>\n<strong>Comenzile se vor plasa cu minim 14 zile \u00eenainte de eveniment.<\/strong><br \/>\nAcest model poate fi livrat \u00een toat\u0103 \u021bara.<br \/>\nPentru comenzi mai mari de 300 lei, livrarea este gratuit\u0103 \u00een Bucure\u0219ti.<\/p>\n<p><strong>Cump\u0103rarea unui produs presupune c\u0103 a\u021bi citit \u0219i sunte\u021bi de acord cu termenii \u0219i condi\u021biile prezentate pe acest site.<\/strong><\/p>\n","protected":false},"excerpt":{"rendered":"<p>Trusou pentru botez alc\u0103tuit din:<br \/>\n&#8211; cutie alb\u0103 din lemn realizat\u0103 manual cu mult\u0103 migal\u0103 \u0219i personalizat\u0103 cu nume. Dimensiune: 26cm lungime x 26cm l\u0103\u021bime.<br \/>\n&#8211; p\u00e2nz\u0103 de mir realizat\u0103 din muselin\u0103 alb\u0103, cu margini din dantel\u0103 de bumbac, brodat\u0103 cu nume \u0219i balon cu aer cald. Dimensiune: 100cm lungime x 100cm l\u0103\u021bime.<br \/>\n&#8211; prosop pentru bebelu\u0219 realizat din muselin\u0103 alb\u0103 dublat\u0103, brodat cu nume \u0219i balon cu aer cald. Dimensiune: 100cm lungime x 100cm l\u0103\u021bime.<br \/>\n&#8211; sticlu\u021b\u0103 pentru ulei\/mir personalizat\u0103 cu nume. Dimensiune: 7,5cm \u00een\u0103l\u021bime.<br \/>\n&#8211; cutiu\u021b\u0103 din lemn pentru suvi\u021b\u0103, realizat\u0103 manual \u0219i personalizat\u0103 cu nume.<\/p>\n<p>Acest trusou NU con\u021bine:<br \/>\n&#8211; fa\u0219\u0103 din bumbac pentru lum\u00e2narea de botez, brodat\u0103 cu nume. Dimensiune: 100cm lungime.<br \/>\n&#8211; prosop pentru preot din bumbac 100%, brodat cu ini\u021bialele numelui. Dimensiune: 50cm lungime.<br \/>\n&#8211; s\u0103pun realizat din ingrediente naturale.<br \/>\nPentru ad\u0103ugarea acestor produse ne pute\u021bi men\u021biona \u00een momentul \u00een care vom confirma comanda telefonic. \u00cen acest caz, costul trusoului se modific\u0103.<\/p>\n<p><em><a href=\"https:\/\/www.flowersofsoul.com\/m\/produs\/mirodenii-pentru-prima-baita-baita-de-mir-fetita\/\">Mirodenii pentru prima b\u0103i\u021b\u0103, b\u0103i\u021ba de mir.<\/a><\/em><br \/>\n<em><a href=\"https:\/\/www.flowersofsoul.com\/m\/produs\/lumanare-de-botez-cu-balon-si-ursulet-fetita\/\">Lum\u00e2nare pentru botez &#8211; balon cu aer cald \u0219i ursule\u021b<\/a><\/em><\/p>\n","protected":false},"featured_media":18615,"template":"","meta":[],"product_brand":[],"product_cat":[225],"product_tag":[226],"class_list":{"0":"post-18618","1":"product","2":"type-product","3":"status-publish","4":"has-post-thumbnail","6":"product_cat-trusouri-botez","7":"product_tag-trusouri-botez","9":"first","10":"instock","11":"shipping-taxable","12":"purchasable","13":"product-type-simple"},"_links":{"self":[{"href":"https:\/\/www.flowersofsoul.com\/m\/wp-json\/wp\/v2\/product\/18618","targetHints":{"allow":["GET"]}}],"collection":[{"href":"https:\/\/www.flowersofsoul.com\/m\/wp-json\/wp\/v2\/product"}],"about":[{"href":"https:\/\/www.flowersofsoul.com\/m\/wp-json\/wp\/v2\/types\/product"}],"wp:featuredmedia":[{"embeddable":true,"href":"https:\/\/www.flowersofsoul.com\/m\/wp-json\/wp\/v2\/media\/18615"}],"wp:attachment":[{"href":"https:\/\/www.flowersofsoul.com\/m\/wp-json\/wp\/v2\/media?parent=18618"}],"wp:term":[{"taxonomy":"product_brand","embeddable":true,"href":"https:\/\/www.flowersofsoul.com\/m\/wp-json\/wp\/v2\/product_brand?post=18618"},{"taxonomy":"product_cat","embeddable":true,"href":"https:\/\/www.flowersofsoul.com\/m\/wp-json\/wp\/v2\/product_cat?post=18618"},{"taxonomy":"product_tag","embeddable":true,"href":"https:\/\/www.flowersofsoul.com\/m\/wp-json\/wp\/v2\/product_tag?post=18618"}],"curies":[{"name":"wp","href":"https:\/\/api.w.org\/{rel}","templated":true}]}}