{"id":18621,"date":"2025-10-27T20:51:32","date_gmt":"2025-10-27T18:51:32","guid":{"rendered":"https:\/\/www.flowersofsoul.com\/m\/?post_type=product&#038;p=18621"},"modified":"2026-01-10T20:06:13","modified_gmt":"2026-01-10T18:06:13","slug":"lumanare-din-ceara-de-soia-fulg-de-nea-75gr","status":"publish","type":"product","link":"https:\/\/www.flowersofsoul.com\/m\/produs\/lumanare-din-ceara-de-soia-fulg-de-nea-75gr\/","title":{"rendered":"Lum\u00e2nare din cear\u0103 de soia &#8211; Fulg de nea, 75gr"},"content":{"rendered":"<p>Lum\u00e2nare din cear\u0103 de soia, 100% natural\u0103, turnat\u0103 \u0219i realizat\u0103 manual. Ceara de soia nu este cancerigen\u0103 \u015fi nu eman\u0103 compu\u015fi toxici la ardere. Este un produs ecologic.<br \/>\nParfumul lum\u00e2n\u0103rii este specific s\u0103rb\u0103torilor de iarn\u0103 (scor\u021bi\u0219oar\u0103, vanilie, brad \u0219i portocale).<\/p>\n<p>Greutate: 75gr<br \/>\nTimp de ardere: 2 ore<\/p>\n<p>Ceara de soia este ecologic\u0103 \u0219i 100% natural\u0103, ob\u021binut\u0103 din ulei de soia. Pentru a fi un produs 100% ecologic, folosim fitil din in \u0219i bumbac.<\/p>\n<p><strong>Cump\u0103rarea unui produs presupune c\u0103 a\u021bi citit \u0219i sunte\u021bi de acord cu termenii \u0219i condi\u021biile prezentate pe acest site.<\/strong><\/p>\n","protected":false},"excerpt":{"rendered":"<p>TVA inclus<br \/>\nLivrare \u00een 1-2 zile.<br \/>\nLivr\u0103m \u00een toat\u0103 \u021bara.<br \/>\nPentru comenzi mai mari de 300 lei, livrarea este gratuit\u0103 \u00een Bucure\u0219ti.<br \/>\nConfirmare de livrare prin SMS.<br \/>\nProdusele sunt oferite \u00een pung\u0103\/cutie de cadou.<br \/>\nFabricat \u00een Rom\u00e2nia.<\/p>\n","protected":false},"featured_media":18601,"template":"","meta":[],"product_brand":[],"product_cat":[37],"product_tag":[243,240,65,248,180,246,244],"class_list":{"0":"post-18621","1":"product","2":"type-product","3":"status-publish","4":"has-post-thumbnail","6":"product_cat-craciun-sarbatori","7":"product_tag-christmas-gift-box","8":"product_tag-lumanare-craciun","9":"product_tag-lumanare-din-ceara-de-soia","10":"product_tag-lumanare-fulg-de-nea","11":"product_tag-lumanare-parfumata","12":"product_tag-lumanare-sub-forma-de-ingeras","13":"product_tag-lumanari-din-ceara-de-soia-turnate-manual","15":"first","16":"instock","17":"shipping-taxable","18":"purchasable","19":"product-type-simple"},"_links":{"self":[{"href":"https:\/\/www.flowersofsoul.com\/m\/wp-json\/wp\/v2\/product\/18621","targetHints":{"allow":["GET"]}}],"collection":[{"href":"https:\/\/www.flowersofsoul.com\/m\/wp-json\/wp\/v2\/product"}],"about":[{"href":"https:\/\/www.flowersofsoul.com\/m\/wp-json\/wp\/v2\/types\/product"}],"wp:featuredmedia":[{"embeddable":true,"href":"https:\/\/www.flowersofsoul.com\/m\/wp-json\/wp\/v2\/media\/18601"}],"wp:attachment":[{"href":"https:\/\/www.flowersofsoul.com\/m\/wp-json\/wp\/v2\/media?parent=18621"}],"wp:term":[{"taxonomy":"product_brand","embeddable":true,"href":"https:\/\/www.flowersofsoul.com\/m\/wp-json\/wp\/v2\/product_brand?post=18621"},{"taxonomy":"product_cat","embeddable":true,"href":"https:\/\/www.flowersofsoul.com\/m\/wp-json\/wp\/v2\/product_cat?post=18621"},{"taxonomy":"product_tag","embeddable":true,"href":"https:\/\/www.flowersofsoul.com\/m\/wp-json\/wp\/v2\/product_tag?post=18621"}],"curies":[{"name":"wp","href":"https:\/\/api.w.org\/{rel}","templated":true}]}}