{"id":18648,"date":"2025-11-09T17:45:05","date_gmt":"2025-11-09T15:45:05","guid":{"rendered":"https:\/\/www.flowersofsoul.com\/m\/?post_type=product&#038;p=18648"},"modified":"2025-11-09T17:50:14","modified_gmt":"2025-11-09T15:50:14","slug":"aranjament-floral-pentru-masina","status":"publish","type":"product","link":"https:\/\/www.flowersofsoul.com\/m\/produs\/aranjament-floral-pentru-masina\/","title":{"rendered":"Aranjament floral pentru ma\u0219in\u0103"},"content":{"rendered":"","protected":false},"excerpt":{"rendered":"<p>Aranjament floral pentru ma\u0219in\u0103, lucrat pe suport special cu ventuz\u0103, alc\u0103tuit din 15 trandafiri Vendela, 6 mini roze bordo, orhidee Phalaenopsis, floarea miresei alb\u0103, frunze de eucalipt \u0219i materiale pentru sus\u021binere.<\/p>\n<p>Pentru a comanda, ne pute\u021bi contacta la num\u0103rul de telefon 0760881228, scriindu-ne pe adresa de mail: <a href=\"mailto:contact@flowersofsoul.com\">contact@flowersofsoul.com<\/a>, prin mesaj privat pe pagina de <a href=\"https:\/\/www.facebook.com\/flowersofsoul\/\">Facebook &#8211; Flowers of Soul<\/a> sau se poate plasa direct de pe site.<br \/>\nDup\u0103 plasarea comenzii direct de pe site ve\u021bi fi contactat telefonic pentru a stabili urm\u0103toarele detalii. Aceste detalii pot fi completate \u0219i \u00een sec\u021biunea <strong>Note comand\u0103<\/strong> \u00eenainte de finalizarea comenzii.<br \/>\n<strong>Comenzile se vor plasa cu minim 14 zile \u00eenainte de eveniment.<\/strong><br \/>\nLivr\u0103m doar \u00een Bucure\u0219ti \u0219i Ilfov.<br \/>\nPentru comenzi mai mari de 300 lei, livrarea este gratuit\u0103 \u00een Bucure\u0219ti.<br \/>\nPentru un eveniment mai amplu ce va avea loc \u00een alt ora\u0219, taxa de livrare va fi stabilit\u0103 \u00een func\u021bie de distan\u021ba parcurs\u0103 p\u00e2n\u0103 la loca\u021bie. Livr\u0103rile sunt realizate prin curierii proprii.<br \/>\nLivr\u0103m personal \u00een ziua evenimentului la adresa stabilit\u0103.<br \/>\n\u00cen cazul \u00een care dori\u021bi un model personalizat sau mai multe aranjamente florale, ne pute\u021bi contacta la num\u0103rul de telefon 0760881228 sau scriindu-ne pe adresa de mail: <a href=\"mailto:contact@flowersofsoul.com\" rel=\"noopener\" target=\"_blank\">contact@flowersofsoul.com<\/a>, unde se pot stabili toate aceste detalii sau se poate programa o \u00eent\u00e2lnire.<\/p>\n<p><strong>Cump\u0103rarea unui produs presupune c\u0103 a\u021bi citit \u0219i sunte\u021bi de acord cu termenii \u0219i condi\u021biile prezentate pe acest site.<\/strong><\/p>\n","protected":false},"featured_media":18649,"template":"","meta":[],"product_brand":[],"product_cat":[152,155],"product_tag":[71,138,212],"class_list":{"0":"post-18648","1":"product","2":"type-product","3":"status-publish","4":"has-post-thumbnail","6":"product_cat-decor-accesorii","7":"product_cat-decor-accesorii-nunta","8":"product_tag-botez","9":"product_tag-nunta","10":"product_tag-panou-cu-asezarea-la-mese","12":"first","13":"instock","14":"shipping-taxable","15":"purchasable","16":"product-type-simple"},"_links":{"self":[{"href":"https:\/\/www.flowersofsoul.com\/m\/wp-json\/wp\/v2\/product\/18648","targetHints":{"allow":["GET"]}}],"collection":[{"href":"https:\/\/www.flowersofsoul.com\/m\/wp-json\/wp\/v2\/product"}],"about":[{"href":"https:\/\/www.flowersofsoul.com\/m\/wp-json\/wp\/v2\/types\/product"}],"wp:featuredmedia":[{"embeddable":true,"href":"https:\/\/www.flowersofsoul.com\/m\/wp-json\/wp\/v2\/media\/18649"}],"wp:attachment":[{"href":"https:\/\/www.flowersofsoul.com\/m\/wp-json\/wp\/v2\/media?parent=18648"}],"wp:term":[{"taxonomy":"product_brand","embeddable":true,"href":"https:\/\/www.flowersofsoul.com\/m\/wp-json\/wp\/v2\/product_brand?post=18648"},{"taxonomy":"product_cat","embeddable":true,"href":"https:\/\/www.flowersofsoul.com\/m\/wp-json\/wp\/v2\/product_cat?post=18648"},{"taxonomy":"product_tag","embeddable":true,"href":"https:\/\/www.flowersofsoul.com\/m\/wp-json\/wp\/v2\/product_tag?post=18648"}],"curies":[{"name":"wp","href":"https:\/\/api.w.org\/{rel}","templated":true}]}}