{"id":18787,"date":"2025-12-13T13:21:47","date_gmt":"2025-12-13T11:21:47","guid":{"rendered":"https:\/\/www.flowersofsoul.com\/m\/?post_type=product&#038;p=18787"},"modified":"2026-01-09T16:39:13","modified_gmt":"2026-01-09T14:39:13","slug":"coroana-funerara-din-brad-natural-si-flori-de-bumbac-40cm-diametru","status":"publish","type":"product","link":"https:\/\/www.flowersofsoul.com\/m\/produs\/coroana-funerara-din-brad-natural-si-flori-de-bumbac-40cm-diametru\/","title":{"rendered":"Coroan\u0103 funerar\u0103 din brad natural \u0219i flori de bumbac &#8211; 40cm diametru"},"content":{"rendered":"","protected":false},"excerpt":{"rendered":"<p><em>TVA inclus<br \/>\nOferim livrare rapid\u0103 pentru acest produs.<br \/>\nPentru comenzi mai mari de 300 lei, livrarea este gratuit\u0103 \u00een Bucure\u0219ti.<br \/>\nLivr\u0103m personal la adresa stabilit\u0103.<br \/>\nConfirmare de livrare prin SMS.<br \/>\nPanglic\u0103 cu mesaj inclus\u0103 \u00een pre\u021b.<\/p>\n<p>Coroan\u0103 funerar\u0103 lucrat\u0103 din crengu\u021be de brad, 14 flori de bumbac \u0219i alte materiale pentru sus\u021binere.<br \/>\nDimesiune coroan\u0103: 40cm diametru exterior.<\/p>\n<p><strong>Cump\u0103rarea unui produs presupune c\u0103 a\u021bi citit \u0219i sunte\u021bi de acord cu termenii \u0219i condi\u021biile prezentate pe acest site.<\/strong><\/em><\/p>\n","protected":false},"featured_media":18789,"template":"","meta":[],"product_brand":[],"product_cat":[237],"product_tag":[],"class_list":{"0":"post-18787","1":"product","2":"type-product","3":"status-publish","4":"has-post-thumbnail","6":"product_cat-funerar","8":"first","9":"instock","10":"shipping-taxable","11":"purchasable","12":"product-type-simple"},"_links":{"self":[{"href":"https:\/\/www.flowersofsoul.com\/m\/wp-json\/wp\/v2\/product\/18787","targetHints":{"allow":["GET"]}}],"collection":[{"href":"https:\/\/www.flowersofsoul.com\/m\/wp-json\/wp\/v2\/product"}],"about":[{"href":"https:\/\/www.flowersofsoul.com\/m\/wp-json\/wp\/v2\/types\/product"}],"wp:featuredmedia":[{"embeddable":true,"href":"https:\/\/www.flowersofsoul.com\/m\/wp-json\/wp\/v2\/media\/18789"}],"wp:attachment":[{"href":"https:\/\/www.flowersofsoul.com\/m\/wp-json\/wp\/v2\/media?parent=18787"}],"wp:term":[{"taxonomy":"product_brand","embeddable":true,"href":"https:\/\/www.flowersofsoul.com\/m\/wp-json\/wp\/v2\/product_brand?post=18787"},{"taxonomy":"product_cat","embeddable":true,"href":"https:\/\/www.flowersofsoul.com\/m\/wp-json\/wp\/v2\/product_cat?post=18787"},{"taxonomy":"product_tag","embeddable":true,"href":"https:\/\/www.flowersofsoul.com\/m\/wp-json\/wp\/v2\/product_tag?post=18787"}],"curies":[{"name":"wp","href":"https:\/\/api.w.org\/{rel}","templated":true}]}}