{"id":18802,"date":"2025-12-15T20:25:48","date_gmt":"2025-12-15T18:25:48","guid":{"rendered":"https:\/\/www.flowersofsoul.com\/m\/?post_type=product&#038;p=18802"},"modified":"2025-12-15T20:29:29","modified_gmt":"2025-12-15T18:29:29","slug":"aranjament-pentru-masa-de-sarbatori-cu-brad-si-lumanare-rosie","status":"publish","type":"product","link":"https:\/\/www.flowersofsoul.com\/m\/produs\/aranjament-pentru-masa-de-sarbatori-cu-brad-si-lumanare-rosie\/","title":{"rendered":"Aranjament pentru masa de s\u0103rb\u0103tori cu brad \u0219i lum\u00e2nare ro\u0219ie"},"content":{"rendered":"<p>Aranjament pentru Cr\u0103ciun realizat cu brad natural, alc\u0103tuit din crengu\u021be de ilex, crengu\u021be de brad, scor\u021bi\u0219oar\u0103, globuri din sticl\u0103, felie de mesteac\u0103n, lum\u00e2nare ro\u0219ie, conuri \u0219i alte materiale pentru sus\u021binere. Produsul din imagine poate suporta modific\u0103ri.<br \/>\nDimensiune aranjament cu brad: 30cm diametru<br \/>\nDimensiune lum\u00e2nare: 18cm \u00een\u0103l\u021bime x 7cm diametru<\/p>\n<p><strong>Cump\u0103rarea unui produs presupune c\u0103 a\u021bi citit \u0219i sunte\u021bi de acord cu termenii \u0219i condi\u021biile prezentate pe acest site.<\/strong><\/p>\n","protected":false},"excerpt":{"rendered":"<p>TVA inclus<br \/>\nLivrare \u00een 1-2 zile.<br \/>\nLivr\u0103m doar \u00een Bucure\u0219ti \u0219i Ilfov.<br \/>\nPentru comenzi mai mari de 300 lei, livrarea este gratuit\u0103 \u00een Bucure\u0219ti.<br \/>\nLivr\u0103m personal la adresa stabilit\u0103.<br \/>\nConfirmare de livrare prin SMS.<br \/>\nFelicitare cadou.<\/p>\n","protected":false},"featured_media":18800,"template":"","meta":[],"product_brand":[],"product_cat":[37],"product_tag":[261,50,52,51],"class_list":{"0":"post-18802","1":"product","2":"type-product","3":"status-publish","4":"has-post-thumbnail","6":"product_cat-craciun-sarbatori","7":"product_tag-aranjament-pentru-masa-de-sarbatori-cu-brad-si-lumanare-rosie","8":"product_tag-craciun","9":"product_tag-decoratiuni-cu-brad","10":"product_tag-sarbatori","12":"first","13":"instock","14":"shipping-taxable","15":"purchasable","16":"product-type-simple"},"_links":{"self":[{"href":"https:\/\/www.flowersofsoul.com\/m\/wp-json\/wp\/v2\/product\/18802","targetHints":{"allow":["GET"]}}],"collection":[{"href":"https:\/\/www.flowersofsoul.com\/m\/wp-json\/wp\/v2\/product"}],"about":[{"href":"https:\/\/www.flowersofsoul.com\/m\/wp-json\/wp\/v2\/types\/product"}],"wp:featuredmedia":[{"embeddable":true,"href":"https:\/\/www.flowersofsoul.com\/m\/wp-json\/wp\/v2\/media\/18800"}],"wp:attachment":[{"href":"https:\/\/www.flowersofsoul.com\/m\/wp-json\/wp\/v2\/media?parent=18802"}],"wp:term":[{"taxonomy":"product_brand","embeddable":true,"href":"https:\/\/www.flowersofsoul.com\/m\/wp-json\/wp\/v2\/product_brand?post=18802"},{"taxonomy":"product_cat","embeddable":true,"href":"https:\/\/www.flowersofsoul.com\/m\/wp-json\/wp\/v2\/product_cat?post=18802"},{"taxonomy":"product_tag","embeddable":true,"href":"https:\/\/www.flowersofsoul.com\/m\/wp-json\/wp\/v2\/product_tag?post=18802"}],"curies":[{"name":"wp","href":"https:\/\/api.w.org\/{rel}","templated":true}]}}