{"id":18813,"date":"2025-12-19T16:50:00","date_gmt":"2025-12-19T14:50:00","guid":{"rendered":"https:\/\/www.flowersofsoul.com\/m\/?post_type=product&#038;p=18813"},"modified":"2025-12-19T17:00:40","modified_gmt":"2025-12-19T15:00:40","slug":"coronita-din-brad-natural-vasc-pin-si-lumanare-din-ceara-de-soia","status":"publish","type":"product","link":"https:\/\/www.flowersofsoul.com\/m\/produs\/coronita-din-brad-natural-vasc-pin-si-lumanare-din-ceara-de-soia\/","title":{"rendered":"Coroni\u021b\u0103 din brad natural, v\u00e2sc, pin \u0219i lum\u00e2nare din cear\u0103 de soia"},"content":{"rendered":"<p>Coroni\u021b\u0103 lucrat\u0103 manual, cu felii de portocale, ilex ro\u0219u, stelu\u021be din lemn, crengu\u021be de brad, crengu\u021be de pin, v\u00e2sc \u0219i lum\u00e2nare parfumat\u0103 din cear\u0103 de soia, 100% natural\u0103, turnat\u0103 manual cu fitil din lemn.<br \/>\nCeara de soia nu este cancerigen\u0103 \u0219i nu eman\u0103 compu\u0219i toxici \u00een timpul arderii. Este un produs ecologic. Fitilul din lemn este conceput special pentru ceara vegetal\u0103.<br \/>\n&#8211; Coroni\u021b\u0103: aproximativ 25cm diametru exterior.<br \/>\n&#8211; Greutate net\u0103 lum\u00e2nare: 160gr.<br \/>\nParfumul lum\u00e2n\u0103rii este specific s\u0103rb\u0103torilor de iarn\u0103 (scor\u021bi\u0219oar\u0103, vanilie, brad \u0219i portocale).<\/p>\n<p><strong>Cump\u0103rarea unui produs presupune c\u0103 a\u021bi citit \u0219i sunte\u021bi de acord cu termenii \u0219i condi\u021biile prezentate pe acest site.<\/strong><\/p>\n","protected":false},"excerpt":{"rendered":"<p>TVA inclus.<br \/>\nLivrare \u00een 1-2 zile.<br \/>\nLivr\u0103m \u00een toat\u0103 \u021bara.<br \/>\nPentru comenzi mai mari de 300 lei, livrarea este gratuit\u0103 \u00een Bucure\u0219ti.<br \/>\nLivr\u0103m personal la adresa stabilit\u0103.<br \/>\nConfirmare de livrare prin SMS.<br \/>\nFelicitare cadou.<\/p>\n","protected":false},"featured_media":18815,"template":"","meta":[],"product_brand":[],"product_cat":[37],"product_tag":[50,52,51],"class_list":{"0":"post-18813","1":"product","2":"type-product","3":"status-publish","4":"has-post-thumbnail","6":"product_cat-craciun-sarbatori","7":"product_tag-craciun","8":"product_tag-decoratiuni-cu-brad","9":"product_tag-sarbatori","11":"first","12":"instock","13":"shipping-taxable","14":"purchasable","15":"product-type-simple"},"_links":{"self":[{"href":"https:\/\/www.flowersofsoul.com\/m\/wp-json\/wp\/v2\/product\/18813","targetHints":{"allow":["GET"]}}],"collection":[{"href":"https:\/\/www.flowersofsoul.com\/m\/wp-json\/wp\/v2\/product"}],"about":[{"href":"https:\/\/www.flowersofsoul.com\/m\/wp-json\/wp\/v2\/types\/product"}],"wp:featuredmedia":[{"embeddable":true,"href":"https:\/\/www.flowersofsoul.com\/m\/wp-json\/wp\/v2\/media\/18815"}],"wp:attachment":[{"href":"https:\/\/www.flowersofsoul.com\/m\/wp-json\/wp\/v2\/media?parent=18813"}],"wp:term":[{"taxonomy":"product_brand","embeddable":true,"href":"https:\/\/www.flowersofsoul.com\/m\/wp-json\/wp\/v2\/product_brand?post=18813"},{"taxonomy":"product_cat","embeddable":true,"href":"https:\/\/www.flowersofsoul.com\/m\/wp-json\/wp\/v2\/product_cat?post=18813"},{"taxonomy":"product_tag","embeddable":true,"href":"https:\/\/www.flowersofsoul.com\/m\/wp-json\/wp\/v2\/product_tag?post=18813"}],"curies":[{"name":"wp","href":"https:\/\/api.w.org\/{rel}","templated":true}]}}