{"id":18855,"date":"2026-01-07T16:47:00","date_gmt":"2026-01-07T14:47:00","guid":{"rendered":"https:\/\/www.flowersofsoul.com\/m\/?post_type=product&#038;p=18855"},"modified":"2026-01-10T01:30:24","modified_gmt":"2026-01-09T23:30:24","slug":"brosa-realizata-manual-trifoi-ii","status":"publish","type":"product","link":"https:\/\/www.flowersofsoul.com\/m\/produs\/brosa-realizata-manual-trifoi-ii\/","title":{"rendered":"Bro\u0219\u0103 realizat\u0103 manual &#8211; Trifoi II"},"content":{"rendered":"","protected":false},"excerpt":{"rendered":"<p>TVA inclus<br \/>\nLivrare \u00een 2-3 zile.<br \/>\nLivr\u0103m \u00een toat\u0103 \u021bara.<br \/>\nPentru comenzi mai mari de 300 lei, livrarea este gratuit\u0103 \u00een Bucure\u0219ti.<br \/>\nConfirmare de livrare prin SMS.<\/p>\n<p>O bro\u0219\u0103 delicat\u0103 sub form\u0103 de trifoi, perfect\u0103 pentru orice ocazie. Realizat\u0103 din m\u0103rgele clasice \u0219i m\u0103rgele din sticl\u0103 ce confer\u0103 o str\u0103lucire subtil\u0103, cusute manual cu mult\u0103 migal\u0103. La aceast\u0103 bro\u0219\u0103 am ad\u0103ugat \u0219i un pic de ro\u0219u pentru curaj \u0219i noroc.<br \/>\nSistemul de prindere este prev\u0103zut cu ac de siguran\u021b\u0103. Dimensiune bro\u0219\u0103: 5,8cm \u00een\u0103l\u021bime x 5,8cm lungime.<br \/>\nEste ambalat\u0103 \u00een h\u00e2rtie fin\u0103 de m\u0103tase \u0219i cutie special aleas\u0103.<\/p>\n<p>Pentru a comanda, ne pute\u021bi contacta la num\u0103rul de telefon 0760881228, scriindu-ne pe adresa de mail: <a href=\"mailto:contact@flowersofsoul.com\">contact@flowersofsoul.com<\/a>, prin mesaj privat pe pagina de <a href=\"https:\/\/www.facebook.com\/flowersofsoul\/\">Facebook &#8211; Flowers of Soul<\/a> sau se poate plasa direct de pe site.<br \/>\nDup\u0103 plasarea comenzii direct de pe site ve\u021bi fi contactat telefonic pentru a stabili data \u0219i intervalul orar \u00een care poate fi efectuat\u0103 livrarea. Aceste detalii pot fi completate \u0219i \u00een sec\u021biunea <strong>Note comand\u0103<\/strong> \u00eenainte de finalizarea comenzii.<br \/>\n\u00cen cazul \u00een care dori\u021bi un model personalizat, ne pute\u021bi contacta la num\u0103rul de telefon 0760881228 sau scriindu-ne pe adresa de mail: <a href=\"mailto:contact@flowersofsoul.com\" rel=\"noopener\" target=\"_blank\">contact@flowersofsoul.com<\/a>, unde se pot stabili toate aceste detalii.<\/p>\n<p><strong>Cump\u0103rarea unui produs presupune c\u0103 a\u021bi citit \u0219i sunte\u021bi de acord cu termenii \u0219i condi\u021biile prezentate pe acest site.<\/strong><\/p>\n","protected":false},"featured_media":18841,"template":"","meta":[],"product_brand":[],"product_cat":[35,123,120],"product_tag":[262,263,268],"class_list":{"0":"post-18855","1":"product","2":"type-product","3":"status-publish","4":"has-post-thumbnail","6":"product_cat-1-si-8-martie-sarbatori","7":"product_cat-figurine-realizate-manual-din-lana-si-fetru-botez","8":"product_cat-figurine-realizate-manual-din-lana-si-fetru","9":"product_tag-brosa","10":"product_tag-brosa-realizata-manual","11":"product_tag-brosa-trifoi","13":"first","14":"instock","15":"shipping-taxable","16":"purchasable","17":"product-type-simple"},"_links":{"self":[{"href":"https:\/\/www.flowersofsoul.com\/m\/wp-json\/wp\/v2\/product\/18855","targetHints":{"allow":["GET"]}}],"collection":[{"href":"https:\/\/www.flowersofsoul.com\/m\/wp-json\/wp\/v2\/product"}],"about":[{"href":"https:\/\/www.flowersofsoul.com\/m\/wp-json\/wp\/v2\/types\/product"}],"wp:featuredmedia":[{"embeddable":true,"href":"https:\/\/www.flowersofsoul.com\/m\/wp-json\/wp\/v2\/media\/18841"}],"wp:attachment":[{"href":"https:\/\/www.flowersofsoul.com\/m\/wp-json\/wp\/v2\/media?parent=18855"}],"wp:term":[{"taxonomy":"product_brand","embeddable":true,"href":"https:\/\/www.flowersofsoul.com\/m\/wp-json\/wp\/v2\/product_brand?post=18855"},{"taxonomy":"product_cat","embeddable":true,"href":"https:\/\/www.flowersofsoul.com\/m\/wp-json\/wp\/v2\/product_cat?post=18855"},{"taxonomy":"product_tag","embeddable":true,"href":"https:\/\/www.flowersofsoul.com\/m\/wp-json\/wp\/v2\/product_tag?post=18855"}],"curies":[{"name":"wp","href":"https:\/\/api.w.org\/{rel}","templated":true}]}}