{"id":18909,"date":"2026-01-10T16:34:32","date_gmt":"2026-01-10T14:34:32","guid":{"rendered":"https:\/\/www.flowersofsoul.com\/m\/?post_type=product&#038;p=18909"},"modified":"2026-03-21T10:30:48","modified_gmt":"2026-03-21T08:30:48","slug":"lumanare-din-ceara-de-soia-turnata-manual-lalea-dubla-100gr","status":"publish","type":"product","link":"https:\/\/www.flowersofsoul.com\/m\/produs\/lumanare-din-ceara-de-soia-turnata-manual-lalea-dubla-100gr\/","title":{"rendered":"Lum\u00e2nare din cear\u0103 de soia turnat\u0103 manual &#8211; Lalea dubl\u0103, 100gr"},"content":{"rendered":"<p>Lum\u00e2nare parfumat\u0103 din cear\u0103 natural\u0103 de soia turnat\u0103 manual, sub form\u0103 de lalea dubl\u0103.<br \/>\nGreutate net\u0103 lum\u00e2nare: 100gr<br \/>\nDimensiune lum\u00e2nare: 7,50cm \u00een\u0103l\u021bime<br \/>\nParfumul fructat poate fi o combina\u021bie \u00eentre Mango \u0219i Fructul Pasiunii.<br \/>\nParfumul floral poate fi o combina\u021bie \u00eentre Floare de Portocal, Iris, Patchouli, Iasomie, Vanilie, Bujori \u0219i Trandafiri.<\/p>\n<p>Ceara de soia este ecologic\u0103 \u0219i 100% natural\u0103, ob\u021binut\u0103 din ulei de soia. Pentru a fi un produs 100% ecologic, folosim fitil din in \u0219i bumbac.<\/p>\n","protected":false},"excerpt":{"rendered":"<p>TVA inclus<br \/>\nLivrare \u00een 1-2 zile.<br \/>\nLivr\u0103m \u00een toat\u0103 \u021bara.<br \/>\nPentru comenzi mai mari de 300 lei, livrarea este gratuit\u0103 \u00een Bucure\u0219ti.<br \/>\nConfirmare de livrare prin SMS.<br \/>\nLum\u00e2narea este oferit\u0103 \u00een pung\u0103\/cutie de cadou.<br \/>\nFabricat\u0103 \u00een Rom\u00e2nia.<\/p>\n","protected":false},"featured_media":18884,"template":"","meta":[],"product_brand":[],"product_cat":[209,35,36,47],"product_tag":[59,270,65,187,180],"class_list":{"0":"post-18909","1":"product","2":"type-product","3":"status-publish","4":"has-post-thumbnail","6":"product_cat-buchete-cu-flori-carti-si-lumanari","7":"product_cat-1-si-8-martie-sarbatori","8":"product_cat-paste-sarbatori","9":"product_cat-lumanari-din-ceara-de-soia","10":"product_tag-1-si-8-martie","11":"product_tag-lumanare-cu-lalele","12":"product_tag-lumanare-din-ceara-de-soia","13":"product_tag-lumanare-naturala","14":"product_tag-lumanare-parfumata","16":"first","17":"instock","18":"sale","19":"shipping-taxable","20":"purchasable","21":"product-type-variable"},"_links":{"self":[{"href":"https:\/\/www.flowersofsoul.com\/m\/wp-json\/wp\/v2\/product\/18909","targetHints":{"allow":["GET"]}}],"collection":[{"href":"https:\/\/www.flowersofsoul.com\/m\/wp-json\/wp\/v2\/product"}],"about":[{"href":"https:\/\/www.flowersofsoul.com\/m\/wp-json\/wp\/v2\/types\/product"}],"wp:featuredmedia":[{"embeddable":true,"href":"https:\/\/www.flowersofsoul.com\/m\/wp-json\/wp\/v2\/media\/18884"}],"wp:attachment":[{"href":"https:\/\/www.flowersofsoul.com\/m\/wp-json\/wp\/v2\/media?parent=18909"}],"wp:term":[{"taxonomy":"product_brand","embeddable":true,"href":"https:\/\/www.flowersofsoul.com\/m\/wp-json\/wp\/v2\/product_brand?post=18909"},{"taxonomy":"product_cat","embeddable":true,"href":"https:\/\/www.flowersofsoul.com\/m\/wp-json\/wp\/v2\/product_cat?post=18909"},{"taxonomy":"product_tag","embeddable":true,"href":"https:\/\/www.flowersofsoul.com\/m\/wp-json\/wp\/v2\/product_tag?post=18909"}],"curies":[{"name":"wp","href":"https:\/\/api.w.org\/{rel}","templated":true}]}}