{"id":18913,"date":"2026-01-10T16:50:22","date_gmt":"2026-01-10T14:50:22","guid":{"rendered":"https:\/\/www.flowersofsoul.com\/m\/?post_type=product&#038;p=18913"},"modified":"2026-03-21T10:33:56","modified_gmt":"2026-03-21T08:33:56","slug":"set-lumanari-din-ceara-de-soia-turnate-manual-flori-de-primavara-220gr","status":"publish","type":"product","link":"https:\/\/www.flowersofsoul.com\/m\/produs\/set-lumanari-din-ceara-de-soia-turnate-manual-flori-de-primavara-220gr\/","title":{"rendered":"Set lum\u00e2n\u0103ri din cear\u0103 de soia turnate manual &#8211; Flori de prim\u0103var\u0103, 220gr"},"content":{"rendered":"<p>Dou\u0103 lum\u00e2n\u0103ri parfumate din cear\u0103 natural\u0103 de soia turnate manual, sub form\u0103 de lalele duble.<br \/>\nGreutate net\u0103 lum\u00e2n\u0103ri: 220gr<br \/>\nDimensiune lum\u00e2nare lalea\/floare de prim\u0103var\u0103: 9,50cm \u00een\u0103l\u021bime<br \/>\nDimensiune lum\u00e2nare cifra 8: 7,5cm \u00een\u0103l\u021bime<br \/>\nParfumul fructat poate fi o combina\u021bie \u00eentre Mango \u0219i Fructul Pasiunii.<br \/>\nParfumul floral poate fi o combina\u021bie \u00eentre Floare de Portocal, Iris, Patchouli, Iasomie, Vanilie, Bujori \u0219i Trandafiri.<\/p>\n<p>Ceara de soia este ecologic\u0103 \u0219i 100% natural\u0103, ob\u021binut\u0103 din ulei de soia. Pentru a fi un produs 100% ecologic, folosim fitil din in \u0219i bumbac.<\/p>\n","protected":false},"excerpt":{"rendered":"<p>TVA inclus<br \/>\nLivrare \u00een 1-2 zile.<br \/>\nLivr\u0103m \u00een toat\u0103 \u021bara.<br \/>\nPentru comenzi mai mari de 300 lei, livrarea este gratuit\u0103 \u00een Bucure\u0219ti.<br \/>\nConfirmare de livrare prin SMS.<br \/>\nLum\u00e2narea este oferit\u0103 \u00een pung\u0103\/cutie de cadou.<br \/>\nFabricat\u0103 \u00een Rom\u00e2nia.<\/p>\n","protected":false},"featured_media":18887,"template":"","meta":[],"product_brand":[],"product_cat":[35],"product_tag":[59,270,65,187,180,273],"class_list":{"0":"post-18913","1":"product","2":"type-product","3":"status-publish","4":"has-post-thumbnail","6":"product_cat-1-si-8-martie-sarbatori","7":"product_tag-1-si-8-martie","8":"product_tag-lumanare-cu-lalele","9":"product_tag-lumanare-din-ceara-de-soia","10":"product_tag-lumanare-naturala","11":"product_tag-lumanare-parfumata","12":"product_tag-lumanari-flori-de-primavara","14":"first","15":"instock","16":"shipping-taxable","17":"purchasable","18":"product-type-variable"},"_links":{"self":[{"href":"https:\/\/www.flowersofsoul.com\/m\/wp-json\/wp\/v2\/product\/18913","targetHints":{"allow":["GET"]}}],"collection":[{"href":"https:\/\/www.flowersofsoul.com\/m\/wp-json\/wp\/v2\/product"}],"about":[{"href":"https:\/\/www.flowersofsoul.com\/m\/wp-json\/wp\/v2\/types\/product"}],"wp:featuredmedia":[{"embeddable":true,"href":"https:\/\/www.flowersofsoul.com\/m\/wp-json\/wp\/v2\/media\/18887"}],"wp:attachment":[{"href":"https:\/\/www.flowersofsoul.com\/m\/wp-json\/wp\/v2\/media?parent=18913"}],"wp:term":[{"taxonomy":"product_brand","embeddable":true,"href":"https:\/\/www.flowersofsoul.com\/m\/wp-json\/wp\/v2\/product_brand?post=18913"},{"taxonomy":"product_cat","embeddable":true,"href":"https:\/\/www.flowersofsoul.com\/m\/wp-json\/wp\/v2\/product_cat?post=18913"},{"taxonomy":"product_tag","embeddable":true,"href":"https:\/\/www.flowersofsoul.com\/m\/wp-json\/wp\/v2\/product_tag?post=18913"}],"curies":[{"name":"wp","href":"https:\/\/api.w.org\/{rel}","templated":true}]}}