{"id":18951,"date":"2026-01-15T08:47:30","date_gmt":"2026-01-15T06:47:30","guid":{"rendered":"https:\/\/www.flowersofsoul.com\/m\/?post_type=product&#038;p=18951"},"modified":"2026-03-11T22:00:53","modified_gmt":"2026-03-11T20:00:53","slug":"set-lumanare-din-ceara-de-soia-si-buchet-cu-flori-uscate-si-conservate-ea-si-el","status":"publish","type":"product","link":"https:\/\/www.flowersofsoul.com\/m\/produs\/set-lumanare-din-ceara-de-soia-si-buchet-cu-flori-uscate-si-conservate-ea-si-el\/","title":{"rendered":"Set lum\u00e2nare din cear\u0103 de soia \u0219i buchet cu flori naturale uscate \u0219i conservate &#8211; Ea \u0219i el"},"content":{"rendered":"<p>Lum\u00e2nare din cear\u0103 natural\u0103 de soia turnat\u0103 manual \u0219i buchet realizat cu flori naturale conservate \u0219i uscate (lagurus, craspedia, nigella, mini floarea miresei, gr\u00e2u, pampas, rice flower, panglic\u0103 m\u0103tase). Buchetul este creat special pentru a rezista foarte mult timp.<br \/>\nDimensiune lum\u00e2nare: 11cm \u00een\u0103l\u021bime, 120gr<br \/>\nDimensiune buchet: 17cm \u00een\u0103l\u021bime<br \/>\nParfumul fructat poate fi o combina\u021bie \u00eentre Mango \u0219i Fructul Pasiunii.<br \/>\nParfumul floral poate fi o combina\u021bie \u00eentre Floare de Portocal, Iris, Patchouli, Iasomie, Vanilie, Bujori \u0219i Trandafiri.<\/p>\n<p>Ceara de soia este ecologic\u0103 \u0219i 100% natural\u0103, ob\u021binut\u0103 din ulei de soia. Pentru a fi un produs 100% ecologic, folosim fitil din in \u0219i bumbac.<\/p>\n","protected":false},"excerpt":{"rendered":"<p>TVA inclus<br \/>\nLivrare \u00een 1-2 zile.<br \/>\nLivr\u0103m \u00een toat\u0103 \u021bara.<br \/>\nPentru comenzi mai mari de 300 lei, livrarea este gratuit\u0103 \u00een Bucure\u0219ti.<br \/>\nConfirmare de livrare prin SMS.<br \/>\nLum\u00e2narea este oferit\u0103 \u00een pung\u0103\/cutie de cadou.<br \/>\nFabricat\u0103 \u00een Rom\u00e2nia.<\/p>\n","protected":false},"featured_media":18954,"template":"","meta":[],"product_brand":[],"product_cat":[209,61,35,33,36,47],"product_tag":[59,281,65,282,187,180,56],"class_list":{"0":"post-18951","1":"product","2":"type-product","3":"status-publish","4":"has-post-thumbnail","6":"product_cat-buchete-cu-flori-carti-si-lumanari","7":"product_cat-pachete-aniversare","8":"product_cat-1-si-8-martie-sarbatori","9":"product_cat-valentines-day-sarbatori","10":"product_cat-paste-sarbatori","11":"product_cat-lumanari-din-ceara-de-soia","12":"product_tag-1-si-8-martie","13":"product_tag-buchet-cu-flori-uscate-si-conservate","14":"product_tag-lumanare-din-ceara-de-soia","15":"product_tag-lumanare-ea-si-el","16":"product_tag-lumanare-naturala","17":"product_tag-lumanare-parfumata","18":"product_tag-valentines-day","20":"first","21":"instock","22":"shipping-taxable","23":"purchasable","24":"product-type-variable"},"_links":{"self":[{"href":"https:\/\/www.flowersofsoul.com\/m\/wp-json\/wp\/v2\/product\/18951","targetHints":{"allow":["GET"]}}],"collection":[{"href":"https:\/\/www.flowersofsoul.com\/m\/wp-json\/wp\/v2\/product"}],"about":[{"href":"https:\/\/www.flowersofsoul.com\/m\/wp-json\/wp\/v2\/types\/product"}],"wp:featuredmedia":[{"embeddable":true,"href":"https:\/\/www.flowersofsoul.com\/m\/wp-json\/wp\/v2\/media\/18954"}],"wp:attachment":[{"href":"https:\/\/www.flowersofsoul.com\/m\/wp-json\/wp\/v2\/media?parent=18951"}],"wp:term":[{"taxonomy":"product_brand","embeddable":true,"href":"https:\/\/www.flowersofsoul.com\/m\/wp-json\/wp\/v2\/product_brand?post=18951"},{"taxonomy":"product_cat","embeddable":true,"href":"https:\/\/www.flowersofsoul.com\/m\/wp-json\/wp\/v2\/product_cat?post=18951"},{"taxonomy":"product_tag","embeddable":true,"href":"https:\/\/www.flowersofsoul.com\/m\/wp-json\/wp\/v2\/product_tag?post=18951"}],"curies":[{"name":"wp","href":"https:\/\/api.w.org\/{rel}","templated":true}]}}