{"id":18963,"date":"2026-01-19T08:09:18","date_gmt":"2026-01-19T06:09:18","guid":{"rendered":"https:\/\/www.flowersofsoul.com\/m\/?post_type=product&#038;p=18963"},"modified":"2026-01-23T21:27:07","modified_gmt":"2026-01-23T19:27:07","slug":"prosecco-buchet-lumanare-si-boboane-de-ciocolata","status":"publish","type":"product","link":"https:\/\/www.flowersofsoul.com\/m\/produs\/prosecco-buchet-lumanare-si-boboane-de-ciocolata\/","title":{"rendered":"Prosecco, buchet, lum\u00e2nare \u0219i bomboane de ciocolat\u0103"},"content":{"rendered":"<p>Prosecco, buchet realizat din flori conservate \u0219i uscate, lum\u00e2nare parfumat\u0103 din cear\u0103 de soia sub form\u0103 de trandafir \u0219i boboane de ciocolat\u0103.<\/p>\n<p>Lum\u00e2nare din cear\u0103 natural\u0103 de soia turnat\u0103 manual \u00een suport din sticl\u0103 cu capac.<br \/>\nBuchet realizat cu flori naturale conservate \u0219i uscate (lagurus, craspedia, nigella, mini floarea miresei, gr\u00e2u, pampas, rice flower, panglic\u0103 m\u0103tase). Buchetul este creat special pentru a rezista foarte mult timp.<br \/>\nDimensiune lum\u00e2nare: 9cm \u00een\u0103l\u021bime x 6,5cm diametru, 90gr<br \/>\nDimensiune buchet: 17cm \u00een\u0103l\u021bime<br \/>\nProsecco rose extra sec Zarea Bella Vita D.O.C., 0.2 l.<br \/>\nBomboane de ciocolat\u0103 Mon Cheri.<br \/>\nPung\u0103 transparent\u0103 pentru cadou cu inimioare.<br \/>\nParfumul fructat poate fi o combina\u021bie \u00eentre Mango \u0219i Fructul Pasiunii.<br \/>\nParfumul floral poate fi o combina\u021bie \u00eentre Floare de Portocal, Iris, Patchouli, Iasomie, Vanilie, Bujori \u0219i Trandafiri.<\/p>\n<p>Ceara de soia este ecologic\u0103 \u0219i 100% natural\u0103, ob\u021binut\u0103 din ulei de soia. Pentru a fi un produs 100% ecologic, folosim fitil din in \u0219i bumbac.<\/p>\n","protected":false},"excerpt":{"rendered":"<p>TVA inclus<br \/>\nLivrare \u00een 1-2 zile.<br \/>\nLivr\u0103m \u00een toat\u0103 \u021bara.<br \/>\nPentru comenzi mai mari de 300 lei, livrarea este gratuit\u0103 \u00een Bucure\u0219ti.<br \/>\nConfirmare de livrare prin SMS.<br \/>\nLum\u00e2narea este oferit\u0103 \u00een pung\u0103\/cutie de cadou.<br \/>\nFabricat\u0103 \u00een Rom\u00e2nia.<\/p>\n","protected":false},"featured_media":18965,"template":"","meta":[],"product_brand":[],"product_cat":[209,61,35,33,47],"product_tag":[59,281,65,282,187,180,56],"class_list":{"0":"post-18963","1":"product","2":"type-product","3":"status-publish","4":"has-post-thumbnail","6":"product_cat-buchete-cu-flori-carti-si-lumanari","7":"product_cat-pachete-aniversare","8":"product_cat-1-si-8-martie-sarbatori","9":"product_cat-valentines-day-sarbatori","10":"product_cat-lumanari-din-ceara-de-soia","11":"product_tag-1-si-8-martie","12":"product_tag-buchet-cu-flori-uscate-si-conservate","13":"product_tag-lumanare-din-ceara-de-soia","14":"product_tag-lumanare-ea-si-el","15":"product_tag-lumanare-naturala","16":"product_tag-lumanare-parfumata","17":"product_tag-valentines-day","19":"first","20":"instock","21":"shipping-taxable","22":"purchasable","23":"product-type-variable"},"_links":{"self":[{"href":"https:\/\/www.flowersofsoul.com\/m\/wp-json\/wp\/v2\/product\/18963","targetHints":{"allow":["GET"]}}],"collection":[{"href":"https:\/\/www.flowersofsoul.com\/m\/wp-json\/wp\/v2\/product"}],"about":[{"href":"https:\/\/www.flowersofsoul.com\/m\/wp-json\/wp\/v2\/types\/product"}],"wp:featuredmedia":[{"embeddable":true,"href":"https:\/\/www.flowersofsoul.com\/m\/wp-json\/wp\/v2\/media\/18965"}],"wp:attachment":[{"href":"https:\/\/www.flowersofsoul.com\/m\/wp-json\/wp\/v2\/media?parent=18963"}],"wp:term":[{"taxonomy":"product_brand","embeddable":true,"href":"https:\/\/www.flowersofsoul.com\/m\/wp-json\/wp\/v2\/product_brand?post=18963"},{"taxonomy":"product_cat","embeddable":true,"href":"https:\/\/www.flowersofsoul.com\/m\/wp-json\/wp\/v2\/product_cat?post=18963"},{"taxonomy":"product_tag","embeddable":true,"href":"https:\/\/www.flowersofsoul.com\/m\/wp-json\/wp\/v2\/product_tag?post=18963"}],"curies":[{"name":"wp","href":"https:\/\/api.w.org\/{rel}","templated":true}]}}