{"id":19019,"date":"2026-01-22T18:37:20","date_gmt":"2026-01-22T16:37:20","guid":{"rendered":"https:\/\/www.flowersofsoul.com\/m\/?post_type=product&#038;p=19019"},"modified":"2026-03-11T21:58:56","modified_gmt":"2026-03-11T19:58:56","slug":"aranjament-floral-cu-lalele-mini-narcise-mimosa-si-bulb-de-zambila","status":"publish","type":"product","link":"https:\/\/www.flowersofsoul.com\/m\/produs\/aranjament-floral-cu-lalele-mini-narcise-mimosa-si-bulb-de-zambila\/","title":{"rendered":"Aranjament floral cu lalele, mini narcise, mimosa \u0219i bulb de zambil\u0103"},"content":{"rendered":"<p>Aranjament floral realizat \u00een vas din ceramic\u0103, alc\u0103tuit din 11 lalele, mini narcise, licheni, bulb de zambil\u0103, mimosa, \u0219nur din l\u00e2n\u0103 natural\u0103, frunze de m\u0103slin \u0219i alte materiale pentru sus\u021binere.<br \/>\nDimensiune vas din ceramic\u0103 f\u0103r\u0103 flori: 13 cm diametru x 10 cm \u00een\u0103l\u021bime.<br \/>\nRecomand\u0103m plasarea comenzii cu 7 zile \u00een avans. Lucr\u0103m doar pe baz\u0103 de comand\u0103 pentru a oferi cele mai proaspete flori.<\/p>\n<p><strong>Cump\u0103rarea unui produs presupune c\u0103 a\u021bi citit \u0219i sunte\u021bi de acord cu termenii \u0219i condi\u021biile prezentate pe acest site.<\/strong><\/p>\n","protected":false},"excerpt":{"rendered":"<p>TVA inclus<br \/>\nDisponibil doar la comand\u0103.<br \/>\nLivr\u0103m doar \u00een Bucure\u0219ti \u0219i Ilfov.<br \/>\nPentru comenzi mai mari de 300 lei, livrarea este gratuit\u0103 \u00een Bucure\u0219ti.<br \/>\nLivr\u0103m personal la adresa stabilit\u0103.<br \/>\nConfirmare de livrare prin SMS.<br \/>\nFelicitare \u0219i pung\u0103 cadou.<\/p>\n","protected":false},"featured_media":19020,"template":"","meta":[],"product_brand":[],"product_cat":[169,35,36],"product_tag":[59,57,51,58],"class_list":{"0":"post-19019","1":"product","2":"type-product","3":"status-publish","4":"has-post-thumbnail","6":"product_cat-aranjamente-florale","7":"product_cat-1-si-8-martie-sarbatori","8":"product_cat-paste-sarbatori","9":"product_tag-1-si-8-martie","10":"product_tag-florii","11":"product_tag-sarbatori","12":"product_tag-ziua-femeii","14":"first","15":"instock","16":"shipping-taxable","17":"purchasable","18":"product-type-simple"},"_links":{"self":[{"href":"https:\/\/www.flowersofsoul.com\/m\/wp-json\/wp\/v2\/product\/19019","targetHints":{"allow":["GET"]}}],"collection":[{"href":"https:\/\/www.flowersofsoul.com\/m\/wp-json\/wp\/v2\/product"}],"about":[{"href":"https:\/\/www.flowersofsoul.com\/m\/wp-json\/wp\/v2\/types\/product"}],"wp:featuredmedia":[{"embeddable":true,"href":"https:\/\/www.flowersofsoul.com\/m\/wp-json\/wp\/v2\/media\/19020"}],"wp:attachment":[{"href":"https:\/\/www.flowersofsoul.com\/m\/wp-json\/wp\/v2\/media?parent=19019"}],"wp:term":[{"taxonomy":"product_brand","embeddable":true,"href":"https:\/\/www.flowersofsoul.com\/m\/wp-json\/wp\/v2\/product_brand?post=19019"},{"taxonomy":"product_cat","embeddable":true,"href":"https:\/\/www.flowersofsoul.com\/m\/wp-json\/wp\/v2\/product_cat?post=19019"},{"taxonomy":"product_tag","embeddable":true,"href":"https:\/\/www.flowersofsoul.com\/m\/wp-json\/wp\/v2\/product_tag?post=19019"}],"curies":[{"name":"wp","href":"https:\/\/api.w.org\/{rel}","templated":true}]}}