{"id":19033,"date":"2026-01-23T21:22:28","date_gmt":"2026-01-23T19:22:28","guid":{"rendered":"https:\/\/www.flowersofsoul.com\/m\/?post_type=product&#038;p=19033"},"modified":"2026-03-11T21:58:35","modified_gmt":"2026-03-11T19:58:35","slug":"carte-lumanare-vin-rosu-si-bomboane-de-ciocolata-pentru-el","status":"publish","type":"product","link":"https:\/\/www.flowersofsoul.com\/m\/produs\/carte-lumanare-vin-rosu-si-bomboane-de-ciocolata-pentru-el\/","title":{"rendered":"Carte, lum\u00e2nare, vin ro\u0219u \u0219i bomboane de ciocolat\u0103 &#8211; Pentru El"},"content":{"rendered":"<p>Lum\u00e2nare din cear\u0103 natural\u0103 de soia turnat\u0103 manual, El \u0219i Ea. Dimensiune lum\u00e2nare: 11cm \u00een\u0103l\u021bime, 120gr<br \/>\nBeciul Domnesc Feteasca Neagra 0.187L<br \/>\nBomboane de ciocolat\u0103 Mon Cheri.<br \/>\nParfumul fructat al lum\u00e2n\u0103rii poate fi o combina\u021bie \u00eentre Mango \u0219i Fructul Pasiunii.<br \/>\nParfumul floral al lum\u00e2n\u0103rii poate fi o combina\u021bie \u00eentre Floare de Portocal, Iris, Patchouli, Iasomie, Vanilie, Bujori \u0219i Trandafiri.<\/p>\n<p>Ceara de soia este ecologic\u0103 \u0219i 100% natural\u0103, ob\u021binut\u0103 din ulei de soia. Pentru a fi un produs 100% ecologic, folosim fitil din in \u0219i bumbac.<\/p>\n","protected":false},"excerpt":{"rendered":"<p>TVA inclus<br \/>\nLivrare \u00een 1-2 zile.<br \/>\nLivr\u0103m \u00een toat\u0103 \u021bara.<br \/>\nPentru comenzi mai mari de 300 lei, livrarea este gratuit\u0103 \u00een Bucure\u0219ti.<br \/>\nConfirmare de livrare prin SMS.<br \/>\nLum\u00e2narea este oferit\u0103 \u00een pung\u0103\/cutie de cadou.<br \/>\nFabricat\u0103 \u00een Rom\u00e2nia.<\/p>\n","protected":false},"featured_media":19028,"template":"","meta":[],"product_brand":[],"product_cat":[209,61,35,33,36,47],"product_tag":[59,65,282,187,180,287,56],"class_list":{"0":"post-19033","1":"product","2":"type-product","3":"status-publish","4":"has-post-thumbnail","6":"product_cat-buchete-cu-flori-carti-si-lumanari","7":"product_cat-pachete-aniversare","8":"product_cat-1-si-8-martie-sarbatori","9":"product_cat-valentines-day-sarbatori","10":"product_cat-paste-sarbatori","11":"product_cat-lumanari-din-ceara-de-soia","12":"product_tag-1-si-8-martie","13":"product_tag-lumanare-din-ceara-de-soia","14":"product_tag-lumanare-ea-si-el","15":"product_tag-lumanare-naturala","16":"product_tag-lumanare-parfumata","17":"product_tag-lumanare-pentru-el","18":"product_tag-valentines-day","20":"first","21":"instock","22":"shipping-taxable","23":"purchasable","24":"product-type-variable"},"_links":{"self":[{"href":"https:\/\/www.flowersofsoul.com\/m\/wp-json\/wp\/v2\/product\/19033","targetHints":{"allow":["GET"]}}],"collection":[{"href":"https:\/\/www.flowersofsoul.com\/m\/wp-json\/wp\/v2\/product"}],"about":[{"href":"https:\/\/www.flowersofsoul.com\/m\/wp-json\/wp\/v2\/types\/product"}],"wp:featuredmedia":[{"embeddable":true,"href":"https:\/\/www.flowersofsoul.com\/m\/wp-json\/wp\/v2\/media\/19028"}],"wp:attachment":[{"href":"https:\/\/www.flowersofsoul.com\/m\/wp-json\/wp\/v2\/media?parent=19033"}],"wp:term":[{"taxonomy":"product_brand","embeddable":true,"href":"https:\/\/www.flowersofsoul.com\/m\/wp-json\/wp\/v2\/product_brand?post=19033"},{"taxonomy":"product_cat","embeddable":true,"href":"https:\/\/www.flowersofsoul.com\/m\/wp-json\/wp\/v2\/product_cat?post=19033"},{"taxonomy":"product_tag","embeddable":true,"href":"https:\/\/www.flowersofsoul.com\/m\/wp-json\/wp\/v2\/product_tag?post=19033"}],"curies":[{"name":"wp","href":"https:\/\/api.w.org\/{rel}","templated":true}]}}