{"id":19086,"date":"2026-02-01T21:18:24","date_gmt":"2026-02-01T19:18:24","guid":{"rendered":"https:\/\/www.flowersofsoul.com\/m\/?post_type=product&#038;p=19086"},"modified":"2026-03-11T22:32:42","modified_gmt":"2026-03-11T20:32:42","slug":"set-lumanari-din-ceara-de-soia-turnate-manual-catel-westie-si-flori-de-primavara-475gr","status":"publish","type":"product","link":"https:\/\/www.flowersofsoul.com\/m\/produs\/set-lumanari-din-ceara-de-soia-turnate-manual-catel-westie-si-flori-de-primavara-475gr\/","title":{"rendered":"Set lum\u00e2n\u0103ri din cear\u0103 de soia turnate manual &#8211; c\u0103\u021bel Westie \u0219i flori de prim\u0103var\u0103, 475gr"},"content":{"rendered":"<p>Set lum\u00e2n\u0103ri parfumate din cear\u0103 natural\u0103 de soia turnate manual, sub form\u0103 de c\u0103\u021bel &#8211; rasa Westie \u0219i 2 flori de prim\u0103var\u0103 colorate.<br \/>\nGreutate net\u0103 lum\u00e2n\u0103ri: 475gr<br \/>\nDimensiune lum\u00e2nare c\u0103\u021bel: 12cm \u00een\u0103l\u021bime<br \/>\nDimensiune lum\u00e2nare floare: 9,5cm \u00een\u0103l\u021bime x 2 buc\u0103\u021bi<br \/>\nParfumul fructat poate fi o combina\u021bie \u00eentre Mango \u0219i Fructul Pasiunii.<br \/>\nParfumul floral poate fi o combina\u021bie \u00eentre Floare de Portocal, Iris, Patchouli, Iasomie, Vanilie, Bujori \u0219i Trandafiri.<\/p>\n<p>Ceara de soia este ecologic\u0103 \u0219i 100% natural\u0103, ob\u021binut\u0103 din ulei de soia. Pentru a fi un produs 100% ecologic, folosim fitil din in \u0219i bumbac.<\/p>\n","protected":false},"excerpt":{"rendered":"<p>TVA inclus<br \/>\nLivrare \u00een 1-2 zile.<br \/>\nLivr\u0103m \u00een toat\u0103 \u021bara.<br \/>\nPentru comenzi mai mari de 300 lei, livrarea este gratuit\u0103 \u00een Bucure\u0219ti.<br \/>\nConfirmare de livrare prin SMS.<br \/>\nLum\u00e2narea este oferit\u0103 \u00een pung\u0103\/cutie de cadou.<br \/>\nFabricat\u0103 \u00een Rom\u00e2nia.<\/p>\n","protected":false},"featured_media":19083,"template":"","meta":[],"product_brand":[],"product_cat":[209,35,36,47],"product_tag":[59,280,290,65,187,180,273],"class_list":{"0":"post-19086","1":"product","2":"type-product","3":"status-publish","4":"has-post-thumbnail","6":"product_cat-buchete-cu-flori-carti-si-lumanari","7":"product_cat-1-si-8-martie-sarbatori","8":"product_cat-paste-sarbatori","9":"product_cat-lumanari-din-ceara-de-soia","10":"product_tag-1-si-8-martie","11":"product_tag-lumanare-cu-catel","12":"product_tag-lumanare-cu-westie","13":"product_tag-lumanare-din-ceara-de-soia","14":"product_tag-lumanare-naturala","15":"product_tag-lumanare-parfumata","16":"product_tag-lumanari-flori-de-primavara","18":"first","19":"instock","20":"shipping-taxable","21":"purchasable","22":"product-type-variable"},"_links":{"self":[{"href":"https:\/\/www.flowersofsoul.com\/m\/wp-json\/wp\/v2\/product\/19086","targetHints":{"allow":["GET"]}}],"collection":[{"href":"https:\/\/www.flowersofsoul.com\/m\/wp-json\/wp\/v2\/product"}],"about":[{"href":"https:\/\/www.flowersofsoul.com\/m\/wp-json\/wp\/v2\/types\/product"}],"wp:featuredmedia":[{"embeddable":true,"href":"https:\/\/www.flowersofsoul.com\/m\/wp-json\/wp\/v2\/media\/19083"}],"wp:attachment":[{"href":"https:\/\/www.flowersofsoul.com\/m\/wp-json\/wp\/v2\/media?parent=19086"}],"wp:term":[{"taxonomy":"product_brand","embeddable":true,"href":"https:\/\/www.flowersofsoul.com\/m\/wp-json\/wp\/v2\/product_brand?post=19086"},{"taxonomy":"product_cat","embeddable":true,"href":"https:\/\/www.flowersofsoul.com\/m\/wp-json\/wp\/v2\/product_cat?post=19086"},{"taxonomy":"product_tag","embeddable":true,"href":"https:\/\/www.flowersofsoul.com\/m\/wp-json\/wp\/v2\/product_tag?post=19086"}],"curies":[{"name":"wp","href":"https:\/\/api.w.org\/{rel}","templated":true}]}}