{"id":19091,"date":"2026-02-04T20:39:10","date_gmt":"2026-02-04T18:39:10","guid":{"rendered":"https:\/\/www.flowersofsoul.com\/m\/?post_type=product&#038;p=19091"},"modified":"2026-02-05T19:04:56","modified_gmt":"2026-02-05T17:04:56","slug":"set-lumanari-din-ceara-de-soia-turnate-manual-vaza-minimalista-si-trandafir-alb","status":"publish","type":"product","link":"https:\/\/www.flowersofsoul.com\/m\/produs\/set-lumanari-din-ceara-de-soia-turnate-manual-vaza-minimalista-si-trandafir-alb\/","title":{"rendered":"Set lum\u00e2n\u0103ri din cear\u0103 de soia turnate manual, vaz\u0103 minimalist\u0103 \u0219i trandafir alb"},"content":{"rendered":"<p>Dou\u0103 lum\u00e2n\u0103ri parfumate din cear\u0103 natural\u0103 de soia, turnate manual.<br \/>\nDimensiune lum\u00e2nare inim\u0103: 7cm lungime x 7cm l\u0103\u021bime, 70gr<br \/>\nDimensiune lum\u00e2nare \u00eendr\u0103gosti\u021bi: 11cm \u00een\u0103l\u021bime, 120gr<br \/>\nParfumul fructat poate fi o combina\u021bie \u00eentre Mango \u0219i Fructul Pasiunii.<br \/>\nParfumul floral poate fi o combina\u021bie \u00eentre Floare de Portocal, Iris, Patchouli, Iasomie, Vanilie, Bujori \u0219i Trandafiri.<\/p>\n<p>Vaz\u0103 minimalist\u0103 imprimat\u0103 3D sub form\u0103 de inim\u0103 cu eprubet\u0103 \u0219i trandafir alb natural.<br \/>\nDimensiune suport inim\u0103: 16cm \u00een\u0103l\u021bime<\/p>\n<p>Ceara de soia este ecologic\u0103 \u0219i 100% natural\u0103, ob\u021binut\u0103 din ulei de soia. Pentru a fi un produs 100% ecologic, folosim fitil din in \u0219i bumbac.<\/p>\n","protected":false},"excerpt":{"rendered":"<p>TVA inclus<br \/>\nLivrare \u00een 1-2 zile.<br \/>\nLivr\u0103m \u00een toat\u0103 \u021bara.<br \/>\nPentru comenzi mai mari de 300 lei, livrarea este gratuit\u0103 \u00een Bucure\u0219ti.<br \/>\nConfirmare de livrare prin SMS.<br \/>\nLum\u00e2narea este oferit\u0103 \u00een pung\u0103\/cutie de cadou.<br \/>\nFabricat\u0103 \u00een Rom\u00e2nia.<\/p>\n","protected":false},"featured_media":19093,"template":"","meta":[],"product_brand":[],"product_cat":[209,169,61,35,33,47],"product_tag":[59,65,282,288,187,180,273,292,291],"class_list":{"0":"post-19091","1":"product","2":"type-product","3":"status-publish","4":"has-post-thumbnail","6":"product_cat-buchete-cu-flori-carti-si-lumanari","7":"product_cat-aranjamente-florale","8":"product_cat-pachete-aniversare","9":"product_cat-1-si-8-martie-sarbatori","10":"product_cat-valentines-day-sarbatori","11":"product_cat-lumanari-din-ceara-de-soia","12":"product_tag-1-si-8-martie","13":"product_tag-lumanare-din-ceara-de-soia","14":"product_tag-lumanare-ea-si-el","15":"product_tag-lumanare-inima","16":"product_tag-lumanare-naturala","17":"product_tag-lumanare-parfumata","18":"product_tag-lumanari-flori-de-primavara","19":"product_tag-trandafir-alb","20":"product_tag-vaza-minimalista","22":"first","23":"instock","24":"shipping-taxable","25":"purchasable","26":"product-type-variable"},"_links":{"self":[{"href":"https:\/\/www.flowersofsoul.com\/m\/wp-json\/wp\/v2\/product\/19091","targetHints":{"allow":["GET"]}}],"collection":[{"href":"https:\/\/www.flowersofsoul.com\/m\/wp-json\/wp\/v2\/product"}],"about":[{"href":"https:\/\/www.flowersofsoul.com\/m\/wp-json\/wp\/v2\/types\/product"}],"wp:featuredmedia":[{"embeddable":true,"href":"https:\/\/www.flowersofsoul.com\/m\/wp-json\/wp\/v2\/media\/19093"}],"wp:attachment":[{"href":"https:\/\/www.flowersofsoul.com\/m\/wp-json\/wp\/v2\/media?parent=19091"}],"wp:term":[{"taxonomy":"product_brand","embeddable":true,"href":"https:\/\/www.flowersofsoul.com\/m\/wp-json\/wp\/v2\/product_brand?post=19091"},{"taxonomy":"product_cat","embeddable":true,"href":"https:\/\/www.flowersofsoul.com\/m\/wp-json\/wp\/v2\/product_cat?post=19091"},{"taxonomy":"product_tag","embeddable":true,"href":"https:\/\/www.flowersofsoul.com\/m\/wp-json\/wp\/v2\/product_tag?post=19091"}],"curies":[{"name":"wp","href":"https:\/\/api.w.org\/{rel}","templated":true}]}}