{"id":19096,"date":"2026-02-05T21:19:45","date_gmt":"2026-02-05T19:19:45","guid":{"rendered":"https:\/\/www.flowersofsoul.com\/m\/?post_type=product&#038;p=19096"},"modified":"2026-03-11T21:55:24","modified_gmt":"2026-03-11T19:55:24","slug":"inima-din-ceramica-cu-trandafir-rosu-si-lumanare-din-ceara-de-soia-ea-si-el","status":"publish","type":"product","link":"https:\/\/www.flowersofsoul.com\/m\/produs\/inima-din-ceramica-cu-trandafir-rosu-si-lumanare-din-ceara-de-soia-ea-si-el\/","title":{"rendered":"Inim\u0103 din ceramic\u0103 cu trandafir ro\u0219u \u0219i lum\u00e2nare din cear\u0103 de soia &#8211; Ea \u0219i El"},"content":{"rendered":"<p>Inim\u0103 din ceramic\u0103, trandafir ro\u0219u proasp\u0103t, tillandsia \u0219i alte materiale pentru sus\u021binere.<br \/>\nDimensiune vas: 11cm in\u0103l\u021bime<br \/>\nLum\u00e2nare din cear\u0103 natural\u0103 de soia turnat\u0103 manual.<br \/>\nDimensiune lum\u00e2nare: 11cm \u00een\u0103l\u021bime, 120gr<br \/>\nParfumul fructat poate fi o combina\u021bie \u00eentre Mango \u0219i Fructul Pasiunii.<br \/>\nParfumul floral poate fi o combina\u021bie \u00eentre Floare de Portocal, Iris, Patchouli, Iasomie, Vanilie, Bujori \u0219i Trandafiri.<br \/>\nRecomand\u0103m plasarea comenzii cu 2 &#8211; 3 zile \u00een avans. Lucr\u0103m doar pe baz\u0103 de comand\u0103 pentru a oferi cele mai proaspete flori. <\/p>\n<p><strong>Cump\u0103rarea unui produs presupune c\u0103 a\u021bi citit \u0219i sunte\u021bi de acord cu termenii \u0219i condi\u021biile prezentate pe acest site.<\/strong><\/p>\n","protected":false},"excerpt":{"rendered":"<p>TVA inclus<br \/>\nDisponibil doar la comand\u0103.<br \/>\nLivr\u0103m doar \u00een Bucure\u0219ti \u0219i Ilfov.<br \/>\nPentru comenzi mai mari de 300 lei, livrarea este gratuit\u0103 \u00een Bucure\u0219ti.<br \/>\nLivr\u0103m personal la adresa stabilit\u0103.<br \/>\nConfirmare de livrare prin SMS.<br \/>\nFelicitare \u0219i pung\u0103 cadou.<\/p>\n","protected":false},"featured_media":19099,"template":"","meta":[],"product_brand":[],"product_cat":[209,169,35,33,36,47],"product_tag":[59,289,51,56,58],"class_list":{"0":"post-19096","1":"product","2":"type-product","3":"status-publish","4":"has-post-thumbnail","6":"product_cat-buchete-cu-flori-carti-si-lumanari","7":"product_cat-aranjamente-florale","8":"product_cat-1-si-8-martie-sarbatori","9":"product_cat-valentines-day-sarbatori","10":"product_cat-paste-sarbatori","11":"product_cat-lumanari-din-ceara-de-soia","12":"product_tag-1-si-8-martie","13":"product_tag-aranjament-floral","14":"product_tag-sarbatori","15":"product_tag-valentines-day","16":"product_tag-ziua-femeii","18":"first","19":"instock","20":"shipping-taxable","21":"purchasable","22":"product-type-variable"},"_links":{"self":[{"href":"https:\/\/www.flowersofsoul.com\/m\/wp-json\/wp\/v2\/product\/19096","targetHints":{"allow":["GET"]}}],"collection":[{"href":"https:\/\/www.flowersofsoul.com\/m\/wp-json\/wp\/v2\/product"}],"about":[{"href":"https:\/\/www.flowersofsoul.com\/m\/wp-json\/wp\/v2\/types\/product"}],"wp:featuredmedia":[{"embeddable":true,"href":"https:\/\/www.flowersofsoul.com\/m\/wp-json\/wp\/v2\/media\/19099"}],"wp:attachment":[{"href":"https:\/\/www.flowersofsoul.com\/m\/wp-json\/wp\/v2\/media?parent=19096"}],"wp:term":[{"taxonomy":"product_brand","embeddable":true,"href":"https:\/\/www.flowersofsoul.com\/m\/wp-json\/wp\/v2\/product_brand?post=19096"},{"taxonomy":"product_cat","embeddable":true,"href":"https:\/\/www.flowersofsoul.com\/m\/wp-json\/wp\/v2\/product_cat?post=19096"},{"taxonomy":"product_tag","embeddable":true,"href":"https:\/\/www.flowersofsoul.com\/m\/wp-json\/wp\/v2\/product_tag?post=19096"}],"curies":[{"name":"wp","href":"https:\/\/api.w.org\/{rel}","templated":true}]}}