{"id":19144,"date":"2026-02-06T11:38:28","date_gmt":"2026-02-06T09:38:28","guid":{"rendered":"https:\/\/www.flowersofsoul.com\/m\/?post_type=product&#038;p=19144"},"modified":"2026-02-06T11:41:19","modified_gmt":"2026-02-06T09:41:19","slug":"set-lumanare-din-ceara-de-soia-turnata-manual-vaza-minimalista-si-mini-orhidee-phalaenopsis-5","status":"publish","type":"product","link":"https:\/\/www.flowersofsoul.com\/m\/produs\/set-lumanare-din-ceara-de-soia-turnata-manual-vaza-minimalista-si-mini-orhidee-phalaenopsis-5\/","title":{"rendered":"Set lum\u00e2nare din cear\u0103 de soia turnat\u0103 manual, vaz\u0103 minimalist\u0103 \u0219i mini orhidee Phalaenopsis"},"content":{"rendered":"<p>Lum\u00e2nare parfumat\u0103 din cear\u0103 natural\u0103 de soia, turnat\u0103 manual \u00een vas din beton, realizat \u00een atelierul nostru.<br \/>\nGreutate net\u0103 lum\u00e2nare: 100gr.<br \/>\nDimensiune vas: 6cm \u00een\u0103l\u021bime x 7cm diametru.<br \/>\nParfumul fructat poate fi o combina\u021bie \u00eentre Mango \u0219i Fructul Pasiunii.<br \/>\nParfumul floral poate fi o combina\u021bie \u00eentre Floare de Portocal, Iris, Patchouli, Iasomie, Vanilie, Bujori \u0219i Trandafiri.<\/p>\n<p>Vaz\u0103 minimalist\u0103 imprimat\u0103 3D cu eprubet\u0103 \u0219i un fir de mini orhidee Phalaenopsis.<br \/>\nDimensiune vaz\u0103: 25cm lungime<\/p>\n<p>Ceara de soia este ecologic\u0103 \u0219i 100% natural\u0103, ob\u021binut\u0103 din ulei de soia. Pentru a fi un produs 100% ecologic, folosim fitil din in \u0219i bumbac.<\/p>\n","protected":false},"excerpt":{"rendered":"<p>TVA inclus<br \/>\nLivrare \u00een 1-2 zile.<br \/>\nLivr\u0103m \u00een toat\u0103 \u021bara.<br \/>\nPentru comenzi mai mari de 300 lei, livrarea este gratuit\u0103 \u00een Bucure\u0219ti.<br \/>\nConfirmare de livrare prin SMS.<br \/>\nLum\u00e2narea este oferit\u0103 \u00een pung\u0103\/cutie de cadou.<br \/>\nFabricat\u0103 \u00een Rom\u00e2nia.<\/p>\n","protected":false},"featured_media":19139,"template":"","meta":[],"product_brand":[],"product_cat":[209,169,61,35,33,47],"product_tag":[59,296,65,187,180,273,294,56,291],"class_list":{"0":"post-19144","1":"product","2":"type-product","3":"status-publish","4":"has-post-thumbnail","6":"product_cat-buchete-cu-flori-carti-si-lumanari","7":"product_cat-aranjamente-florale","8":"product_cat-pachete-aniversare","9":"product_cat-1-si-8-martie-sarbatori","10":"product_cat-valentines-day-sarbatori","11":"product_cat-lumanari-din-ceara-de-soia","12":"product_tag-1-si-8-martie","13":"product_tag-lumanare-cu-fluture","14":"product_tag-lumanare-din-ceara-de-soia","15":"product_tag-lumanare-naturala","16":"product_tag-lumanare-parfumata","17":"product_tag-lumanari-flori-de-primavara","18":"product_tag-orhidee-phalaenopsis","19":"product_tag-valentines-day","20":"product_tag-vaza-minimalista","22":"first","23":"instock","24":"shipping-taxable","25":"purchasable","26":"product-type-variable"},"_links":{"self":[{"href":"https:\/\/www.flowersofsoul.com\/m\/wp-json\/wp\/v2\/product\/19144","targetHints":{"allow":["GET"]}}],"collection":[{"href":"https:\/\/www.flowersofsoul.com\/m\/wp-json\/wp\/v2\/product"}],"about":[{"href":"https:\/\/www.flowersofsoul.com\/m\/wp-json\/wp\/v2\/types\/product"}],"wp:featuredmedia":[{"embeddable":true,"href":"https:\/\/www.flowersofsoul.com\/m\/wp-json\/wp\/v2\/media\/19139"}],"wp:attachment":[{"href":"https:\/\/www.flowersofsoul.com\/m\/wp-json\/wp\/v2\/media?parent=19144"}],"wp:term":[{"taxonomy":"product_brand","embeddable":true,"href":"https:\/\/www.flowersofsoul.com\/m\/wp-json\/wp\/v2\/product_brand?post=19144"},{"taxonomy":"product_cat","embeddable":true,"href":"https:\/\/www.flowersofsoul.com\/m\/wp-json\/wp\/v2\/product_cat?post=19144"},{"taxonomy":"product_tag","embeddable":true,"href":"https:\/\/www.flowersofsoul.com\/m\/wp-json\/wp\/v2\/product_tag?post=19144"}],"curies":[{"name":"wp","href":"https:\/\/api.w.org\/{rel}","templated":true}]}}