{"id":19150,"date":"2026-02-06T11:51:19","date_gmt":"2026-02-06T09:51:19","guid":{"rendered":"https:\/\/www.flowersofsoul.com\/m\/?post_type=product&#038;p=19150"},"modified":"2026-02-06T11:53:43","modified_gmt":"2026-02-06T09:53:43","slug":"vaza-minimalista-cu-lalea-si-lumanare-din-ceara-de-soia","status":"publish","type":"product","link":"https:\/\/www.flowersofsoul.com\/m\/produs\/vaza-minimalista-cu-lalea-si-lumanare-din-ceara-de-soia\/","title":{"rendered":"Vaz\u0103 minimalist\u0103 cu lalea \u0219i lum\u00e2nare din cear\u0103 de soia"},"content":{"rendered":"<p>Lum\u00e2nare din cear\u0103 natural\u0103 de soia turnat\u0103 manual.<br \/>\nDimensiune lum\u00e2nare: 11cm \u00een\u0103l\u021bime, 120gr<br \/>\nParfumul fructat poate fi o combina\u021bie \u00eentre Mango \u0219i Fructul Pasiunii.<br \/>\nParfumul floral poate fi o combina\u021bie \u00eentre Floare de Portocal, Iris, Patchouli, Iasomie, Vanilie, Bujori \u0219i Trandafiri.<\/p>\n<p>Vaz\u0103 minimalist\u0103 imprimat\u0103 3D sub form\u0103 de inim\u0103 cu eprubet\u0103 \u0219i un fir de lalea alb\u0103.<br \/>\nDimensiune suport inim\u0103: 16cm \u00een\u0103l\u021bime<\/p>\n<p>Ceara de soia este ecologic\u0103 \u0219i 100% natural\u0103, ob\u021binut\u0103 din ulei de soia. Pentru a fi un produs 100% ecologic, folosim fitil din in \u0219i bumbac.<\/p>\n","protected":false},"excerpt":{"rendered":"<p>TVA inclus<br \/>\nLivrare \u00een 1-2 zile.<br \/>\nLivr\u0103m \u00een toat\u0103 \u021bara.<br \/>\nPentru comenzi mai mari de 300 lei, livrarea este gratuit\u0103 \u00een Bucure\u0219ti.<br \/>\nConfirmare de livrare prin SMS.<br \/>\nLum\u00e2narea este oferit\u0103 \u00een pung\u0103\/cutie de cadou.<br \/>\nFabricat\u0103 \u00een Rom\u00e2nia.<\/p>\n","protected":false},"featured_media":19148,"template":"","meta":[],"product_brand":[],"product_cat":[209,169,35,33,47],"product_tag":[59,297,65,282,288,187,180,273,291],"class_list":{"0":"post-19150","1":"product","2":"type-product","3":"status-publish","4":"has-post-thumbnail","6":"product_cat-buchete-cu-flori-carti-si-lumanari","7":"product_cat-aranjamente-florale","8":"product_cat-1-si-8-martie-sarbatori","9":"product_cat-valentines-day-sarbatori","10":"product_cat-lumanari-din-ceara-de-soia","11":"product_tag-1-si-8-martie","12":"product_tag-lalea","13":"product_tag-lumanare-din-ceara-de-soia","14":"product_tag-lumanare-ea-si-el","15":"product_tag-lumanare-inima","16":"product_tag-lumanare-naturala","17":"product_tag-lumanare-parfumata","18":"product_tag-lumanari-flori-de-primavara","19":"product_tag-vaza-minimalista","21":"first","22":"instock","23":"shipping-taxable","24":"purchasable","25":"product-type-variable"},"_links":{"self":[{"href":"https:\/\/www.flowersofsoul.com\/m\/wp-json\/wp\/v2\/product\/19150","targetHints":{"allow":["GET"]}}],"collection":[{"href":"https:\/\/www.flowersofsoul.com\/m\/wp-json\/wp\/v2\/product"}],"about":[{"href":"https:\/\/www.flowersofsoul.com\/m\/wp-json\/wp\/v2\/types\/product"}],"wp:featuredmedia":[{"embeddable":true,"href":"https:\/\/www.flowersofsoul.com\/m\/wp-json\/wp\/v2\/media\/19148"}],"wp:attachment":[{"href":"https:\/\/www.flowersofsoul.com\/m\/wp-json\/wp\/v2\/media?parent=19150"}],"wp:term":[{"taxonomy":"product_brand","embeddable":true,"href":"https:\/\/www.flowersofsoul.com\/m\/wp-json\/wp\/v2\/product_brand?post=19150"},{"taxonomy":"product_cat","embeddable":true,"href":"https:\/\/www.flowersofsoul.com\/m\/wp-json\/wp\/v2\/product_cat?post=19150"},{"taxonomy":"product_tag","embeddable":true,"href":"https:\/\/www.flowersofsoul.com\/m\/wp-json\/wp\/v2\/product_tag?post=19150"}],"curies":[{"name":"wp","href":"https:\/\/api.w.org\/{rel}","templated":true}]}}