{"id":19182,"date":"2026-02-10T09:48:33","date_gmt":"2026-02-10T07:48:33","guid":{"rendered":"https:\/\/www.flowersofsoul.com\/m\/?post_type=product&#038;p=19182"},"modified":"2026-03-11T21:52:16","modified_gmt":"2026-03-11T19:52:16","slug":"aranjament-floral-realizat-in-cutie-colorata-cu-creioane","status":"publish","type":"product","link":"https:\/\/www.flowersofsoul.com\/m\/produs\/aranjament-floral-realizat-in-cutie-colorata-cu-creioane\/","title":{"rendered":"Aranjament floral realizat \u00een cutie colorat\u0103 cu creioane"},"content":{"rendered":"<p>Aranjament floral realizat \u00een cutie colorat\u0103 cu creioane, alc\u0103tuit din 8 lalele, 3 ranunculus, 2 gura leului, 3 anemone, licheni, bulbi de narcise, clematis, frunze de eucalipt \u0219i alte materiale pentru sus\u021binere.<br \/>\nDimensiune cutie f\u0103r\u0103 flori: 12 cm diametru x 12 cm \u00een\u0103l\u021bime.<br \/>\nRecomand\u0103m plasarea comenzii cu 2 &#8211; 3 zile \u00een avans. Lucr\u0103m doar pe baz\u0103 de comand\u0103 pentru a oferi cele mai proaspete flori.<br \/>\nAranjamentul floral poate suporta modific\u0103ri \u00een func\u021bie de stocul disponibil.<\/p>\n<p><strong>Cump\u0103rarea unui produs presupune c\u0103 a\u021bi citit \u0219i sunte\u021bi de acord cu termenii \u0219i condi\u021biile prezentate pe acest site.<\/strong><\/p>\n","protected":false},"excerpt":{"rendered":"<p>TVA inclus<br \/>\nDisponibil doar la comand\u0103.<br \/>\nLivr\u0103m doar \u00een Bucure\u0219ti \u0219i Ilfov.<br \/>\nPentru comenzi mai mari de 300 lei, livrarea este gratuit\u0103 \u00een Bucure\u0219ti.<br \/>\nLivr\u0103m personal la adresa stabilit\u0103.<br \/>\nConfirmare de livrare prin SMS.<br \/>\nFelicitare \u0219i pung\u0103 cadou.<\/p>\n","protected":false},"featured_media":19163,"template":"","meta":[],"product_brand":[],"product_cat":[169,36],"product_tag":[59,57,51,58],"class_list":{"0":"post-19182","1":"product","2":"type-product","3":"status-publish","4":"has-post-thumbnail","6":"product_cat-aranjamente-florale","7":"product_cat-paste-sarbatori","8":"product_tag-1-si-8-martie","9":"product_tag-florii","10":"product_tag-sarbatori","11":"product_tag-ziua-femeii","13":"first","14":"instock","15":"shipping-taxable","16":"purchasable","17":"product-type-simple"},"_links":{"self":[{"href":"https:\/\/www.flowersofsoul.com\/m\/wp-json\/wp\/v2\/product\/19182","targetHints":{"allow":["GET"]}}],"collection":[{"href":"https:\/\/www.flowersofsoul.com\/m\/wp-json\/wp\/v2\/product"}],"about":[{"href":"https:\/\/www.flowersofsoul.com\/m\/wp-json\/wp\/v2\/types\/product"}],"wp:featuredmedia":[{"embeddable":true,"href":"https:\/\/www.flowersofsoul.com\/m\/wp-json\/wp\/v2\/media\/19163"}],"wp:attachment":[{"href":"https:\/\/www.flowersofsoul.com\/m\/wp-json\/wp\/v2\/media?parent=19182"}],"wp:term":[{"taxonomy":"product_brand","embeddable":true,"href":"https:\/\/www.flowersofsoul.com\/m\/wp-json\/wp\/v2\/product_brand?post=19182"},{"taxonomy":"product_cat","embeddable":true,"href":"https:\/\/www.flowersofsoul.com\/m\/wp-json\/wp\/v2\/product_cat?post=19182"},{"taxonomy":"product_tag","embeddable":true,"href":"https:\/\/www.flowersofsoul.com\/m\/wp-json\/wp\/v2\/product_tag?post=19182"}],"curies":[{"name":"wp","href":"https:\/\/api.w.org\/{rel}","templated":true}]}}