{"id":19324,"date":"2026-02-19T19:46:19","date_gmt":"2026-02-19T17:46:19","guid":{"rendered":"https:\/\/www.flowersofsoul.com\/m\/?post_type=product&#038;p=19324"},"modified":"2026-02-25T14:28:12","modified_gmt":"2026-02-25T12:28:12","slug":"martisor-ciorchine-de-strugure","status":"publish","type":"product","link":"https:\/\/www.flowersofsoul.com\/m\/produs\/martisor-ciorchine-de-strugure\/","title":{"rendered":"M\u0103r\u021bi\u0219or &#8211; Ciorchine de strugure (Amazonit)"},"content":{"rendered":"","protected":false},"excerpt":{"rendered":"<p>TVA inclus<br \/>\nLivrare \u00een 1-2 zile.<br \/>\nPentru comenzi mai mari de 300 lei, livrarea este gratuit\u0103 \u00een Bucure\u0219ti.<br \/>\nConfirmare de livrare prin SMS.<\/p>\n<p>M\u0103r\u021bi\u0219or tip bro\u0219\u0103 sub form\u0103 de ciorchine de strugure cu frunz\u0103.<br \/>\nMaterial: metal \u0219i pietre semipre\u021bioase de Amazonit<\/p>\n<p>Este un m\u0103r\u021bi\u0219or foarte deosebit datorit\u0103 amazonitului \u0219i forma lui de strugure. Forma simbolizeaz\u0103 abunden\u021b\u0103 \u0219i prosperitate, iar Amazonitul este considerat Piatra Speran\u021bei \u0219i a curajului. Se spune c\u0103 aduce lini\u0219te interioar\u0103 \u0219i echilibru, fiind perfect pentru \u00eenceputul prim\u0103verii.<br \/>\nInser\u021biile p\u0103m\u00e2ntii sugereaz\u0103 c\u0103 pietrele sunt \u00een stare natural\u0103.<\/p>\n<p>Pentru a comanda, ne pute\u021bi contacta la num\u0103rul de telefon 0760881228, scriindu-ne pe adresa de mail: <a href=\"mailto:contact@flowersofsoul.com\">contact@flowersofsoul.com<\/a>, prin mesaj privat pe pagina de <a href=\"https:\/\/www.facebook.com\/flowersofsoul\/\">Facebook &#8211; Flowers of Soul<\/a> sau se poate plasa direct de pe site.<br \/>\nDup\u0103 plasarea comenzii direct de pe site ve\u021bi fi contactat telefonic pentru a stabili data \u0219i intervalul orar \u00een care poate fi efectuat\u0103 livrarea. Aceste detalii pot fi completate \u0219i \u00een sec\u021biunea <strong>Note comand\u0103<\/strong> \u00eenainte de finalizarea comenzii.<br \/>\n\u00cen cazul \u00een care dori\u021bi un model personalizat, ne pute\u021bi contacta la num\u0103rul de telefon 0760881228 sau scriindu-ne pe adresa de mail: <a href=\"mailto:contact@flowersofsoul.com\" rel=\"noopener\" target=\"_blank\">contact@flowersofsoul.com<\/a>, unde se pot stabili toate aceste detalii.<\/p>\n<p><strong>Cump\u0103rarea unui produs presupune c\u0103 a\u021bi citit \u0219i sunte\u021bi de acord cu termenii \u0219i condi\u021biile prezentate pe acest site.<\/strong><\/p>\n","protected":false},"featured_media":19323,"template":"","meta":[],"product_brand":[],"product_cat":[35,120],"product_tag":[59,301],"class_list":{"0":"post-19324","1":"product","2":"type-product","3":"status-publish","4":"has-post-thumbnail","6":"product_cat-1-si-8-martie-sarbatori","7":"product_cat-figurine-realizate-manual-din-lana-si-fetru","8":"product_tag-1-si-8-martie","9":"product_tag-martisor","11":"first","12":"instock","13":"shipping-taxable","14":"purchasable","15":"product-type-simple"},"_links":{"self":[{"href":"https:\/\/www.flowersofsoul.com\/m\/wp-json\/wp\/v2\/product\/19324","targetHints":{"allow":["GET"]}}],"collection":[{"href":"https:\/\/www.flowersofsoul.com\/m\/wp-json\/wp\/v2\/product"}],"about":[{"href":"https:\/\/www.flowersofsoul.com\/m\/wp-json\/wp\/v2\/types\/product"}],"wp:featuredmedia":[{"embeddable":true,"href":"https:\/\/www.flowersofsoul.com\/m\/wp-json\/wp\/v2\/media\/19323"}],"wp:attachment":[{"href":"https:\/\/www.flowersofsoul.com\/m\/wp-json\/wp\/v2\/media?parent=19324"}],"wp:term":[{"taxonomy":"product_brand","embeddable":true,"href":"https:\/\/www.flowersofsoul.com\/m\/wp-json\/wp\/v2\/product_brand?post=19324"},{"taxonomy":"product_cat","embeddable":true,"href":"https:\/\/www.flowersofsoul.com\/m\/wp-json\/wp\/v2\/product_cat?post=19324"},{"taxonomy":"product_tag","embeddable":true,"href":"https:\/\/www.flowersofsoul.com\/m\/wp-json\/wp\/v2\/product_tag?post=19324"}],"curies":[{"name":"wp","href":"https:\/\/api.w.org\/{rel}","templated":true}]}}