{"id":19394,"date":"2026-03-19T22:29:48","date_gmt":"2026-03-19T20:29:48","guid":{"rendered":"https:\/\/www.flowersofsoul.com\/m\/?post_type=product&#038;p=19394"},"modified":"2026-03-22T13:19:32","modified_gmt":"2026-03-22T11:19:32","slug":"trusou-si-lumanare-din-ceara-naturala-pentru-botez-baby-purple","status":"publish","type":"product","link":"https:\/\/www.flowersofsoul.com\/m\/produs\/trusou-si-lumanare-din-ceara-naturala-pentru-botez-baby-purple\/","title":{"rendered":"Trusou \u0219i lum\u00e2nare din cear\u0103 natural\u0103 pentru botez &#8211; Baby Purple"},"content":{"rendered":"<p>Pentru a comanda, ne pute\u021bi contacta la num\u0103rul de telefon 0760881228, scriindu-ne pe adresa de mail: <a href=\"mailto:contact@flowersofsoul.com\">contact@flowersofsoul.com<\/a>, prin mesaj privat pe pagina de <a href=\"https:\/\/www.facebook.com\/flowersofsoul\/\">Facebook &#8211; Flowers of Soul<\/a> sau se poate plasa direct de pe site.<br \/>\nDup\u0103 plasarea comenzii direct de pe site ve\u021bi fi contactat telefonic pentru a stabili data \u00een care poate fi efectuat\u0103 livrarea \u0219i numele pentru personalizare trusou. Aceste detalii pot fi completate \u0219i \u00een sec\u021biunea <strong>Note comand\u0103<\/strong> \u00eenainte de finalizarea comenzii.<br \/>\n<strong>Comenzile se vor plasa cu minim 7 zile \u00eenainte de eveniment.<\/strong><br \/>\nAcest model poate fi livrat \u00een toat\u0103 \u021bara.<br \/>\nPentru comenzi mai mari de 300 lei, livrarea este gratuit\u0103 \u00een Bucure\u0219ti.<\/p>\n<p><strong>Cump\u0103rarea unui produs presupune c\u0103 a\u021bi citit \u0219i sunte\u021bi de acord cu termenii \u0219i condi\u021biile prezentate pe acest site.<\/strong><\/p>\n","protected":false},"excerpt":{"rendered":"<p>Trusou pentru botez alc\u0103tuit din:<br \/>\n&#8211; cutie clasic\u0103 cu fereast\u0103 sub form\u0103 de inim\u0103. Culoare alb perlat. \u00cenchidere cu magnet \u0219i panglic\u0103 din saten (culoarea panglicii va fi ajustat\u0103 \u00een func\u021bie de restul culorilor din trusou). Dimensiune: 33cm lungime x 25cm l\u0103\u021bime<br \/>\n&#8211; p\u00e2nz\u0103 de mir realizat\u0103 din muselin\u0103 alb\u0103, cu margini din dantel\u0103 de bumbac. Dimensiune: 100cm lungime x 100cm l\u0103\u021bime.<br \/>\n&#8211; prosop pentru bebelu\u0219 realizat din muselin\u0103 alb\u0103 dublat\u0103, brodat cu nume. Dimensiune: 100cm lungime x 100cm l\u0103\u021bime.<br \/>\n&#8211; fa\u0219\u0103 din bumbac pentru lum\u00e2narea de botez, brodat\u0103 cu nume. Dimensiune: 100cm lungime.<br \/>\n&#8211; prosop pentru preot din bumbac 100%, brodat cu ini\u021bialele numelui. Dimensiune: 50cm lungime.<br \/>\n&#8211; s\u0103pun realizat din ingrediente naturale.<br \/>\n&#8211; sticlu\u021b\u0103 pentru ulei\/mir personalizat\u0103 cu nume. Dimensiune: 7,5cm \u00een\u0103l\u021bime.<br \/>\n&#8211; cutiu\u021b\u0103 din metal pentru \u0219uvi\u021b\u0103 \u0219i primul din\u021bi\u0219or.<br \/>\n&#8211; balerini cro\u0219eta\u021bi \u00een ton cu cei ata\u0219a\u021bi pe lum\u00e2narea de botez.<\/p>\n<p>Lum\u00e2nare pentru botez de 34cm \u00een\u0103l\u021bime x 6,5cm diametru, alc\u0103tuit\u0103 din flori de bumbac, lagurus, lavand\u0103, gheme, in, balerini cro\u0219eta\u021bi, flutura\u0219i din fetru \u0219i materiale pentru sus\u021binere.<br \/>\nAranjamentul floral este realizat pe o parte. Lum\u00e2narea tip fagure este din cear\u0103 natural\u0103.<\/p>\n","protected":false},"featured_media":17910,"template":"","meta":[],"product_brand":[],"product_cat":[220,225],"product_tag":[226],"class_list":{"0":"post-19394","1":"product","2":"type-product","3":"status-publish","4":"has-post-thumbnail","6":"product_cat-lumanari-de-botez-cu-flori-naturale-uscate-si-conservate","7":"product_cat-trusouri-botez","8":"product_tag-trusouri-botez","10":"first","11":"instock","12":"shipping-taxable","13":"purchasable","14":"product-type-simple"},"_links":{"self":[{"href":"https:\/\/www.flowersofsoul.com\/m\/wp-json\/wp\/v2\/product\/19394","targetHints":{"allow":["GET"]}}],"collection":[{"href":"https:\/\/www.flowersofsoul.com\/m\/wp-json\/wp\/v2\/product"}],"about":[{"href":"https:\/\/www.flowersofsoul.com\/m\/wp-json\/wp\/v2\/types\/product"}],"wp:featuredmedia":[{"embeddable":true,"href":"https:\/\/www.flowersofsoul.com\/m\/wp-json\/wp\/v2\/media\/17910"}],"wp:attachment":[{"href":"https:\/\/www.flowersofsoul.com\/m\/wp-json\/wp\/v2\/media?parent=19394"}],"wp:term":[{"taxonomy":"product_brand","embeddable":true,"href":"https:\/\/www.flowersofsoul.com\/m\/wp-json\/wp\/v2\/product_brand?post=19394"},{"taxonomy":"product_cat","embeddable":true,"href":"https:\/\/www.flowersofsoul.com\/m\/wp-json\/wp\/v2\/product_cat?post=19394"},{"taxonomy":"product_tag","embeddable":true,"href":"https:\/\/www.flowersofsoul.com\/m\/wp-json\/wp\/v2\/product_tag?post=19394"}],"curies":[{"name":"wp","href":"https:\/\/api.w.org\/{rel}","templated":true}]}}