{"id":19400,"date":"2026-03-20T18:25:18","date_gmt":"2026-03-20T16:25:18","guid":{"rendered":"https:\/\/www.flowersofsoul.com\/m\/?post_type=product&#038;p=19400"},"modified":"2026-03-20T18:35:09","modified_gmt":"2026-03-20T16:35:09","slug":"lumanare-zodiac-berbec-21-03-20-04","status":"publish","type":"product","link":"https:\/\/www.flowersofsoul.com\/m\/produs\/lumanare-zodiac-berbec-21-03-20-04\/","title":{"rendered":"Lum\u00e2nare Zodiac \u2013 Berbec (21.03. &#8211; 20.04.)"},"content":{"rendered":"<p>Lum\u00e2nare parfumat\u0103 din cear\u0103 natural\u0103 de soia, turnat\u0103 manual \u00een vas din beton, realizat \u00een atelierul nostru.<br \/>\nGreutate net\u0103 lum\u00e2nare: 100gr.<br \/>\nDimensiune vas: 6cm \u00een\u0103l\u021bime x 7cm diametru.<br \/>\nParfumul fructat poate fi o combina\u021bie \u00eentre Mango \u0219i Fructul Pasiunii.<br \/>\nParfumul floral poate fi o combina\u021bie \u00eentre Floare de Portocal, Iris, Patchouli, Iasomie, Vanilie, Liliac, Bujori \u0219i Trandafiri.<\/p>\n<p>Ceara de soia este ecologic\u0103 \u0219i 100% natural\u0103, ob\u021binut\u0103 din ulei de soia. Pentru a fi un produs 100% ecologic, folosim fitil din in \u0219i bumbac.<\/p>\n","protected":false},"excerpt":{"rendered":"<p>TVA inclus<br \/>\nLivrare \u00een 1-2 zile.<br \/>\nLivr\u0103m \u00een toat\u0103 \u021bara.<br \/>\nPentru comenzi mai mari de 300 lei, livrarea este gratuit\u0103 \u00een Bucure\u0219ti.<br \/>\nConfirmare de livrare prin SMS.<br \/>\nLum\u00e2narea este oferit\u0103 \u00een pung\u0103\/cutie de cadou.<br \/>\nFabricat\u0103 \u00een Rom\u00e2nia.<\/p>\n","protected":false},"featured_media":19404,"template":"","meta":[],"product_brand":[],"product_cat":[209,47],"product_tag":[303,65,187,180,302],"class_list":{"0":"post-19400","1":"product","2":"type-product","3":"status-publish","4":"has-post-thumbnail","6":"product_cat-buchete-cu-flori-carti-si-lumanari","7":"product_cat-lumanari-din-ceara-de-soia","8":"product_tag-berbec","9":"product_tag-lumanare-din-ceara-de-soia","10":"product_tag-lumanare-naturala","11":"product_tag-lumanare-parfumata","12":"product_tag-lumanare-zodiac","14":"first","15":"instock","16":"shipping-taxable","17":"purchasable","18":"product-type-variable"},"_links":{"self":[{"href":"https:\/\/www.flowersofsoul.com\/m\/wp-json\/wp\/v2\/product\/19400","targetHints":{"allow":["GET"]}}],"collection":[{"href":"https:\/\/www.flowersofsoul.com\/m\/wp-json\/wp\/v2\/product"}],"about":[{"href":"https:\/\/www.flowersofsoul.com\/m\/wp-json\/wp\/v2\/types\/product"}],"wp:featuredmedia":[{"embeddable":true,"href":"https:\/\/www.flowersofsoul.com\/m\/wp-json\/wp\/v2\/media\/19404"}],"wp:attachment":[{"href":"https:\/\/www.flowersofsoul.com\/m\/wp-json\/wp\/v2\/media?parent=19400"}],"wp:term":[{"taxonomy":"product_brand","embeddable":true,"href":"https:\/\/www.flowersofsoul.com\/m\/wp-json\/wp\/v2\/product_brand?post=19400"},{"taxonomy":"product_cat","embeddable":true,"href":"https:\/\/www.flowersofsoul.com\/m\/wp-json\/wp\/v2\/product_cat?post=19400"},{"taxonomy":"product_tag","embeddable":true,"href":"https:\/\/www.flowersofsoul.com\/m\/wp-json\/wp\/v2\/product_tag?post=19400"}],"curies":[{"name":"wp","href":"https:\/\/api.w.org\/{rel}","templated":true}]}}