{"id":19431,"date":"2026-03-20T21:10:08","date_gmt":"2026-03-20T19:10:08","guid":{"rendered":"https:\/\/www.flowersofsoul.com\/m\/?post_type=product&#038;p=19431"},"modified":"2026-03-21T09:15:36","modified_gmt":"2026-03-21T07:15:36","slug":"lumanare-din-ceara-de-soia-turnata-manual-iepuras-sub-forma-de-ou","status":"publish","type":"product","link":"https:\/\/www.flowersofsoul.com\/m\/produs\/lumanare-din-ceara-de-soia-turnata-manual-iepuras-sub-forma-de-ou\/","title":{"rendered":"Lum\u00e2nare din cear\u0103 de soia turnat\u0103 manual &#8211; Iepura\u0219 sub form\u0103 de ou"},"content":{"rendered":"<p>Lum\u00e2nare parfumat\u0103 din cear\u0103 natural\u0103 de soia turnat\u0103 manual, sub form\u0103 de iepura\u0219 sub form\u0103 de ou.<br \/>\nGreutate net\u0103 lum\u00e2nare: 85gr<br \/>\nParfumul fructat poate fi o combina\u021bie \u00eentre Mango \u0219i Fructul Pasiunii.<br \/>\nParfumul floral poate fi o combina\u021bie \u00eentre Floare de Portocal, Iris, Patchouli, Iasomie, Vanilie, Bujori \u0219i Trandafiri.<\/p>\n<p>Ceara de soia este ecologic\u0103 \u0219i 100% natural\u0103, ob\u021binut\u0103 din ulei de soia. Pentru a fi un produs 100% ecologic, folosim fitil din in \u0219i bumbac.<\/p>\n","protected":false},"excerpt":{"rendered":"<p>TVA inclus<br \/>\nLivrare \u00een 1-2 zile.<br \/>\nLivr\u0103m \u00een toat\u0103 \u021bara.<br \/>\nPentru comenzi mai mari de 300 lei, livrarea este gratuit\u0103 \u00een Bucure\u0219ti.<br \/>\nConfirmare de livrare prin SMS.<br \/>\nLum\u00e2narea este oferit\u0103 \u00een pung\u0103\/cutie de cadou.<br \/>\nFabricat\u0103 \u00een Rom\u00e2nia.<\/p>\n","protected":false},"featured_media":19435,"template":"","meta":[],"product_brand":[],"product_cat":[209,36,47],"product_tag":[65,187,180,148],"class_list":{"0":"post-19431","1":"product","2":"type-product","3":"status-publish","4":"has-post-thumbnail","6":"product_cat-buchete-cu-flori-carti-si-lumanari","7":"product_cat-paste-sarbatori","8":"product_cat-lumanari-din-ceara-de-soia","9":"product_tag-lumanare-din-ceara-de-soia","10":"product_tag-lumanare-naturala","11":"product_tag-lumanare-parfumata","12":"product_tag-paste","14":"first","15":"instock","16":"sale","17":"shipping-taxable","18":"purchasable","19":"product-type-variable"},"_links":{"self":[{"href":"https:\/\/www.flowersofsoul.com\/m\/wp-json\/wp\/v2\/product\/19431","targetHints":{"allow":["GET"]}}],"collection":[{"href":"https:\/\/www.flowersofsoul.com\/m\/wp-json\/wp\/v2\/product"}],"about":[{"href":"https:\/\/www.flowersofsoul.com\/m\/wp-json\/wp\/v2\/types\/product"}],"wp:featuredmedia":[{"embeddable":true,"href":"https:\/\/www.flowersofsoul.com\/m\/wp-json\/wp\/v2\/media\/19435"}],"wp:attachment":[{"href":"https:\/\/www.flowersofsoul.com\/m\/wp-json\/wp\/v2\/media?parent=19431"}],"wp:term":[{"taxonomy":"product_brand","embeddable":true,"href":"https:\/\/www.flowersofsoul.com\/m\/wp-json\/wp\/v2\/product_brand?post=19431"},{"taxonomy":"product_cat","embeddable":true,"href":"https:\/\/www.flowersofsoul.com\/m\/wp-json\/wp\/v2\/product_cat?post=19431"},{"taxonomy":"product_tag","embeddable":true,"href":"https:\/\/www.flowersofsoul.com\/m\/wp-json\/wp\/v2\/product_tag?post=19431"}],"curies":[{"name":"wp","href":"https:\/\/api.w.org\/{rel}","templated":true}]}}