{"id":19445,"date":"2026-03-21T19:33:34","date_gmt":"2026-03-21T17:33:34","guid":{"rendered":"https:\/\/www.flowersofsoul.com\/m\/?post_type=product&#038;p=19445"},"modified":"2026-03-22T17:17:49","modified_gmt":"2026-03-22T15:17:49","slug":"lumanare-spirala-si-farfurie-cu-suport-din-ciment","status":"publish","type":"product","link":"https:\/\/www.flowersofsoul.com\/m\/produs\/lumanare-spirala-si-farfurie-cu-suport-din-ciment\/","title":{"rendered":"Lum\u00e2nare spiral\u0103 \u0219i farfurie cu suport din ciment"},"content":{"rendered":"<p>Lum\u00e2nare spiral\u0103 din cear\u0103 natural\u0103 de soia, turnat\u0103 manual. Suportul pentru lum\u00e2nare \u0219i farfuria sunt realizate manual din beton.<br \/>\nGreutate net\u0103 lum\u00e2nare: 40gr. Dimensiune: 18cm \u00een\u0103l\u021bime<br \/>\nDimensiune farfurie: 19cm lungime<br \/>\nParfumul fructat poate fi o combina\u021bie \u00eentre Mango \u0219i Fructul Pasiunii.<br \/>\nParfumul floral poate fi o combina\u021bie \u00eentre Floare de Portocal, Iris, Patchouli, Iasomie, Vanilie, Liliac, Bujori \u0219i Trandafiri.<br \/>\nSticker-ul de pe farfurie poate s\u0103 difere ca form\u0103 \u0219i aspect. Fiecare model este unic.<\/p>\n<p>Ceara de soia este ecologic\u0103 \u0219i 100% natural\u0103, ob\u021binut\u0103 din ulei de soia. Pentru a fi un produs 100% ecologic, folosim fitil din in \u0219i bumbac.<\/p>\n","protected":false},"excerpt":{"rendered":"<p>TVA inclus<br \/>\nLivrare \u00een 1-2 zile.<br \/>\nLivr\u0103m \u00een toat\u0103 \u021bara.<br \/>\nPentru comenzi mai mari de 300 lei, livrarea este gratuit\u0103 \u00een Bucure\u0219ti.<br \/>\nConfirmare de livrare prin SMS.<br \/>\nSetul este oferit \u00een pung\u0103 de cadou.<br \/>\nFabricat\u0103 \u00een Rom\u00e2nia.<\/p>\n","protected":false},"featured_media":19451,"template":"","meta":[],"product_brand":[],"product_cat":[209,36,47],"product_tag":[65,187,180,309,310],"class_list":{"0":"post-19445","1":"product","2":"type-product","3":"status-publish","4":"has-post-thumbnail","6":"product_cat-buchete-cu-flori-carti-si-lumanari","7":"product_cat-paste-sarbatori","8":"product_cat-lumanari-din-ceara-de-soia","9":"product_tag-lumanare-din-ceara-de-soia","10":"product_tag-lumanare-naturala","11":"product_tag-lumanare-parfumata","12":"product_tag-lumanare-spirala","13":"product_tag-suport-oua","15":"first","16":"instock","17":"shipping-taxable","18":"purchasable","19":"product-type-variable"},"_links":{"self":[{"href":"https:\/\/www.flowersofsoul.com\/m\/wp-json\/wp\/v2\/product\/19445","targetHints":{"allow":["GET"]}}],"collection":[{"href":"https:\/\/www.flowersofsoul.com\/m\/wp-json\/wp\/v2\/product"}],"about":[{"href":"https:\/\/www.flowersofsoul.com\/m\/wp-json\/wp\/v2\/types\/product"}],"wp:featuredmedia":[{"embeddable":true,"href":"https:\/\/www.flowersofsoul.com\/m\/wp-json\/wp\/v2\/media\/19451"}],"wp:attachment":[{"href":"https:\/\/www.flowersofsoul.com\/m\/wp-json\/wp\/v2\/media?parent=19445"}],"wp:term":[{"taxonomy":"product_brand","embeddable":true,"href":"https:\/\/www.flowersofsoul.com\/m\/wp-json\/wp\/v2\/product_brand?post=19445"},{"taxonomy":"product_cat","embeddable":true,"href":"https:\/\/www.flowersofsoul.com\/m\/wp-json\/wp\/v2\/product_cat?post=19445"},{"taxonomy":"product_tag","embeddable":true,"href":"https:\/\/www.flowersofsoul.com\/m\/wp-json\/wp\/v2\/product_tag?post=19445"}],"curies":[{"name":"wp","href":"https:\/\/api.w.org\/{rel}","templated":true}]}}