{"id":2442,"date":"2019-01-28T19:55:21","date_gmt":"2019-01-28T19:55:21","guid":{"rendered":"https:\/\/www.flowersofsoul.com\/m\/?post_type=product&#038;p=2442"},"modified":"2024-01-28T11:02:43","modified_gmt":"2024-01-28T09:02:43","slug":"lumanare-din-ceara-de-soia-turnata-manual-fluturasi-2","status":"publish","type":"product","link":"https:\/\/www.flowersofsoul.com\/m\/produs\/lumanare-din-ceara-de-soia-turnata-manual-fluturasi-2\/","title":{"rendered":"Lum\u00e2nare din cear\u0103 de soia turnat\u0103 manual &#8222;Flutura\u0219i&#8221;"},"content":{"rendered":"<p>Pentru a comanda, ne pute\u021bi contacta la num\u0103rul de telefon 0760881228, scriindu-ne pe adresa de mail: <a href=\"mailto:contact@flowersofsoul.com\">contact@flowersofsoul.com<\/a>, prin mesaj privat pe pagina de <a href=\"https:\/\/www.facebook.com\/flowersofsoul\/\">Facebook &#8211; Flowers of Soul<\/a> sau se poate plasa direct de pe site.<br \/>\nDup\u0103 plasarea comenzii direct de pe site ve\u021bi fi contactat telefonic pentru a stabili data livr\u0103rii, parfumul lum\u00e2n\u0103rilor, numele \u0219i data ce vor fi trecute pe etichet\u0103. Aceste detalii pot fi completate \u0219i \u00een sec\u021biunea <strong>Note comand\u0103<\/strong> \u00eenainte de finalizarea comenzii.<br \/>\n<strong>Comenzile se vor plasa cu minim 14 zile \u00eenainte de eveniment.<\/strong><br \/>\nPentru comenzi mai mari de 300 lei, livrarea este gratuit\u0103 \u00een Bucure\u0219ti.<br \/>\nCostul livr\u0103rii este de 30 lei \u00een alte ora\u0219e. Nu se aplic\u0103 livrare gratuit\u0103.<br \/>\n\u00cen cazul \u00een care dori\u021bi un model personalizat, ne pute\u021bi contacta la num\u0103rul de telefon 0760881228 sau scriindu-ne pe adresa de mail: <a href=\"mailto:contact@flowersofsoul.com\" rel=\"noopener\" target=\"_blank\">contact@flowersofsoul.com<\/a>, unde se pot stabili toate aceste detalii sau se poate programa o \u00eent\u00e2lnire.<\/p>\n<p><strong>Cump\u0103rarea unui produs presupune c\u0103 a\u021bi citit \u0219i sunte\u021bi de acord cu termenii \u0219i condi\u021biile prezentate pe acest site.<\/strong><\/p>\n","protected":false},"excerpt":{"rendered":"<p>Lum\u00e2nare din cear\u0103 de soia, 100% natural\u0103, turnat\u0103 \u0219i realizat\u0103 manual. Ceara de soia nu este cancerigen\u0103 \u015fi nu eman\u0103 compu\u015fi toxici la ardere. Este un produs ecologic.<br \/>\nSe poate solicita o mostr\u0103 gratuit\u0103, cu modelul final.<br \/>\n<strong>Comanda minim\u0103 este de 10 buc\u0103\u021bi.<\/strong><br \/>\nArome disponibile: pepene galben, l\u0103m\u00e2ie, piersic\u0103, liliac, lavand\u0103, flori de prim\u0103var\u0103, trandafir, ment\u0103, cafea sau vanilie.<br \/>\nCuloare: alb\u0103\/ivoire.<br \/>\nCartona\u0219 cu mesaj de mul\u021bumire: V\u0103 mul\u021bumim c\u0103 a\u021bi fost al\u0103turi de noi.<\/p>\n","protected":false},"featured_media":2380,"template":"","meta":[],"product_brand":[],"product_cat":[159,160],"product_tag":[71,163,164,138],"class_list":{"0":"post-2442","1":"product","2":"type-product","3":"status-publish","4":"has-post-thumbnail","6":"product_cat-marturii","7":"product_cat-marturii-nunta","8":"product_tag-botez","9":"product_tag-marturii","10":"product_tag-marturii-sub-forma-de-lumanari-parfumate","11":"product_tag-nunta","13":"first","14":"instock","15":"shipping-taxable","16":"purchasable","17":"product-type-variable"},"_links":{"self":[{"href":"https:\/\/www.flowersofsoul.com\/m\/wp-json\/wp\/v2\/product\/2442","targetHints":{"allow":["GET"]}}],"collection":[{"href":"https:\/\/www.flowersofsoul.com\/m\/wp-json\/wp\/v2\/product"}],"about":[{"href":"https:\/\/www.flowersofsoul.com\/m\/wp-json\/wp\/v2\/types\/product"}],"wp:featuredmedia":[{"embeddable":true,"href":"https:\/\/www.flowersofsoul.com\/m\/wp-json\/wp\/v2\/media\/2380"}],"wp:attachment":[{"href":"https:\/\/www.flowersofsoul.com\/m\/wp-json\/wp\/v2\/media?parent=2442"}],"wp:term":[{"taxonomy":"product_brand","embeddable":true,"href":"https:\/\/www.flowersofsoul.com\/m\/wp-json\/wp\/v2\/product_brand?post=2442"},{"taxonomy":"product_cat","embeddable":true,"href":"https:\/\/www.flowersofsoul.com\/m\/wp-json\/wp\/v2\/product_cat?post=2442"},{"taxonomy":"product_tag","embeddable":true,"href":"https:\/\/www.flowersofsoul.com\/m\/wp-json\/wp\/v2\/product_tag?post=2442"}],"curies":[{"name":"wp","href":"https:\/\/api.w.org\/{rel}","templated":true}]}}