{"id":271,"date":"2018-04-10T21:20:34","date_gmt":"2018-04-10T18:20:34","guid":{"rendered":"http:\/\/www.flowersofsoul.com\/m\/?post_type=product&#038;p=271"},"modified":"2025-06-14T15:48:55","modified_gmt":"2025-06-14T12:48:55","slug":"lumanare-din-ceara-de-soia-cu-flori-naturale-si-mini-planta-suculenta","status":"publish","type":"product","link":"https:\/\/www.flowersofsoul.com\/m\/produs\/lumanare-din-ceara-de-soia-cu-flori-naturale-si-mini-planta-suculenta\/","title":{"rendered":"Lum\u00e2nare din cear\u0103 de soia cu flori naturale \u0219i mini plant\u0103 suculent\u0103"},"content":{"rendered":"<p>Cutie din lemn realizat\u0103 manual, ce con\u021bine o lum\u00e2nare din cear\u0103 de soia 100% natural\u0103, cu parfum de flori de prim\u0103var\u0103, pres\u0103rat\u0103 cu flori naturale uscate prin presare \u0219i o mini plant\u0103 suculent\u0103.<br \/>\nLum\u00e2nare parfumat\u0103 din cear\u0103 de soia, 100% natural\u0103, turnat\u0103 manual. Ceara de soia nu este cancerigen\u0103 \u015fi nu eman\u0103 compu\u015fi toxici la ardere. Este un produs ecologic. Fitilul din fibre de in \u0219i bumbac este conceput special pentru ceara vegetal\u0103.<br \/>\nGreutate net\u0103 lum\u00e2nare: 160 g.<br \/>\nDimensiune lum\u00e2nare: 8cm \u00een\u0103l\u021bime x 9cm diametru.<br \/>\nDimensiune cutie: 15cm lungime x 15cm l\u0103\u021bime.<br \/>\nCutia este realizat\u0103 cu toarte din sfoar\u0103, pentru a fi oferit\u0103 fix cum se afl\u0103 \u00een poza de prezentare, f\u0103r\u0103 extra ambalaj.<\/p>\n<p>Planta suculent\u0103 poate varia at\u00e2t ca model c\u00e2t \u0219i ca \u00een\u0103l\u021bime. Toate aceste detalii vor putea fi stabilite dup\u0103 plasarea unei comenzi.<\/p>\n<p><strong>Cump\u0103rarea unui produs presupune c\u0103 a\u021bi citit \u0219i sunte\u021bi de acord cu termenii \u0219i condi\u021biile prezentate pe acest site.<\/strong><\/p>\n","protected":false},"excerpt":{"rendered":"<p>TVA inclus<br \/>\nLivrare \u00een 1-2 zile.<br \/>\nLivr\u0103m \u00een toat\u0103 \u021bara.<br \/>\nPentru comenzi mai mari de 300 lei, livrarea este gratuit\u0103 \u00een Bucure\u0219ti.<br \/>\nLivr\u0103m personal la adresa stabilit\u0103.<br \/>\nConfirmare de livrare prin SMS.<br \/>\nFelicitare cadou.<br \/>\nFabricat \u00een Rom\u00e2nia.<\/p>\n","protected":false},"featured_media":5055,"template":"","meta":[],"product_brand":[],"product_cat":[209,169,61,35,36,47],"product_tag":[],"class_list":{"0":"post-271","1":"product","2":"type-product","3":"status-publish","4":"has-post-thumbnail","6":"product_cat-buchete-cu-flori-carti-si-lumanari","7":"product_cat-aranjamente-florale","8":"product_cat-pachete-aniversare","9":"product_cat-1-si-8-martie-sarbatori","10":"product_cat-paste-sarbatori","11":"product_cat-lumanari-din-ceara-de-soia","13":"first","14":"instock","15":"shipping-taxable","16":"purchasable","17":"product-type-simple"},"_links":{"self":[{"href":"https:\/\/www.flowersofsoul.com\/m\/wp-json\/wp\/v2\/product\/271","targetHints":{"allow":["GET"]}}],"collection":[{"href":"https:\/\/www.flowersofsoul.com\/m\/wp-json\/wp\/v2\/product"}],"about":[{"href":"https:\/\/www.flowersofsoul.com\/m\/wp-json\/wp\/v2\/types\/product"}],"wp:featuredmedia":[{"embeddable":true,"href":"https:\/\/www.flowersofsoul.com\/m\/wp-json\/wp\/v2\/media\/5055"}],"wp:attachment":[{"href":"https:\/\/www.flowersofsoul.com\/m\/wp-json\/wp\/v2\/media?parent=271"}],"wp:term":[{"taxonomy":"product_brand","embeddable":true,"href":"https:\/\/www.flowersofsoul.com\/m\/wp-json\/wp\/v2\/product_brand?post=271"},{"taxonomy":"product_cat","embeddable":true,"href":"https:\/\/www.flowersofsoul.com\/m\/wp-json\/wp\/v2\/product_cat?post=271"},{"taxonomy":"product_tag","embeddable":true,"href":"https:\/\/www.flowersofsoul.com\/m\/wp-json\/wp\/v2\/product_tag?post=271"}],"curies":[{"name":"wp","href":"https:\/\/api.w.org\/{rel}","templated":true}]}}